{"id":428645,"date":"2018-10-03T05:50:00","date_gmt":"2018-10-03T03:50:00","guid":{"rendered":"https:\/\/www.speedcube.nl\/unkategorisiert\/yoyofactory-schleifenreaktionsoel\/"},"modified":"2026-04-05T05:01:40","modified_gmt":"2026-04-05T03:01:40","slug":"yoyofactory-schleifenreaktionsoel","status":"publish","type":"product","link":"https:\/\/www.speedcube.nl\/de\/aanbieding-de\/yoyofactory-schleifenreaktionsoel\/","title":{"rendered":"YoYoFactory Schleifenreaktions\u00f6l"},"content":{"rendered":"<p>Wenn Sie ein starkes Ansprechen und ein fl\u00fcssiges Spiel w\u00fcnschen, ist dies das richtige \u00d6l f\u00fcr Sie. Ein Tropfen dieses \u00d6ls gen\u00fcgt, um Ihre W\u00e4lzlager wieder zum Leben zu erwecken. Bei wiederholter \u00dcbung werden Sie feststellen, dass Ihre Reaktionsf\u00e4higkeit deutlich abnimmt. Wenn das passiert, m\u00fcssen Sie m\u00f6glicherweise nachschmieren. Ein einziger Tropfen reicht aus, damit alles wieder normal funktioniert.<\/p>\n","protected":false},"excerpt":{"rendered":"<p>YOYOFACTORY<\/p>\n","protected":false},"featured_media":372199,"template":"","meta":{"_improvement_type_select":"improve_an_existing","_thumb_yes_seoaic":false,"_frame_yes_seoaic":false,"seoaic_generate_description":"","seoaic_improve_instructions_prompt":"","seoaic_rollback_content_improvement":"","seoaic_idea_thumbnail_generator":"","thumbnail_generated":false,"thumbnail_generate_prompt":"","seoaic_article_description":"","product-afmeting-lengte-mm":"","product-afmeting-breedte-mm":"","product-afmeting-hoogte-mm":""},"product_brand":[],"product_cat":[1238,1462,2558],"product_tag":[],"class_list":{"0":"post-428645","1":"product","2":"type-product","3":"status-publish","4":"has-post-thumbnail","6":"product_cat-yo-yos","7":"product_cat-yoyofactory-de","8":"product_cat-aanbieding-de","9":"pa_merken-yoyofactory-de","11":"first","12":"instock","13":"sale","14":"taxable","15":"shipping-taxable","16":"purchasable","17":"product-type-simple"},"df_price":4.49,"df_sale_price":4.49,"df_regular_price":5.99,"df_image_link":"https:\/\/www.speedcube.nl\/wp-content\/uploads\/2023\/06\/Productvisuals_yoyo-YoYoFactory-Loop-Response-Olie-285x300.jpg","_links":{"self":[{"href":"https:\/\/www.speedcube.nl\/de\/wp-json\/wp\/v2\/product\/428645","targetHints":{"allow":["GET"]}}],"collection":[{"href":"https:\/\/www.speedcube.nl\/de\/wp-json\/wp\/v2\/product"}],"about":[{"href":"https:\/\/www.speedcube.nl\/de\/wp-json\/wp\/v2\/types\/product"}],"version-history":[{"count":0,"href":"https:\/\/www.speedcube.nl\/de\/wp-json\/wp\/v2\/product\/428645\/revisions"}],"wp:featuredmedia":[{"embeddable":true,"href":"https:\/\/www.speedcube.nl\/de\/wp-json\/wp\/v2\/media\/372199"}],"wp:attachment":[{"href":"https:\/\/www.speedcube.nl\/de\/wp-json\/wp\/v2\/media?parent=428645"}],"wp:term":[{"taxonomy":"product_brand","embeddable":true,"href":"https:\/\/www.speedcube.nl\/de\/wp-json\/wp\/v2\/product_brand?post=428645"},{"taxonomy":"product_cat","embeddable":true,"href":"https:\/\/www.speedcube.nl\/de\/wp-json\/wp\/v2\/product_cat?post=428645"},{"taxonomy":"product_tag","embeddable":true,"href":"https:\/\/www.speedcube.nl\/de\/wp-json\/wp\/v2\/product_tag?post=428645"}],"curies":[{"name":"wp","href":"https:\/\/api.w.org\/{rel}","templated":true}]}}