{"id":428628,"date":"2018-10-03T07:14:00","date_gmt":"2018-10-03T05:14:00","guid":{"rendered":"https:\/\/www.speedcube.nl\/unkategorisiert\/moyu-meilong-megaminx-pyraminx-skewb-square1-geschenkbox\/"},"modified":"2026-04-07T05:05:14","modified_gmt":"2026-04-07T03:05:14","slug":"moyu-meilong-megaminx-pyraminx-skewb-square1-geschenkbox","status":"publish","type":"product","link":"https:\/\/www.speedcube.nl\/de\/speedcube-de\/megaminx-de\/moyu-meilong-megaminx-pyraminx-skewb-square1-geschenkbox\/","title":{"rendered":"Moyu Meilong Megaminx, Pyraminx, Skewb, Square1 Geschenkbox"},"content":{"rendered":"<p>Die MoYu Classroom-Geschenkbox enth\u00e4lt ein komplettes Megaminx-, Pyraminx-, Skewb- und Square-1-Set, verpackt in einer sch\u00f6nen Schachtel mit Tragegriff. Das Bundle enth\u00e4lt die MFJS Megaminx, MFJS Pyraminx, MFJS Skewb, MFSQ1 zu einem reduzierten Preis. Ein gro\u00dfartiges Geschenkpaket sowohl f\u00fcr Anf\u00e4nger als auch f\u00fcr fortgeschrittene Speedcuber, die einen Einstieg suchen.<\/p>\n","protected":false},"excerpt":{"rendered":"<p>MOYU<\/p>\n","protected":false},"featured_media":370939,"template":"","meta":{"_improvement_type_select":"improve_an_existing","_thumb_yes_seoaic":false,"_frame_yes_seoaic":false,"seoaic_generate_description":"","seoaic_improve_instructions_prompt":"","seoaic_rollback_content_improvement":"","seoaic_idea_thumbnail_generator":"","thumbnail_generated":false,"thumbnail_generate_prompt":"","seoaic_article_description":"","product-afmeting-lengte-mm":"","product-afmeting-breedte-mm":"","product-afmeting-hoogte-mm":""},"product_brand":[],"product_cat":[1378,1332,1259,1339,1211],"product_tag":[],"class_list":{"0":"post-428628","1":"product","2":"type-product","3":"status-publish","4":"has-post-thumbnail","6":"product_cat-megaminx-de","7":"product_cat-moyu-de","8":"product_cat-pyraminx-de","9":"product_cat-skewb-de","10":"product_cat-speedcube-de","11":"pa_merken-moyu-de","13":"first","14":"outofstock","15":"taxable","16":"shipping-taxable","17":"purchasable","18":"product-type-simple"},"df_price":29.95,"df_sale_price":"","df_regular_price":29.95,"df_image_link":"https:\/\/www.speedcube.nl\/wp-content\/uploads\/2023\/06\/Productvisuals_Speedcubes-moyu-meilong-megaminx-pyraminx-skewb-square-kado-box-285x300.jpg","_links":{"self":[{"href":"https:\/\/www.speedcube.nl\/de\/wp-json\/wp\/v2\/product\/428628","targetHints":{"allow":["GET"]}}],"collection":[{"href":"https:\/\/www.speedcube.nl\/de\/wp-json\/wp\/v2\/product"}],"about":[{"href":"https:\/\/www.speedcube.nl\/de\/wp-json\/wp\/v2\/types\/product"}],"version-history":[{"count":0,"href":"https:\/\/www.speedcube.nl\/de\/wp-json\/wp\/v2\/product\/428628\/revisions"}],"wp:featuredmedia":[{"embeddable":true,"href":"https:\/\/www.speedcube.nl\/de\/wp-json\/wp\/v2\/media\/370939"}],"wp:attachment":[{"href":"https:\/\/www.speedcube.nl\/de\/wp-json\/wp\/v2\/media?parent=428628"}],"wp:term":[{"taxonomy":"product_brand","embeddable":true,"href":"https:\/\/www.speedcube.nl\/de\/wp-json\/wp\/v2\/product_brand?post=428628"},{"taxonomy":"product_cat","embeddable":true,"href":"https:\/\/www.speedcube.nl\/de\/wp-json\/wp\/v2\/product_cat?post=428628"},{"taxonomy":"product_tag","embeddable":true,"href":"https:\/\/www.speedcube.nl\/de\/wp-json\/wp\/v2\/product_tag?post=428628"}],"curies":[{"name":"wp","href":"https:\/\/api.w.org\/{rel}","templated":true}]}}