{"id":428625,"date":"2018-10-03T06:16:00","date_gmt":"2018-10-03T04:16:00","guid":{"rendered":"https:\/\/www.speedcube.nl\/unkategorisiert\/v-wuerfel-3-kopfkissen\/"},"modified":"2026-05-02T05:02:09","modified_gmt":"2026-05-02T03:02:09","slug":"v-wuerfel-3-kopfkissen","status":"publish","type":"product","link":"https:\/\/www.speedcube.nl\/de\/speedcube-de\/v-wurfel\/v-wuerfel-3-kopfkissen\/","title":{"rendered":"V-W\u00fcrfel 3 Kopfkissen"},"content":{"rendered":"<p>Der 3 ist die 3x3x3 Version der V-Cube Familie. Dieses Kissen in Form eines Kissens ist vom urspr\u00fcnglichen V-Cube 7 mit seinem revolution\u00e4ren Mechanismus und seinen Innenteilen abgeleitet. Dieses hat keine Aufkleber, die Farben sind auf jedes St\u00fcck gedruckt, was es sehr sch\u00f6n aussehen l\u00e4sst.<\/p>\n","protected":false},"excerpt":{"rendered":"<p>V-CUBE<\/p>\n","protected":false},"featured_media":370262,"template":"","meta":{"_improvement_type_select":"improve_an_existing","_thumb_yes_seoaic":false,"_frame_yes_seoaic":false,"seoaic_generate_description":"","seoaic_improve_instructions_prompt":"","seoaic_rollback_content_improvement":"","seoaic_idea_thumbnail_generator":"","thumbnail_generated":false,"thumbnail_generate_prompt":"","seoaic_article_description":"","product-afmeting-lengte-mm":"","product-afmeting-breedte-mm":"","product-afmeting-hoogte-mm":""},"product_brand":[],"product_cat":[2730,1211,2558],"product_tag":[],"class_list":{"0":"post-428625","1":"product","2":"type-product","3":"status-publish","4":"has-post-thumbnail","6":"product_cat-v-wurfel","7":"product_cat-speedcube-de","8":"product_cat-aanbieding-de","9":"pa_merken-v-cube-de","11":"first","12":"instock","13":"sale","14":"taxable","15":"shipping-taxable","16":"purchasable","17":"product-type-simple"},"df_price":11.96,"df_sale_price":11.96,"df_regular_price":15.95,"df_image_link":"https:\/\/www.speedcube.nl\/wp-content\/uploads\/2023\/06\/Productvisuals_Speedcubes-V-Cube-3-pillow-285x300.jpg","_links":{"self":[{"href":"https:\/\/www.speedcube.nl\/de\/wp-json\/wp\/v2\/product\/428625","targetHints":{"allow":["GET"]}}],"collection":[{"href":"https:\/\/www.speedcube.nl\/de\/wp-json\/wp\/v2\/product"}],"about":[{"href":"https:\/\/www.speedcube.nl\/de\/wp-json\/wp\/v2\/types\/product"}],"version-history":[{"count":0,"href":"https:\/\/www.speedcube.nl\/de\/wp-json\/wp\/v2\/product\/428625\/revisions"}],"wp:featuredmedia":[{"embeddable":true,"href":"https:\/\/www.speedcube.nl\/de\/wp-json\/wp\/v2\/media\/370262"}],"wp:attachment":[{"href":"https:\/\/www.speedcube.nl\/de\/wp-json\/wp\/v2\/media?parent=428625"}],"wp:term":[{"taxonomy":"product_brand","embeddable":true,"href":"https:\/\/www.speedcube.nl\/de\/wp-json\/wp\/v2\/product_brand?post=428625"},{"taxonomy":"product_cat","embeddable":true,"href":"https:\/\/www.speedcube.nl\/de\/wp-json\/wp\/v2\/product_cat?post=428625"},{"taxonomy":"product_tag","embeddable":true,"href":"https:\/\/www.speedcube.nl\/de\/wp-json\/wp\/v2\/product_tag?post=428625"}],"curies":[{"name":"wp","href":"https:\/\/api.w.org\/{rel}","templated":true}]}}