{"id":428620,"date":"2018-10-03T06:10:00","date_gmt":"2018-10-03T04:10:00","guid":{"rendered":"https:\/\/www.speedcube.nl\/unkategorisiert\/sengso-3x3x3-legende\/"},"modified":"2026-05-05T05:14:42","modified_gmt":"2026-05-05T03:14:42","slug":"sengso-3x3x3-legende","status":"publish","type":"product","link":"https:\/\/www.speedcube.nl\/de\/speedcube-de\/sengso-de\/sengso-3x3x3-legende\/","title":{"rendered":"Sengso 3x3x3 Legende"},"content":{"rendered":"<p>Der ShengShou 3x3x3 Legend ist ein lustiger Speed Cube f\u00fcr Einsteiger. Wenn Sie mit Speedcubing beginnen wollen und noch nicht sicher sind, ob es das Richtige f\u00fcr Sie ist. Dann ist dieser Speedcube aufgrund seines Preis-Leistungs-Verh\u00e4ltnisses sehr zu empfehlen. Auch dieser Speedcube ist mittels vier Stellschrauben einfach einstellbar.<\/p>\n","protected":false},"excerpt":{"rendered":"<p>SENGSO<\/p>\n","protected":false},"featured_media":370169,"template":"","meta":{"_improvement_type_select":"improve_an_existing","_thumb_yes_seoaic":false,"_frame_yes_seoaic":false,"seoaic_generate_description":"","seoaic_improve_instructions_prompt":"","seoaic_rollback_content_improvement":"","seoaic_idea_thumbnail_generator":"","thumbnail_generated":false,"thumbnail_generate_prompt":"","seoaic_article_description":"","product-afmeting-lengte-mm":"","product-afmeting-breedte-mm":"","product-afmeting-hoogte-mm":""},"product_brand":[],"product_cat":[1221,1778,1211],"product_tag":[],"class_list":{"0":"post-428620","1":"product","2":"type-product","3":"status-publish","4":"has-post-thumbnail","6":"product_cat-3x3-de","7":"product_cat-sengso-de","8":"product_cat-speedcube-de","9":"pa_merken-sengso-de","11":"first","12":"outofstock","13":"sale","14":"taxable","15":"shipping-taxable","16":"purchasable","17":"product-type-variable"},"df_price":3.18,"df_sale_price":"","df_regular_price":3.18,"df_image_link":"https:\/\/www.speedcube.nl\/wp-content\/uploads\/2023\/06\/Productvisuals_Speedcubes-sengso-3x3x3-legend-2-2-285x300.jpg","_links":{"self":[{"href":"https:\/\/www.speedcube.nl\/de\/wp-json\/wp\/v2\/product\/428620","targetHints":{"allow":["GET"]}}],"collection":[{"href":"https:\/\/www.speedcube.nl\/de\/wp-json\/wp\/v2\/product"}],"about":[{"href":"https:\/\/www.speedcube.nl\/de\/wp-json\/wp\/v2\/types\/product"}],"version-history":[{"count":0,"href":"https:\/\/www.speedcube.nl\/de\/wp-json\/wp\/v2\/product\/428620\/revisions"}],"wp:featuredmedia":[{"embeddable":true,"href":"https:\/\/www.speedcube.nl\/de\/wp-json\/wp\/v2\/media\/370169"}],"wp:attachment":[{"href":"https:\/\/www.speedcube.nl\/de\/wp-json\/wp\/v2\/media?parent=428620"}],"wp:term":[{"taxonomy":"product_brand","embeddable":true,"href":"https:\/\/www.speedcube.nl\/de\/wp-json\/wp\/v2\/product_brand?post=428620"},{"taxonomy":"product_cat","embeddable":true,"href":"https:\/\/www.speedcube.nl\/de\/wp-json\/wp\/v2\/product_cat?post=428620"},{"taxonomy":"product_tag","embeddable":true,"href":"https:\/\/www.speedcube.nl\/de\/wp-json\/wp\/v2\/product_tag?post=428620"}],"curies":[{"name":"wp","href":"https:\/\/api.w.org\/{rel}","templated":true}]}}