{"id":428578,"date":"2018-10-03T07:15:00","date_gmt":"2018-10-03T05:15:00","guid":{"rendered":"https:\/\/www.speedcube.nl\/unkategorisiert\/qiyi-geschenkverpackung-pyraminx-skewb-megaminx-mastermorphix\/"},"modified":"2026-05-13T05:14:05","modified_gmt":"2026-05-13T03:14:05","slug":"qiyi-geschenkverpackung-pyraminx-skewb-megaminx-mastermorphix","status":"publish","type":"product","link":"https:\/\/www.speedcube.nl\/de\/speedcube-de\/megaminx-de\/qiyi-geschenkverpackung-pyraminx-skewb-megaminx-mastermorphix\/","title":{"rendered":"Qiyi Geschenkverpackung Pyraminx, Skewb, Megaminx &amp; Mastermorphix"},"content":{"rendered":"<p>Endlich ist es da, ein Paket der Marke QiYi. Dieses Bundle enth\u00e4lt die folgenden Speedcubes: Qiming Pyraminx, Qicheng Skewb, Qiheng S Megaminx und den Mastermorhix. Wie jedes andere Paket hat es den Vorteil, dass es zu einem erm\u00e4\u00dfigten Preis angeboten wird. Dieses B\u00fcndel ist in schwarz und ohne Aufkleber erh\u00e4ltlich.<\/p>\n","protected":false},"excerpt":{"rendered":"<p>QIYI<\/p>\n","protected":false},"featured_media":371017,"template":"","meta":{"_improvement_type_select":"improve_an_existing","_thumb_yes_seoaic":false,"_frame_yes_seoaic":false,"seoaic_generate_description":"","seoaic_improve_instructions_prompt":"","seoaic_rollback_content_improvement":"","seoaic_idea_thumbnail_generator":"","thumbnail_generated":false,"thumbnail_generate_prompt":"","seoaic_article_description":"","product-afmeting-lengte-mm":"","product-afmeting-breedte-mm":"","product-afmeting-hoogte-mm":""},"product_brand":[],"product_cat":[1378,1259,1235,1339,1211],"product_tag":[],"class_list":{"0":"post-428578","1":"product","2":"type-product","3":"status-publish","4":"has-post-thumbnail","6":"product_cat-megaminx-de","7":"product_cat-pyraminx-de","8":"product_cat-qiyi-de","9":"product_cat-skewb-de","10":"product_cat-speedcube-de","11":"pa_merken-qiyi-de","13":"first","14":"instock","15":"taxable","16":"shipping-taxable","17":"purchasable","18":"product-type-variable"},"df_price":34.95,"df_sale_price":"","df_regular_price":34.95,"df_image_link":"https:\/\/www.speedcube.nl\/wp-content\/uploads\/2023\/06\/Productvisuals_Speedcubes-qiyi-kado-verpakking-4-1-285x300.jpg","_links":{"self":[{"href":"https:\/\/www.speedcube.nl\/de\/wp-json\/wp\/v2\/product\/428578","targetHints":{"allow":["GET"]}}],"collection":[{"href":"https:\/\/www.speedcube.nl\/de\/wp-json\/wp\/v2\/product"}],"about":[{"href":"https:\/\/www.speedcube.nl\/de\/wp-json\/wp\/v2\/types\/product"}],"version-history":[{"count":0,"href":"https:\/\/www.speedcube.nl\/de\/wp-json\/wp\/v2\/product\/428578\/revisions"}],"wp:featuredmedia":[{"embeddable":true,"href":"https:\/\/www.speedcube.nl\/de\/wp-json\/wp\/v2\/media\/371017"}],"wp:attachment":[{"href":"https:\/\/www.speedcube.nl\/de\/wp-json\/wp\/v2\/media?parent=428578"}],"wp:term":[{"taxonomy":"product_brand","embeddable":true,"href":"https:\/\/www.speedcube.nl\/de\/wp-json\/wp\/v2\/product_brand?post=428578"},{"taxonomy":"product_cat","embeddable":true,"href":"https:\/\/www.speedcube.nl\/de\/wp-json\/wp\/v2\/product_cat?post=428578"},{"taxonomy":"product_tag","embeddable":true,"href":"https:\/\/www.speedcube.nl\/de\/wp-json\/wp\/v2\/product_tag?post=428578"}],"curies":[{"name":"wp","href":"https:\/\/api.w.org\/{rel}","templated":true}]}}