{"id":428552,"date":"2018-10-03T07:00:00","date_gmt":"2018-10-03T05:00:00","guid":{"rendered":"https:\/\/www.speedcube.nl\/unkategorisiert\/zyklon-jungen-megaminx-regenbogen\/"},"modified":"2026-05-02T05:02:13","modified_gmt":"2026-05-02T03:02:13","slug":"zyklon-jungen-megaminx-regenbogen","status":"publish","type":"product","link":"https:\/\/www.speedcube.nl\/de\/speedcube-de\/zyklon-jungen\/zyklon-jungen-megaminx-regenbogen\/","title":{"rendered":"Zyklon Jungen Megaminx Regenbogen"},"content":{"rendered":"<p>Der Cyclone Boys Megaminx Rainbow ist der erste Megaminx, den die Marke herausbringt. Die Form des Cyclone Boys Megaminx l\u00e4sst den W\u00fcrfel sofort sp\u00fcren. Dieser W\u00fcrfel f\u00fchlt sich super bequem an und ist sehr empfehlenswert f\u00fcr jeden, der einen m\u00f6chte.<\/p>\n","protected":false},"excerpt":{"rendered":"<p>CYCLONE BOYS<\/p>\n","protected":false},"featured_media":370602,"template":"","meta":{"_improvement_type_select":"improve_an_existing","_thumb_yes_seoaic":false,"_frame_yes_seoaic":false,"seoaic_generate_description":"","seoaic_improve_instructions_prompt":"","seoaic_rollback_content_improvement":"","seoaic_idea_thumbnail_generator":"","thumbnail_generated":false,"thumbnail_generate_prompt":"","seoaic_article_description":"","product-afmeting-lengte-mm":"","product-afmeting-breedte-mm":"","product-afmeting-hoogte-mm":""},"product_brand":[],"product_cat":[1378,1211,1863],"product_tag":[],"class_list":{"0":"post-428552","1":"product","2":"type-product","3":"status-publish","4":"has-post-thumbnail","6":"product_cat-megaminx-de","7":"product_cat-speedcube-de","8":"product_cat-zyklon-jungen","9":"pa_merken-cyclone-boy-de","11":"first","12":"instock","13":"taxable","14":"shipping-taxable","15":"purchasable","16":"product-type-simple"},"df_price":17.95,"df_sale_price":"","df_regular_price":17.95,"df_image_link":"https:\/\/www.speedcube.nl\/wp-content\/uploads\/2023\/06\/Productvisuals_Speedcubes-Cyclone-Boys-megaminx-rainbow-285x300.jpg","_links":{"self":[{"href":"https:\/\/www.speedcube.nl\/de\/wp-json\/wp\/v2\/product\/428552","targetHints":{"allow":["GET"]}}],"collection":[{"href":"https:\/\/www.speedcube.nl\/de\/wp-json\/wp\/v2\/product"}],"about":[{"href":"https:\/\/www.speedcube.nl\/de\/wp-json\/wp\/v2\/types\/product"}],"version-history":[{"count":0,"href":"https:\/\/www.speedcube.nl\/de\/wp-json\/wp\/v2\/product\/428552\/revisions"}],"wp:featuredmedia":[{"embeddable":true,"href":"https:\/\/www.speedcube.nl\/de\/wp-json\/wp\/v2\/media\/370602"}],"wp:attachment":[{"href":"https:\/\/www.speedcube.nl\/de\/wp-json\/wp\/v2\/media?parent=428552"}],"wp:term":[{"taxonomy":"product_brand","embeddable":true,"href":"https:\/\/www.speedcube.nl\/de\/wp-json\/wp\/v2\/product_brand?post=428552"},{"taxonomy":"product_cat","embeddable":true,"href":"https:\/\/www.speedcube.nl\/de\/wp-json\/wp\/v2\/product_cat?post=428552"},{"taxonomy":"product_tag","embeddable":true,"href":"https:\/\/www.speedcube.nl\/de\/wp-json\/wp\/v2\/product_tag?post=428552"}],"curies":[{"name":"wp","href":"https:\/\/api.w.org\/{rel}","templated":true}]}}