{"id":428549,"date":"2018-10-03T07:17:00","date_gmt":"2018-10-03T05:17:00","guid":{"rendered":"https:\/\/www.speedcube.nl\/unkategorisiert\/gusspuzzle-schach-ritter\/"},"modified":"2026-05-02T05:02:23","modified_gmt":"2026-05-02T03:02:23","slug":"gusspuzzle-schach-ritter","status":"publish","type":"product","link":"https:\/\/www.speedcube.nl\/de\/knobelaufgaben\/gusspuzzle\/gusspuzzle-schach-ritter\/","title":{"rendered":"Gusspuzzle Schach-Ritter"},"content":{"rendered":"<p>Worin besteht die Herausforderung? Finde die versteckte M\u00fcnze! In jeder Schachfigur ist eine Gl\u00fccksm\u00fcnze versteckt, und es liegt an Ihnen, das Gl\u00fcck herauszufordern. Ein einzigartiges geheimes System, das f\u00fcr jede Schachfigur anders ist, muss entdeckt werden. Wie kann man die Schachfigur \u00f6ffnen und die versteckte M\u00fcnze freilegen?<\/p>\n<p>Schwierigkeitsgrad: 3 Sterne<br \/>\nAbmessungen: 76 mm<br \/>\nGr\u00f6\u00dfe der Schachtel: 140 x 50 x 175 mm<br \/>\nWerkstoff: Metall<\/p>\n","protected":false},"excerpt":{"rendered":"<p>GUSS-PUZZEL<\/p>\n","protected":false},"featured_media":371079,"template":"","meta":{"_improvement_type_select":"improve_an_existing","_thumb_yes_seoaic":false,"_frame_yes_seoaic":false,"seoaic_generate_description":"","seoaic_improve_instructions_prompt":"","seoaic_rollback_content_improvement":"","seoaic_idea_thumbnail_generator":"","thumbnail_generated":false,"thumbnail_generate_prompt":"","seoaic_article_description":"","product-afmeting-lengte-mm":"","product-afmeting-breedte-mm":"","product-afmeting-hoogte-mm":""},"product_brand":[],"product_cat":[1511,2807,1227,1244,1233,1237,1488],"product_tag":[],"class_list":{"0":"post-428549","1":"product","2":"type-product","3":"status-publish","4":"has-post-thumbnail","6":"product_cat-3-sterne-normal","7":"product_cat-gusspuzzle","8":"product_cat-knobelaufgaben","9":"product_cat-knobelaufgaben-de","10":"product_cat-knobelaufgaben-fur-erwachsene","11":"product_cat-knobelaufgaben-fur-kinder","12":"product_cat-metall","13":"pa_merken-guss-puzzel","15":"first","16":"instock","17":"taxable","18":"shipping-taxable","19":"purchasable","20":"product-type-simple"},"df_price":27.5,"df_sale_price":"","df_regular_price":27.5,"df_image_link":"https:\/\/www.speedcube.nl\/wp-content\/uploads\/2023\/06\/Productvisuals_Breinbrekers-Cast-Puzzle-Chess-Knight-Zilver-285x300.jpg","_links":{"self":[{"href":"https:\/\/www.speedcube.nl\/de\/wp-json\/wp\/v2\/product\/428549","targetHints":{"allow":["GET"]}}],"collection":[{"href":"https:\/\/www.speedcube.nl\/de\/wp-json\/wp\/v2\/product"}],"about":[{"href":"https:\/\/www.speedcube.nl\/de\/wp-json\/wp\/v2\/types\/product"}],"version-history":[{"count":0,"href":"https:\/\/www.speedcube.nl\/de\/wp-json\/wp\/v2\/product\/428549\/revisions"}],"wp:featuredmedia":[{"embeddable":true,"href":"https:\/\/www.speedcube.nl\/de\/wp-json\/wp\/v2\/media\/371079"}],"wp:attachment":[{"href":"https:\/\/www.speedcube.nl\/de\/wp-json\/wp\/v2\/media?parent=428549"}],"wp:term":[{"taxonomy":"product_brand","embeddable":true,"href":"https:\/\/www.speedcube.nl\/de\/wp-json\/wp\/v2\/product_brand?post=428549"},{"taxonomy":"product_cat","embeddable":true,"href":"https:\/\/www.speedcube.nl\/de\/wp-json\/wp\/v2\/product_cat?post=428549"},{"taxonomy":"product_tag","embeddable":true,"href":"https:\/\/www.speedcube.nl\/de\/wp-json\/wp\/v2\/product_tag?post=428549"}],"curies":[{"name":"wp","href":"https:\/\/api.w.org\/{rel}","templated":true}]}}