{"id":428530,"date":"2018-10-03T07:31:00","date_gmt":"2018-10-03T05:31:00","guid":{"rendered":"https:\/\/www.speedcube.nl\/unkategorisiert\/magicyoyo-k1-spin\/"},"modified":"2026-04-16T05:30:05","modified_gmt":"2026-04-16T03:30:05","slug":"magicyoyo-k1-spin","status":"publish","type":"product","link":"https:\/\/www.speedcube.nl\/de\/yo-yos\/magicyoyo-de\/magicyoyo-k1-spin\/","title":{"rendered":"MagicYoYo K1 Spin"},"content":{"rendered":"<p>Das Magic K1 Yo-Yo ist perfekt f\u00fcr Leute, die ein erschwingliches und schnelles Yo-Yo suchen. Das K1 Spin Yoyo von MagicYoYo ist kompakt und hat einen Kunststoffk\u00f6rper, f\u00fchlt sich aber \u00fcberraschend schwer an. Dieses Magic K1 Yo-Yo ist die perfekte Wahl, um Ihr Yo-Yo-Niveau auf die n\u00e4chste Stufe zu heben.<\/p>\n<p>Lager: 8-Kugeln konkav<br \/>\nGewicht: 66 Gramm<br \/>\nDurchmesser: 51,03 mm<br \/>\nBreite 41,01 mm<br \/>\n(Un)ansprechbar: unresonant<\/p>\n","protected":false},"excerpt":{"rendered":"<p>MAGICYOYO<\/p>\n","protected":false},"featured_media":371319,"template":"","meta":{"_improvement_type_select":"improve_an_existing","_thumb_yes_seoaic":false,"_frame_yes_seoaic":false,"seoaic_generate_description":"","seoaic_improve_instructions_prompt":"","seoaic_rollback_content_improvement":"","seoaic_idea_thumbnail_generator":"","thumbnail_generated":false,"thumbnail_generate_prompt":"","seoaic_article_description":"","product-afmeting-lengte-mm":"","product-afmeting-breedte-mm":"","product-afmeting-hoogte-mm":""},"product_brand":[],"product_cat":[1418,1705,1255,1238],"product_tag":[],"class_list":{"0":"post-428530","1":"product","2":"type-product","3":"status-publish","4":"has-post-thumbnail","6":"product_cat-kunststoff","7":"product_cat-magicyoyo-de","8":"product_cat-nicht-ansprechbar","9":"product_cat-yo-yos","10":"pa_merken-magicyoyo-de","12":"first","13":"instock","14":"sale","15":"taxable","16":"shipping-taxable","17":"purchasable","18":"product-type-variable"},"df_price":5,"df_sale_price":"","df_regular_price":5,"df_image_link":"https:\/\/www.speedcube.nl\/wp-content\/uploads\/2023\/06\/Productvisuals_yoyo-MagicYoYo-K1-Spin-6-1-285x300.jpg","_links":{"self":[{"href":"https:\/\/www.speedcube.nl\/de\/wp-json\/wp\/v2\/product\/428530","targetHints":{"allow":["GET"]}}],"collection":[{"href":"https:\/\/www.speedcube.nl\/de\/wp-json\/wp\/v2\/product"}],"about":[{"href":"https:\/\/www.speedcube.nl\/de\/wp-json\/wp\/v2\/types\/product"}],"version-history":[{"count":0,"href":"https:\/\/www.speedcube.nl\/de\/wp-json\/wp\/v2\/product\/428530\/revisions"}],"wp:featuredmedia":[{"embeddable":true,"href":"https:\/\/www.speedcube.nl\/de\/wp-json\/wp\/v2\/media\/371319"}],"wp:attachment":[{"href":"https:\/\/www.speedcube.nl\/de\/wp-json\/wp\/v2\/media?parent=428530"}],"wp:term":[{"taxonomy":"product_brand","embeddable":true,"href":"https:\/\/www.speedcube.nl\/de\/wp-json\/wp\/v2\/product_brand?post=428530"},{"taxonomy":"product_cat","embeddable":true,"href":"https:\/\/www.speedcube.nl\/de\/wp-json\/wp\/v2\/product_cat?post=428530"},{"taxonomy":"product_tag","embeddable":true,"href":"https:\/\/www.speedcube.nl\/de\/wp-json\/wp\/v2\/product_tag?post=428530"}],"curies":[{"name":"wp","href":"https:\/\/api.w.org\/{rel}","templated":true}]}}