{"id":428516,"date":"2018-10-03T07:39:00","date_gmt":"2018-10-03T05:39:00","guid":{"rendered":"https:\/\/www.speedcube.nl\/unkategorisiert\/moyu-15x15\/"},"modified":"2026-04-08T05:04:34","modified_gmt":"2026-04-08T03:04:34","slug":"moyu-15x15","status":"publish","type":"product","link":"https:\/\/www.speedcube.nl\/de\/speedcube-de\/15x15-de\/moyu-15x15\/","title":{"rendered":"Moyu 15&#215;15"},"content":{"rendered":"<p>Der Moyu 15&#215;15 Speed Cube ist der gr\u00f6\u00dfte gro\u00dfe W\u00fcrfel der Marke MoYu! Dieser 15&#215;15 Speed Cube ist der Nachfolger seines Vorg\u00e4ngers MoYu 13&#215;13. Auch an diesem Kraftpaket wurden wieder zahlreiche Verbesserungen vorgenommen. Der MoYu 15&#215;15 speedcube hat eine kompakte Gr\u00f6\u00dfe und eine noch bessere Man\u00f6vrierbarkeit als sein Vorg\u00e4nger. Der Speedcube wird in einer Tragetasche mit einigen Ersatzteilen geliefert.<\/p>\n<p><strong>Sind Sie neu im Cubing oder ein Anf\u00e4nger?<\/strong><\/p>\n<p><strong>Pops und Expolsians sind nicht von der Garantie abgedeckt.<\/strong><\/p>\n<p><strong>Seien Sie also vorsichtig, wenn Sie die ersten Kurven fahren.<\/strong><\/p>\n<p><strong>Passen Sie den W\u00fcrfel bei Bedarf fester an.<\/strong><\/p>\n<p><strong>R\u00fccksendungen werden nur f\u00fcr vollst\u00e4ndig montierte W\u00fcrfel akzeptiert.<\/strong><\/p>\n<p><strong>Es gibt 2 Arten von &#8218;Pops&#8216; beim W\u00fcrfeln:<\/strong><\/p>\n<p><strong>-Pops &#8211; Ein einzelnes St\u00fcck (oder mehrere St\u00fccke) f\u00e4llt aus dem W\u00fcrfel.<\/strong><\/p>\n<p><strong>-Explosionen &#8211; der ganze W\u00fcrfel f\u00e4llt auseinander und Sie haben nur noch einen Haufen Scherben.<\/strong><\/p>\n<p><strong>Hinweis: Dies kann bei einem brandneuen W\u00fcrfel bei Ihrer ersten L\u00f6sung passieren. Es ist immer eine gute Idee, einige langsame Drehungen zu machen und die Spannung des W\u00fcrfels zu \u00fcberpr\u00fcfen. <\/strong><\/p>\n<p><strong>In jedem Fall sind Sie vielleicht ein wenig irritiert und verwirrt, wie Sie es wieder zusammensetzen sollen.<\/strong><\/p>\n<p><strong>Wenn Ihr W\u00fcrfel explodiert ist und Sie mit einem Haufen von Teilen zur\u00fcckbleiben oder wenn Ihr W\u00fcrfel geplatzt ist und ein einzelnes Teil oder ein paar Teile herausgekommen sind, lassen Sie es uns wissen und wir k\u00f6nnen Ihnen ein Anleitungsvideo schicken.<\/strong><\/p>\n<p><strong>Hinweis: Sollte ein St\u00fcck brechen, ersetzen wir das St\u00fcck und nicht den ganzen W\u00fcrfel.<\/strong><\/p>\n","protected":false},"excerpt":{"rendered":"<p>MOYU<\/p>\n","protected":false},"featured_media":412200,"template":"","meta":{"_improvement_type_select":"improve_an_existing","_thumb_yes_seoaic":false,"_frame_yes_seoaic":false,"seoaic_generate_description":"","seoaic_improve_instructions_prompt":"","seoaic_rollback_content_improvement":"","seoaic_idea_thumbnail_generator":"","thumbnail_generated":false,"thumbnail_generate_prompt":"","seoaic_article_description":"","product-afmeting-lengte-mm":"","product-afmeting-breedte-mm":"","product-afmeting-hoogte-mm":""},"product_brand":[],"product_cat":[2955,1332,1211],"product_tag":[],"class_list":{"0":"post-428516","1":"product","2":"type-product","3":"status-publish","4":"has-post-thumbnail","6":"product_cat-15x15-de","7":"product_cat-moyu-de","8":"product_cat-speedcube-de","9":"pa_merken-moyu-de","11":"first","12":"instock","13":"taxable","14":"shipping-taxable","15":"purchasable","16":"product-type-variable"},"df_price":249.95,"df_sale_price":"","df_regular_price":249.95,"df_image_link":"https:\/\/www.speedcube.nl\/wp-content\/uploads\/2023\/06\/Productvisuals_Speedcubes-moyu-15x15-9-3-285x300.jpg","_links":{"self":[{"href":"https:\/\/www.speedcube.nl\/de\/wp-json\/wp\/v2\/product\/428516","targetHints":{"allow":["GET"]}}],"collection":[{"href":"https:\/\/www.speedcube.nl\/de\/wp-json\/wp\/v2\/product"}],"about":[{"href":"https:\/\/www.speedcube.nl\/de\/wp-json\/wp\/v2\/types\/product"}],"version-history":[{"count":1,"href":"https:\/\/www.speedcube.nl\/de\/wp-json\/wp\/v2\/product\/428516\/revisions"}],"predecessor-version":[{"id":520731,"href":"https:\/\/www.speedcube.nl\/de\/wp-json\/wp\/v2\/product\/428516\/revisions\/520731"}],"wp:featuredmedia":[{"embeddable":true,"href":"https:\/\/www.speedcube.nl\/de\/wp-json\/wp\/v2\/media\/412200"}],"wp:attachment":[{"href":"https:\/\/www.speedcube.nl\/de\/wp-json\/wp\/v2\/media?parent=428516"}],"wp:term":[{"taxonomy":"product_brand","embeddable":true,"href":"https:\/\/www.speedcube.nl\/de\/wp-json\/wp\/v2\/product_brand?post=428516"},{"taxonomy":"product_cat","embeddable":true,"href":"https:\/\/www.speedcube.nl\/de\/wp-json\/wp\/v2\/product_cat?post=428516"},{"taxonomy":"product_tag","embeddable":true,"href":"https:\/\/www.speedcube.nl\/de\/wp-json\/wp\/v2\/product_tag?post=428516"}],"curies":[{"name":"wp","href":"https:\/\/api.w.org\/{rel}","templated":true}]}}