{"id":428426,"date":"2018-10-03T07:44:00","date_gmt":"2018-10-03T05:44:00","guid":{"rendered":"https:\/\/www.speedcube.nl\/unkategorisiert\/yoyofactory-one\/"},"modified":"2026-05-02T05:04:47","modified_gmt":"2026-05-02T03:04:47","slug":"yoyofactory-one","status":"publish","type":"product","link":"https:\/\/www.speedcube.nl\/de\/yo-yos\/yoyofactory-de\/yoyofactory-one\/","title":{"rendered":"YoYoFactory One"},"content":{"rendered":"<p>Das Ziel von YoYoFactoy ist es, ein einfaches, leicht verst\u00e4ndliches und solides Yo-Yo herauszubringen und dies zu einem sehr g\u00fcnstigen Preis anzubieten. Das ONE Yoyo bietet eine bequeme Schmetterlingsform, eine Vielzahl von Farben zur Auswahl, Silikonreaktion und austauschbare Kappen. Das Beste an diesem Yo-Yo ist, dass es mit zwei verschiedenen Lagern geliefert wird. Die halbe Spekulation d\u00fcnn ist ideal f\u00fcr das Erlernen der Grundlagen der mit diesem werden Sie schnell den Dreh raus haben. Ersetzen Sie das halbe Spec-D\u00fcnnlager durch das andere verbesserte SPEC-Lager, und das Yoyo One wird zum Profi, der schwere Tricks beherrscht.<\/p>\n<p>Lager: halbe SPEC, kompatibel mit Gr\u00f6\u00dfe C<br \/>\nGewicht: 56,5 Gramm<br \/>\nDurchmesser: 53 mm<br \/>\nBreite: 40 mm<br \/>\n(un)ansprechbar<\/p>\n","protected":false},"excerpt":{"rendered":"<p>YOYOFACTORY<\/p>\n","protected":false},"featured_media":371965,"template":"","meta":{"_improvement_type_select":"improve_an_existing","_thumb_yes_seoaic":false,"_frame_yes_seoaic":false,"seoaic_generate_description":"","seoaic_improve_instructions_prompt":"","seoaic_rollback_content_improvement":"","seoaic_idea_thumbnail_generator":"","thumbnail_generated":false,"thumbnail_generate_prompt":"","seoaic_article_description":"","product-afmeting-lengte-mm":"","product-afmeting-breedte-mm":"","product-afmeting-hoogte-mm":""},"product_brand":[],"product_cat":[1419,1418,1238,1462],"product_tag":[],"class_list":{"0":"post-428426","1":"product","2":"type-product","3":"status-publish","4":"has-post-thumbnail","6":"product_cat-ansprechbar","7":"product_cat-kunststoff","8":"product_cat-yo-yos","9":"product_cat-yoyofactory-de","10":"pa_merken-yoyofactory-de","12":"first","13":"instock","14":"sale","15":"taxable","16":"shipping-taxable","17":"purchasable","18":"product-type-variable"},"df_price":6,"df_sale_price":"","df_regular_price":6,"df_image_link":"https:\/\/www.speedcube.nl\/wp-content\/uploads\/2023\/06\/Productvisuals_yoyo-YoYoFactory-One-285x300.jpg","_links":{"self":[{"href":"https:\/\/www.speedcube.nl\/de\/wp-json\/wp\/v2\/product\/428426","targetHints":{"allow":["GET"]}}],"collection":[{"href":"https:\/\/www.speedcube.nl\/de\/wp-json\/wp\/v2\/product"}],"about":[{"href":"https:\/\/www.speedcube.nl\/de\/wp-json\/wp\/v2\/types\/product"}],"version-history":[{"count":0,"href":"https:\/\/www.speedcube.nl\/de\/wp-json\/wp\/v2\/product\/428426\/revisions"}],"wp:featuredmedia":[{"embeddable":true,"href":"https:\/\/www.speedcube.nl\/de\/wp-json\/wp\/v2\/media\/371965"}],"wp:attachment":[{"href":"https:\/\/www.speedcube.nl\/de\/wp-json\/wp\/v2\/media?parent=428426"}],"wp:term":[{"taxonomy":"product_brand","embeddable":true,"href":"https:\/\/www.speedcube.nl\/de\/wp-json\/wp\/v2\/product_brand?post=428426"},{"taxonomy":"product_cat","embeddable":true,"href":"https:\/\/www.speedcube.nl\/de\/wp-json\/wp\/v2\/product_cat?post=428426"},{"taxonomy":"product_tag","embeddable":true,"href":"https:\/\/www.speedcube.nl\/de\/wp-json\/wp\/v2\/product_tag?post=428426"}],"curies":[{"name":"wp","href":"https:\/\/api.w.org\/{rel}","templated":true}]}}