{"id":428404,"date":"2018-10-03T07:40:00","date_gmt":"2018-10-03T05:40:00","guid":{"rendered":"https:\/\/www.speedcube.nl\/unkategorisiert\/sengso-megaminx-8x8\/"},"modified":"2026-04-22T05:03:10","modified_gmt":"2026-04-22T03:03:10","slug":"sengso-megaminx-8x8","status":"publish","type":"product","link":"https:\/\/www.speedcube.nl\/de\/speedcube-de\/8x8-de\/sengso-megaminx-8x8\/","title":{"rendered":"Sengso Megaminx 8&#215;8"},"content":{"rendered":"<p>Der ShengShou megaminx 8&#215;8 ist die zweitgr\u00f6\u00dfte Variante der megaminx speedcube Serie. Bei diesem 12-seitigen Speed Cube fehlen einige Hinweise in der Mitte, was die L\u00f6sung zus\u00e4tzlich erschwert. Der megaminx 8&#215;8 speed cube ist in einer sch\u00f6nen Tragetasche mit Griff verpackt. Wie wir es von der Marke gewohnt sind, kommt der W\u00fcrfel beklebt und gefettet aus der Verpackung.<\/p>\n","protected":false},"excerpt":{"rendered":"<p>SENGSO<\/p>\n","protected":false},"featured_media":371865,"template":"","meta":{"_improvement_type_select":"improve_an_existing","_thumb_yes_seoaic":false,"_frame_yes_seoaic":false,"seoaic_generate_description":"","seoaic_improve_instructions_prompt":"","seoaic_rollback_content_improvement":"","seoaic_idea_thumbnail_generator":"","thumbnail_generated":false,"thumbnail_generate_prompt":"","seoaic_article_description":"","product-afmeting-lengte-mm":"","product-afmeting-breedte-mm":"","product-afmeting-hoogte-mm":""},"product_brand":[],"product_cat":[2584,1378,1778,1211],"product_tag":[],"class_list":{"0":"post-428404","1":"product","2":"type-product","3":"status-publish","4":"has-post-thumbnail","6":"product_cat-8x8-de","7":"product_cat-megaminx-de","8":"product_cat-sengso-de","9":"product_cat-speedcube-de","10":"pa_merken-sengso-de","12":"first","13":"outofstock","14":"taxable","15":"shipping-taxable","16":"purchasable","17":"product-type-simple"},"df_price":194.99,"df_sale_price":"","df_regular_price":194.99,"df_image_link":"https:\/\/www.speedcube.nl\/wp-content\/uploads\/2023\/06\/Productvisuals_Speedcubes-sengso-megaminx-8x8-1-285x300.jpg","_links":{"self":[{"href":"https:\/\/www.speedcube.nl\/de\/wp-json\/wp\/v2\/product\/428404","targetHints":{"allow":["GET"]}}],"collection":[{"href":"https:\/\/www.speedcube.nl\/de\/wp-json\/wp\/v2\/product"}],"about":[{"href":"https:\/\/www.speedcube.nl\/de\/wp-json\/wp\/v2\/types\/product"}],"version-history":[{"count":1,"href":"https:\/\/www.speedcube.nl\/de\/wp-json\/wp\/v2\/product\/428404\/revisions"}],"predecessor-version":[{"id":520726,"href":"https:\/\/www.speedcube.nl\/de\/wp-json\/wp\/v2\/product\/428404\/revisions\/520726"}],"wp:featuredmedia":[{"embeddable":true,"href":"https:\/\/www.speedcube.nl\/de\/wp-json\/wp\/v2\/media\/371865"}],"wp:attachment":[{"href":"https:\/\/www.speedcube.nl\/de\/wp-json\/wp\/v2\/media?parent=428404"}],"wp:term":[{"taxonomy":"product_brand","embeddable":true,"href":"https:\/\/www.speedcube.nl\/de\/wp-json\/wp\/v2\/product_brand?post=428404"},{"taxonomy":"product_cat","embeddable":true,"href":"https:\/\/www.speedcube.nl\/de\/wp-json\/wp\/v2\/product_cat?post=428404"},{"taxonomy":"product_tag","embeddable":true,"href":"https:\/\/www.speedcube.nl\/de\/wp-json\/wp\/v2\/product_tag?post=428404"}],"curies":[{"name":"wp","href":"https:\/\/api.w.org\/{rel}","templated":true}]}}