{"id":428393,"date":"2018-11-10T15:34:00","date_gmt":"2018-11-10T14:34:00","guid":{"rendered":"https:\/\/www.speedcube.nl\/unkategorisiert\/neuestes-spielzeug-skewb-xtreme\/"},"modified":"2026-04-28T05:01:42","modified_gmt":"2026-04-28T03:01:42","slug":"neuestes-spielzeug-skewb-xtreme","status":"publish","type":"product","link":"https:\/\/www.speedcube.nl\/de\/knobelaufgaben\/neueste-spielzeuge\/neuestes-spielzeug-skewb-xtreme\/","title":{"rendered":"Neuestes Spielzeug Skewb Xtreme"},"content":{"rendered":"<p>Skewb Xtreme bringt die Puzzles an ihre Grenzen! Die erste Herausforderung besteht darin, das Puzzle so zu l\u00f6sen, dass jede Seite eine von 10 Volltonfarben zeigt. Das ist sicherlich schwierig, aber nicht unm\u00f6glich (wir versprechen es). Die zweite Herausforderung ist nat\u00fcrlich die Frage, ob man sie &#8222;l\u00f6sen&#8220; soll oder nicht: Der X-treme ist aus fast jedem Blickwinkel symmetrisch und so sch\u00f6n, dass man ihn am liebsten vorzeigen m\u00f6chte!<\/p>\n<p>Schwierigkeitsgrad: 4 Sterne<br \/>\nAbmessungen: 125 x 110 x 110 mm<br \/>\nMaterial: Kunststoff<\/p>\n","protected":false},"excerpt":{"rendered":"<p>NEUES SPIELZEUG<\/p>\n","protected":false},"featured_media":372491,"template":"","meta":{"_improvement_type_select":"improve_an_existing","_thumb_yes_seoaic":false,"_frame_yes_seoaic":false,"seoaic_generate_description":"","seoaic_improve_instructions_prompt":"","seoaic_rollback_content_improvement":"","seoaic_idea_thumbnail_generator":"","thumbnail_generated":false,"thumbnail_generate_prompt":"","seoaic_article_description":"","product-afmeting-lengte-mm":"","product-afmeting-breedte-mm":"","product-afmeting-hoogte-mm":""},"product_brand":[],"product_cat":[1240,1244,1227,1233,1237,2053,1241],"product_tag":[],"class_list":{"0":"post-428393","1":"product","2":"type-product","3":"status-publish","4":"has-post-thumbnail","6":"product_cat-4-sterne-schwierig","7":"product_cat-knobelaufgaben-de","8":"product_cat-knobelaufgaben","9":"product_cat-knobelaufgaben-fur-erwachsene","10":"product_cat-knobelaufgaben-fur-kinder","11":"product_cat-neueste-spielzeuge","12":"product_cat-plastik-ratsel","13":"pa_merken-neues-spielzeug","15":"first","16":"instock","17":"taxable","18":"shipping-taxable","19":"purchasable","20":"product-type-simple"},"df_price":19.95,"df_sale_price":"","df_regular_price":19.95,"df_image_link":"https:\/\/www.speedcube.nl\/wp-content\/uploads\/2023\/06\/Productvisuals_Breinbrekers-Recent-Toys-Skewb-Xtreme-285x300.jpg","_links":{"self":[{"href":"https:\/\/www.speedcube.nl\/de\/wp-json\/wp\/v2\/product\/428393","targetHints":{"allow":["GET"]}}],"collection":[{"href":"https:\/\/www.speedcube.nl\/de\/wp-json\/wp\/v2\/product"}],"about":[{"href":"https:\/\/www.speedcube.nl\/de\/wp-json\/wp\/v2\/types\/product"}],"version-history":[{"count":0,"href":"https:\/\/www.speedcube.nl\/de\/wp-json\/wp\/v2\/product\/428393\/revisions"}],"wp:featuredmedia":[{"embeddable":true,"href":"https:\/\/www.speedcube.nl\/de\/wp-json\/wp\/v2\/media\/372491"}],"wp:attachment":[{"href":"https:\/\/www.speedcube.nl\/de\/wp-json\/wp\/v2\/media?parent=428393"}],"wp:term":[{"taxonomy":"product_brand","embeddable":true,"href":"https:\/\/www.speedcube.nl\/de\/wp-json\/wp\/v2\/product_brand?post=428393"},{"taxonomy":"product_cat","embeddable":true,"href":"https:\/\/www.speedcube.nl\/de\/wp-json\/wp\/v2\/product_cat?post=428393"},{"taxonomy":"product_tag","embeddable":true,"href":"https:\/\/www.speedcube.nl\/de\/wp-json\/wp\/v2\/product_tag?post=428393"}],"curies":[{"name":"wp","href":"https:\/\/api.w.org\/{rel}","templated":true}]}}