{"id":428382,"date":"2018-11-13T13:48:00","date_gmt":"2018-11-13T12:48:00","guid":{"rendered":"https:\/\/www.speedcube.nl\/unkategorisiert\/yoyofactory-dark-matter-oel\/"},"modified":"2026-05-01T05:01:18","modified_gmt":"2026-05-01T03:01:18","slug":"yoyofactory-dark-matter-oel","status":"publish","type":"product","link":"https:\/\/www.speedcube.nl\/de\/yo-yos\/schmierstoffe-de\/yoyofactory-dark-matter-oel\/","title":{"rendered":"YoYoFactory Dark Matter \u00d6l"},"content":{"rendered":"<p>Behandeln Sie Ihre Lager gut! F\u00fcr reibungslose Drehungen und eine l\u00e4ngere Lebensdauer der Lager bei modernen, nicht ansprechenden Motoren. Dark Matter(TM) ist wissenschaftlich hergestellt und nur f\u00fcr die Verwendung auf Yo-Yo-Lagern bestimmt. Dark Matter \u00d6l sollte nur f\u00fcr saubere und gut funktionierende Lager verwendet werden. Dark Matter ist nicht dazu gedacht, ein kaputtes oder schlecht funktionierendes Lager zu reparieren. Halten Sie den Deckel Ihrer Dunklen Materie geschlossen, sonst entweicht sie schnell wieder in die Atmosph\u00e4re. Verwenden Sie nicht mehr als drei Tropfen. Vergewissern Sie sich, dass Sie das Lager wieder gut reinigen, bevor Sie Dark Matter wieder verwenden. Befolgen Sie diese Schritte, um maximale Leistung zu erzielen:<\/p>\n<ul>\n<li>\u00d6ffnen Sie Ihr Yoyo<\/li>\n<li>Bauen Sie das Lager aus und reinigen Sie es mit desinfizierendem Alkohol in einem kleinen Kanister (etwas, in das Sie das Lager eintauchen k\u00f6nnen und in dem Sie es kr\u00e4ftig sch\u00fctteln k\u00f6nnen, ohne eine Sauerei zu machen).<\/li>\n<li>Nehmen Sie das Lager heraus und lassen Sie es auf einem St\u00fcck K\u00fcchenpapier trocknen. Versuchen Sie, das Lager zu drehen, um zu pr\u00fcfen, ob es sauber ist und sich leicht drehen l\u00e4sst.<\/li>\n<li>Sch\u00fctteln Sie die Flasche mit der dunklen Materie vor dem Gebrauch gut.<\/li>\n<li>Tragen Sie drei kleine Tropfen Dunkle Materie auf die Seite des Jojos auf.<\/li>\n<li>Bauen Sie dann Ihr Jojo wieder zusammen.<\/li>\n<li>Ziehe eine neue Schnur auf dein Jojo.<\/li>\n<li>Jetzt kannst du mit deinem Yoyo spielen! Denke daran, dass das Yo-Yo anfangs sehr empfindlich sein wird. Das ist normal.<\/li>\n<\/ul>\n<p>&nbsp;<\/p>\n","protected":false},"excerpt":{"rendered":"<p>YOYOFACTORY<\/p>\n","protected":false},"featured_media":372555,"template":"","meta":{"_improvement_type_select":"improve_an_existing","_thumb_yes_seoaic":false,"_frame_yes_seoaic":false,"seoaic_generate_description":"","seoaic_improve_instructions_prompt":"","seoaic_rollback_content_improvement":"","seoaic_idea_thumbnail_generator":"","thumbnail_generated":false,"thumbnail_generate_prompt":"","seoaic_article_description":"","product-afmeting-lengte-mm":"","product-afmeting-breedte-mm":"","product-afmeting-hoogte-mm":""},"product_brand":[],"product_cat":[2949,1238,1462],"product_tag":[],"class_list":{"0":"post-428382","1":"product","2":"type-product","3":"status-publish","4":"has-post-thumbnail","6":"product_cat-schmierstoffe-de","7":"product_cat-yo-yos","8":"product_cat-yoyofactory-de","9":"pa_merken-yoyofactory-de","11":"first","12":"outofstock","13":"taxable","14":"shipping-taxable","15":"purchasable","16":"product-type-simple"},"df_price":6.99,"df_sale_price":"","df_regular_price":6.99,"df_image_link":"https:\/\/www.speedcube.nl\/wp-content\/uploads\/2023\/06\/Productvisuals_yoyo-YoYoFactory-Dark-Matter-Oil-285x300.jpg","_links":{"self":[{"href":"https:\/\/www.speedcube.nl\/de\/wp-json\/wp\/v2\/product\/428382","targetHints":{"allow":["GET"]}}],"collection":[{"href":"https:\/\/www.speedcube.nl\/de\/wp-json\/wp\/v2\/product"}],"about":[{"href":"https:\/\/www.speedcube.nl\/de\/wp-json\/wp\/v2\/types\/product"}],"version-history":[{"count":0,"href":"https:\/\/www.speedcube.nl\/de\/wp-json\/wp\/v2\/product\/428382\/revisions"}],"wp:featuredmedia":[{"embeddable":true,"href":"https:\/\/www.speedcube.nl\/de\/wp-json\/wp\/v2\/media\/372555"}],"wp:attachment":[{"href":"https:\/\/www.speedcube.nl\/de\/wp-json\/wp\/v2\/media?parent=428382"}],"wp:term":[{"taxonomy":"product_brand","embeddable":true,"href":"https:\/\/www.speedcube.nl\/de\/wp-json\/wp\/v2\/product_brand?post=428382"},{"taxonomy":"product_cat","embeddable":true,"href":"https:\/\/www.speedcube.nl\/de\/wp-json\/wp\/v2\/product_cat?post=428382"},{"taxonomy":"product_tag","embeddable":true,"href":"https:\/\/www.speedcube.nl\/de\/wp-json\/wp\/v2\/product_tag?post=428382"}],"curies":[{"name":"wp","href":"https:\/\/api.w.org\/{rel}","templated":true}]}}