{"id":428325,"date":"2018-11-10T15:25:00","date_gmt":"2018-11-10T14:25:00","guid":{"rendered":"https:\/\/www.speedcube.nl\/unkategorisiert\/neuestes-spielzeug-brainstring-r\/"},"modified":"2026-04-28T05:01:42","modified_gmt":"2026-04-28T03:01:42","slug":"neuestes-spielzeug-brainstring-r","status":"publish","type":"product","link":"https:\/\/www.speedcube.nl\/de\/stunt-bb-de\/neuestes-spielzeug-brainstring-r\/","title":{"rendered":"Neuestes Spielzeug Brainstring R"},"content":{"rendered":"<p>Der Brainstring R (Reverse) von Recent Toys ist von innen nach au\u00dfen gedreht! Wie beim Brainstring sind die F\u00e4den verheddert, nur dass sich jetzt eine Kugel um 360 Grad mitdreht. Umso gr\u00f6\u00dfer ist die Herausforderung, die F\u00e4den in der Hand zu halten!<\/p>\n<p>Schwierigkeitsgrad: 3 Sterne<br \/>\nAbmessungen: 93 x 93 x 93 mm<br \/>\nMaterial: Kunststoff<\/p>\n","protected":false},"excerpt":{"rendered":"<p>NEUES SPIELZEUG<\/p>\n","protected":false},"featured_media":372479,"template":"","meta":{"_improvement_type_select":"improve_an_existing","_thumb_yes_seoaic":false,"_frame_yes_seoaic":false,"seoaic_generate_description":"","seoaic_improve_instructions_prompt":"","seoaic_rollback_content_improvement":"","seoaic_idea_thumbnail_generator":"","thumbnail_generated":false,"thumbnail_generate_prompt":"","seoaic_article_description":"","product-afmeting-lengte-mm":"","product-afmeting-breedte-mm":"","product-afmeting-hoogte-mm":""},"product_brand":[],"product_cat":[1511,1244,1227,1233,1237,2053,1241,5227],"product_tag":[],"class_list":{"0":"post-428325","1":"product","2":"type-product","3":"status-publish","4":"has-post-thumbnail","6":"product_cat-3-sterne-normal","7":"product_cat-knobelaufgaben-de","8":"product_cat-knobelaufgaben","9":"product_cat-knobelaufgaben-fur-erwachsene","10":"product_cat-knobelaufgaben-fur-kinder","11":"product_cat-neueste-spielzeuge","12":"product_cat-plastik-ratsel","13":"product_cat-stunt-bb-de","14":"pa_merken-neues-spielzeug","16":"first","17":"instock","18":"taxable","19":"shipping-taxable","20":"purchasable","21":"product-type-simple"},"df_price":19.95,"df_sale_price":"","df_regular_price":19.95,"df_image_link":"https:\/\/www.speedcube.nl\/wp-content\/uploads\/2023\/06\/Productvisuals_Breinbrekers-Recent-Toys-Brainstring-R-285x300.jpg","_links":{"self":[{"href":"https:\/\/www.speedcube.nl\/de\/wp-json\/wp\/v2\/product\/428325","targetHints":{"allow":["GET"]}}],"collection":[{"href":"https:\/\/www.speedcube.nl\/de\/wp-json\/wp\/v2\/product"}],"about":[{"href":"https:\/\/www.speedcube.nl\/de\/wp-json\/wp\/v2\/types\/product"}],"version-history":[{"count":0,"href":"https:\/\/www.speedcube.nl\/de\/wp-json\/wp\/v2\/product\/428325\/revisions"}],"wp:featuredmedia":[{"embeddable":true,"href":"https:\/\/www.speedcube.nl\/de\/wp-json\/wp\/v2\/media\/372479"}],"wp:attachment":[{"href":"https:\/\/www.speedcube.nl\/de\/wp-json\/wp\/v2\/media?parent=428325"}],"wp:term":[{"taxonomy":"product_brand","embeddable":true,"href":"https:\/\/www.speedcube.nl\/de\/wp-json\/wp\/v2\/product_brand?post=428325"},{"taxonomy":"product_cat","embeddable":true,"href":"https:\/\/www.speedcube.nl\/de\/wp-json\/wp\/v2\/product_cat?post=428325"},{"taxonomy":"product_tag","embeddable":true,"href":"https:\/\/www.speedcube.nl\/de\/wp-json\/wp\/v2\/product_tag?post=428325"}],"curies":[{"name":"wp","href":"https:\/\/api.w.org\/{rel}","templated":true}]}}