{"id":428322,"date":"2019-02-03T09:49:00","date_gmt":"2019-02-03T08:49:00","guid":{"rendered":"https:\/\/www.speedcube.nl\/unkategorisiert\/metall-erde-goldene-hindin\/"},"modified":"2026-04-05T05:04:41","modified_gmt":"2026-04-05T03:04:41","slug":"metall-erde-goldene-hindin","status":"publish","type":"product","link":"https:\/\/www.speedcube.nl\/de\/aanbieding-de\/metall-erde-goldene-hindin\/","title":{"rendered":"Metall Erde Goldene Hindin"},"content":{"rendered":"<p>Die Golden Hind oder Hinde war eine englische Galeone, die vor allem durch ihre Weltumsegelung zwischen 1577 und 1580 unter dem Kapit\u00e4n Sir Francis Drake bekannt wurde. Das urspr\u00fcnglich als Pelikan bekannte Schiff wurde 1578 von Drake umbenannt, als er sich auf die Einfahrt in die Magellanstra\u00dfe vorbereitete. Er nannte es Goldene Hirschkuh, um seinem G\u00f6nner, Sir Christopher Hatton, zu huldigen, dessen R\u00fcstung eine goldene Hirschkuh war. Hatton war einer der Hauptsponsoren der Welttournee von Drake.<\/p>\n<p>Metal Earth wird aus kleinen Teilen hergestellt, die mit einem Laser in ein d\u00fcnnes Metallblech geschnitten werden. Entfernen Sie zun\u00e4chst alle vorgestanzten Teile aus dem Blech, indem Sie sie schneiden, verdrehen oder falten. Sie k\u00f6nnen dieses Modell aus Metal Earth komplett ohne Klebstoff zusammenbauen. Sie k\u00f6nnen eine Spitz- und Schneidezange verwenden. Eine schrittweise Montageanleitung liegt bei.<\/p>\n<p>Anleitung PDF: MMS049<br \/>\nAnzahl der Bl\u00e4tter: 2 Bl\u00e4tter<br \/>\nSchwierigkeitsgrad: Moderat<br \/>\nProduktabmessungen in mm: 110 x 35 x 90<\/p>\n","protected":false},"excerpt":{"rendered":"<p>METALLERDE<\/p>\n","protected":false},"featured_media":373931,"template":"","meta":{"_improvement_type_select":"improve_an_existing","_thumb_yes_seoaic":false,"_frame_yes_seoaic":false,"seoaic_generate_description":"","seoaic_improve_instructions_prompt":"","seoaic_rollback_content_improvement":"","seoaic_idea_thumbnail_generator":"","thumbnail_generated":false,"thumbnail_generate_prompt":"","seoaic_article_description":"","product-afmeting-lengte-mm":"","product-afmeting-breedte-mm":"","product-afmeting-hoogte-mm":""},"product_brand":[],"product_cat":[1714,1499,2558],"product_tag":[],"class_list":{"0":"post-428322","1":"product","2":"type-product","3":"status-publish","4":"has-post-thumbnail","6":"product_cat-metall-erde","7":"product_cat-modellbau","8":"product_cat-aanbieding-de","9":"pa_merken-metallerde","11":"first","12":"instock","13":"sale","14":"taxable","15":"shipping-taxable","16":"purchasable","17":"product-type-variable"},"df_price":7.48,"df_sale_price":"","df_regular_price":7.48,"df_image_link":"https:\/\/www.speedcube.nl\/wp-content\/uploads\/2023\/06\/Productvisuals_Modelbouw-Metal-Earth-gouden-hind-1-285x300.jpg","_links":{"self":[{"href":"https:\/\/www.speedcube.nl\/de\/wp-json\/wp\/v2\/product\/428322","targetHints":{"allow":["GET"]}}],"collection":[{"href":"https:\/\/www.speedcube.nl\/de\/wp-json\/wp\/v2\/product"}],"about":[{"href":"https:\/\/www.speedcube.nl\/de\/wp-json\/wp\/v2\/types\/product"}],"version-history":[{"count":0,"href":"https:\/\/www.speedcube.nl\/de\/wp-json\/wp\/v2\/product\/428322\/revisions"}],"wp:featuredmedia":[{"embeddable":true,"href":"https:\/\/www.speedcube.nl\/de\/wp-json\/wp\/v2\/media\/373931"}],"wp:attachment":[{"href":"https:\/\/www.speedcube.nl\/de\/wp-json\/wp\/v2\/media?parent=428322"}],"wp:term":[{"taxonomy":"product_brand","embeddable":true,"href":"https:\/\/www.speedcube.nl\/de\/wp-json\/wp\/v2\/product_brand?post=428322"},{"taxonomy":"product_cat","embeddable":true,"href":"https:\/\/www.speedcube.nl\/de\/wp-json\/wp\/v2\/product_cat?post=428322"},{"taxonomy":"product_tag","embeddable":true,"href":"https:\/\/www.speedcube.nl\/de\/wp-json\/wp\/v2\/product_tag?post=428322"}],"curies":[{"name":"wp","href":"https:\/\/api.w.org\/{rel}","templated":true}]}}