{"id":428321,"date":"2019-01-01T13:03:00","date_gmt":"2019-01-01T12:03:00","guid":{"rendered":"https:\/\/www.speedcube.nl\/unkategorisiert\/yj-megaminx-mgc-3x3-magnetisch\/"},"modified":"2026-04-29T05:04:40","modified_gmt":"2026-04-29T03:04:40","slug":"yj-megaminx-mgc-3x3-magnetisch","status":"publish","type":"product","link":"https:\/\/www.speedcube.nl\/de\/speedcube-de\/yj-de\/yj-megaminx-mgc-3x3-magnetisch\/","title":{"rendered":"YJ Megaminx MGC 3\u00d73 Magnetisch"},"content":{"rendered":"<p>Der YJ MGC megaminx ist ein schneller, leichter Speed Cube. Die Magnete sind sp\u00fcrbar stark. Dieser YJ megaminx MGC hat auch erh\u00f6hte Kanten f\u00fcr mehr Grip und Kontrolle \u00fcber den Speedcube.<\/p>\n","protected":false},"excerpt":{"rendered":"<p>YJ<\/p>\n","protected":false},"featured_media":372611,"template":"","meta":{"_improvement_type_select":"improve_an_existing","_thumb_yes_seoaic":false,"_frame_yes_seoaic":false,"seoaic_generate_description":"","seoaic_improve_instructions_prompt":"","seoaic_rollback_content_improvement":"","seoaic_idea_thumbnail_generator":"","thumbnail_generated":false,"thumbnail_generate_prompt":"","seoaic_article_description":"","product-afmeting-lengte-mm":"","product-afmeting-breedte-mm":"","product-afmeting-hoogte-mm":""},"product_brand":[],"product_cat":[1378,2174,1211],"product_tag":[],"class_list":{"0":"post-428321","1":"product","2":"type-product","3":"status-publish","4":"has-post-thumbnail","6":"product_cat-megaminx-de","7":"product_cat-yj-de","8":"product_cat-speedcube-de","9":"pa_merken-yj-de","11":"first","12":"instock","13":"taxable","14":"shipping-taxable","15":"purchasable","16":"product-type-simple"},"df_price":23.95,"df_sale_price":"","df_regular_price":23.95,"df_image_link":"https:\/\/www.speedcube.nl\/wp-content\/uploads\/2023\/06\/Productvisuals_Speedcubes-yj-megaminx-mgc-3\u00d73-magnetic-285x300.jpg","_links":{"self":[{"href":"https:\/\/www.speedcube.nl\/de\/wp-json\/wp\/v2\/product\/428321","targetHints":{"allow":["GET"]}}],"collection":[{"href":"https:\/\/www.speedcube.nl\/de\/wp-json\/wp\/v2\/product"}],"about":[{"href":"https:\/\/www.speedcube.nl\/de\/wp-json\/wp\/v2\/types\/product"}],"version-history":[{"count":0,"href":"https:\/\/www.speedcube.nl\/de\/wp-json\/wp\/v2\/product\/428321\/revisions"}],"wp:featuredmedia":[{"embeddable":true,"href":"https:\/\/www.speedcube.nl\/de\/wp-json\/wp\/v2\/media\/372611"}],"wp:attachment":[{"href":"https:\/\/www.speedcube.nl\/de\/wp-json\/wp\/v2\/media?parent=428321"}],"wp:term":[{"taxonomy":"product_brand","embeddable":true,"href":"https:\/\/www.speedcube.nl\/de\/wp-json\/wp\/v2\/product_brand?post=428321"},{"taxonomy":"product_cat","embeddable":true,"href":"https:\/\/www.speedcube.nl\/de\/wp-json\/wp\/v2\/product_cat?post=428321"},{"taxonomy":"product_tag","embeddable":true,"href":"https:\/\/www.speedcube.nl\/de\/wp-json\/wp\/v2\/product_tag?post=428321"}],"curies":[{"name":"wp","href":"https:\/\/api.w.org\/{rel}","templated":true}]}}