{"id":428293,"date":"2019-02-05T18:12:00","date_gmt":"2019-02-05T17:12:00","guid":{"rendered":"https:\/\/www.speedcube.nl\/unkategorisiert\/metallerde-messerschmitt-bf109\/"},"modified":"2026-05-03T05:25:39","modified_gmt":"2026-05-03T03:25:39","slug":"metallerde-messerschmitt-bf109","status":"publish","type":"product","link":"https:\/\/www.speedcube.nl\/de\/modellbau\/modellflugzeuge\/metallerde-messerschmitt-bf109\/","title":{"rendered":"Metallerde Messerschmitt BF109"},"content":{"rendered":"<p>War ein deutsches Kampfflugzeug des Zweiten Weltkriegs, das erstmals w\u00e4hrend des Spanischen B\u00fcrgerkriegs (1939) eingesetzt wurde und sp\u00e4ter das R\u00fcckgrat der Luftwaffe bildete. Die Bf 109 war das meistproduzierte Jagdflugzeug der Geschichte, von dem zwischen 1936 und April 1945 insgesamt 33.984 Exemplare hergestellt wurden.<\/p>\n<p>Metal Earth wird aus kleinen Teilen hergestellt, die mit einem Laser in ein d\u00fcnnes Metallblech geschnitten werden. Entfernen Sie zun\u00e4chst alle vorgestanzten Teile aus dem Blech, indem Sie sie schneiden, verdrehen oder falten. Sie k\u00f6nnen dieses Modell aus Metal Earth komplett ohne Klebstoff zusammenbauen. Sie k\u00f6nnen eine Spitz- und Schneidezange verwenden. Eine schrittweise Montageanleitung liegt bei.<\/p>\n<p>Anleitung PDF: MMS118<br \/>\nAnzahl der Bl\u00e4tter: 1 Blatt<br \/>\nSchwierigkeitsgrad: Moderat<br \/>\nProduktabmessungen in mm: 92 x 105 x 45<\/p>\n","protected":false},"excerpt":{"rendered":"<p>METALLERDE<\/p>\n","protected":false},"featured_media":373415,"template":"","meta":{"_improvement_type_select":"improve_an_existing","_thumb_yes_seoaic":false,"_frame_yes_seoaic":false,"seoaic_generate_description":"","seoaic_improve_instructions_prompt":"","seoaic_rollback_content_improvement":"","seoaic_idea_thumbnail_generator":"","thumbnail_generated":false,"thumbnail_generate_prompt":"","seoaic_article_description":"","product-afmeting-lengte-mm":"","product-afmeting-breedte-mm":"","product-afmeting-hoogte-mm":""},"product_brand":[],"product_cat":[1500,1714,1720,1499,1709,1978],"product_tag":[],"class_list":{"0":"post-428293","1":"product","2":"type-product","3":"status-publish","4":"has-post-thumbnail","6":"product_cat-baukasten-fur-erwachsene","7":"product_cat-metall-erde","8":"product_cat-metallbaukasten","9":"product_cat-modellbau","10":"product_cat-modellfahrzeuge","11":"product_cat-modellflugzeuge","12":"pa_merken-metallerde","14":"first","15":"instock","16":"taxable","17":"shipping-taxable","18":"purchasable","19":"product-type-simple"},"df_price":9.95,"df_sale_price":"","df_regular_price":9.95,"df_image_link":"https:\/\/www.speedcube.nl\/wp-content\/uploads\/2023\/06\/Productvisuals_Modelbouw-Metal-Earth-messerschmitt-285x300.jpg","_links":{"self":[{"href":"https:\/\/www.speedcube.nl\/de\/wp-json\/wp\/v2\/product\/428293","targetHints":{"allow":["GET"]}}],"collection":[{"href":"https:\/\/www.speedcube.nl\/de\/wp-json\/wp\/v2\/product"}],"about":[{"href":"https:\/\/www.speedcube.nl\/de\/wp-json\/wp\/v2\/types\/product"}],"version-history":[{"count":0,"href":"https:\/\/www.speedcube.nl\/de\/wp-json\/wp\/v2\/product\/428293\/revisions"}],"wp:featuredmedia":[{"embeddable":true,"href":"https:\/\/www.speedcube.nl\/de\/wp-json\/wp\/v2\/media\/373415"}],"wp:attachment":[{"href":"https:\/\/www.speedcube.nl\/de\/wp-json\/wp\/v2\/media?parent=428293"}],"wp:term":[{"taxonomy":"product_brand","embeddable":true,"href":"https:\/\/www.speedcube.nl\/de\/wp-json\/wp\/v2\/product_brand?post=428293"},{"taxonomy":"product_cat","embeddable":true,"href":"https:\/\/www.speedcube.nl\/de\/wp-json\/wp\/v2\/product_cat?post=428293"},{"taxonomy":"product_tag","embeddable":true,"href":"https:\/\/www.speedcube.nl\/de\/wp-json\/wp\/v2\/product_tag?post=428293"}],"curies":[{"name":"wp","href":"https:\/\/api.w.org\/{rel}","templated":true}]}}