{"id":428280,"date":"2019-02-05T18:27:00","date_gmt":"2019-02-05T17:27:00","guid":{"rendered":"https:\/\/www.speedcube.nl\/unkategorisiert\/metall-erde-chinesisch-ming-ruestung\/"},"modified":"2026-04-30T05:11:02","modified_gmt":"2026-04-30T03:11:02","slug":"metall-erde-chinesisch-ming-ruestung","status":"publish","type":"product","link":"https:\/\/www.speedcube.nl\/de\/aanbieding-de\/metall-erde-chinesisch-ming-ruestung\/","title":{"rendered":"Metall Erde Chinesisch Ming R\u00fcstung"},"content":{"rendered":"<p>Dieses Modell zeigt einige der pr\u00e4chtigsten und ikonischsten R\u00fcstungen aus dem alten China. Sie wurde von den Dahan-Gener\u00e4len getragen, einer Gruppe von etwa 1 500 Wachen, die zur Geheimdienstarmee der Ming-Dynastie geh\u00f6rten. Ihre Aufgabe war es, den Kaiser und die Dynastie zu sch\u00fctzen.<\/p>\n<p>Metal Earth wird aus kleinen Teilen hergestellt, die mit einem Laser in ein d\u00fcnnes Metallblech geschnitten werden. Entfernen Sie zun\u00e4chst alle vorgestanzten Teile aus dem Blech, indem Sie sie schneiden, verdrehen oder falten. Sie k\u00f6nnen dieses Modell aus Metal Earth komplett ohne Klebstoff zusammenbauen. Sie k\u00f6nnen eine Spitz- und Schneidezange verwenden. Eine schrittweise Montageanleitung liegt bei.<\/p>\n<p>Anleitung PDF: mms141<br \/>\nAnzahl der Bl\u00e4tter: 2 Bl\u00e4tter<br \/>\nSchwierigkeitsgrad: Moderat<br \/>\nProduktabmessungen in mm: 112 x 56 x 28<\/p>\n","protected":false},"excerpt":{"rendered":"<p>METALLERDE<\/p>\n","protected":false},"featured_media":373351,"template":"","meta":{"_improvement_type_select":"improve_an_existing","_thumb_yes_seoaic":false,"_frame_yes_seoaic":false,"seoaic_generate_description":"","seoaic_improve_instructions_prompt":"","seoaic_rollback_content_improvement":"","seoaic_idea_thumbnail_generator":"","thumbnail_generated":false,"thumbnail_generate_prompt":"","seoaic_article_description":"","product-afmeting-lengte-mm":"","product-afmeting-breedte-mm":"","product-afmeting-hoogte-mm":""},"product_brand":[],"product_cat":[1714,1499,2558],"product_tag":[],"class_list":{"0":"post-428280","1":"product","2":"type-product","3":"status-publish","4":"has-post-thumbnail","6":"product_cat-metall-erde","7":"product_cat-modellbau","8":"product_cat-aanbieding-de","9":"pa_merken-metallerde","11":"first","12":"instock","13":"sale","14":"taxable","15":"shipping-taxable","16":"purchasable","17":"product-type-simple"},"df_price":8.98,"df_sale_price":8.98,"df_regular_price":17.95,"df_image_link":"https:\/\/www.speedcube.nl\/wp-content\/uploads\/2023\/06\/Productvisuals_Modelbouw-Metal-Earth-chinese-ming-harnas-1-285x300.jpg","_links":{"self":[{"href":"https:\/\/www.speedcube.nl\/de\/wp-json\/wp\/v2\/product\/428280","targetHints":{"allow":["GET"]}}],"collection":[{"href":"https:\/\/www.speedcube.nl\/de\/wp-json\/wp\/v2\/product"}],"about":[{"href":"https:\/\/www.speedcube.nl\/de\/wp-json\/wp\/v2\/types\/product"}],"version-history":[{"count":0,"href":"https:\/\/www.speedcube.nl\/de\/wp-json\/wp\/v2\/product\/428280\/revisions"}],"wp:featuredmedia":[{"embeddable":true,"href":"https:\/\/www.speedcube.nl\/de\/wp-json\/wp\/v2\/media\/373351"}],"wp:attachment":[{"href":"https:\/\/www.speedcube.nl\/de\/wp-json\/wp\/v2\/media?parent=428280"}],"wp:term":[{"taxonomy":"product_brand","embeddable":true,"href":"https:\/\/www.speedcube.nl\/de\/wp-json\/wp\/v2\/product_brand?post=428280"},{"taxonomy":"product_cat","embeddable":true,"href":"https:\/\/www.speedcube.nl\/de\/wp-json\/wp\/v2\/product_cat?post=428280"},{"taxonomy":"product_tag","embeddable":true,"href":"https:\/\/www.speedcube.nl\/de\/wp-json\/wp\/v2\/product_tag?post=428280"}],"curies":[{"name":"wp","href":"https:\/\/api.w.org\/{rel}","templated":true}]}}