{"id":428232,"date":"2019-02-06T17:46:00","date_gmt":"2019-02-06T16:46:00","guid":{"rendered":"https:\/\/www.speedcube.nl\/unkategorisiert\/metal-earth-star-wars-special-forces-tie-fighter\/"},"modified":"2026-04-19T05:00:16","modified_gmt":"2026-04-19T03:00:16","slug":"metal-earth-star-wars-special-forces-tie-fighter","status":"publish","type":"product","link":"https:\/\/www.speedcube.nl\/de\/aanbieding-de\/metal-earth-star-wars-special-forces-tie-fighter\/","title":{"rendered":"Metal Earth Star Wars Special Forces Tie Fighter"},"content":{"rendered":"<p>Der TIE\/SF ist ein zweisitziger Kampfj\u00e4ger, der von Elitepiloten der Spezialeinheiten der ersten Ordnung eingesetzt wird. Er verf\u00fcgt \u00fcber weitaus leistungsf\u00e4higere Waffen als ein Standard-TIE und kombiniert Laserkanonen mit einem schweren Gesch\u00fctzturm und einem Sprengkopfwerfer. Die TIEs der Spezialeinheiten verf\u00fcgen \u00fcber Hyperantriebe, Deflektorschilde und Hochenergiezellen, die die Bordsysteme mit zus\u00e4tzlicher Energie versorgen. Diese vielseitigen Angriffsschiffe werden von der Aufkl\u00e4rung bis zu Kampfeins\u00e4tzen eingesetzt.<\/p>\n<p>Metallerde wird aus kleinen Teilen hergestellt, die mit einem Laser in ein d\u00fcnnes Metallblech geschnitten werden. Entfernen Sie zun\u00e4chst alle vorgestanzten Teile aus dem Blech durch Schneiden, Drehen oder Falten. Dieses Metall-Erdmodell l\u00e4sst sich ganz ohne Klebstoff zusammenbauen. Sie k\u00f6nnen eine Spitz- und Schneidezange verwenden. Eine schrittweise Montageanleitung liegt bei.<\/p>\n<p>Anleitung PDF: MMS267<br \/>\nAnzahl der Bl\u00e4tter: 2 Bl\u00e4tter<br \/>\nSchwierigkeitsgrad: Moderat<br \/>\nProduktabmessungen in mm: 89 x 57 x 51<\/p>\n","protected":false},"excerpt":{"rendered":"<p>METALLERDE<\/p>\n","protected":false},"featured_media":372959,"template":"","meta":{"_improvement_type_select":"improve_an_existing","_thumb_yes_seoaic":false,"_frame_yes_seoaic":false,"seoaic_generate_description":"","seoaic_improve_instructions_prompt":"","seoaic_rollback_content_improvement":"","seoaic_idea_thumbnail_generator":"","thumbnail_generated":false,"thumbnail_generate_prompt":"","seoaic_article_description":"","product-afmeting-lengte-mm":"","product-afmeting-breedte-mm":"","product-afmeting-hoogte-mm":""},"product_brand":[],"product_cat":[1714,1499,2558],"product_tag":[],"class_list":{"0":"post-428232","1":"product","2":"type-product","3":"status-publish","4":"has-post-thumbnail","6":"product_cat-metall-erde","7":"product_cat-modellbau","8":"product_cat-aanbieding-de","9":"pa_merken-metallerde","11":"first","12":"instock","13":"sale","14":"taxable","15":"shipping-taxable","16":"purchasable","17":"product-type-simple"},"df_price":13.46,"df_sale_price":13.46,"df_regular_price":17.95,"df_image_link":"https:\/\/www.speedcube.nl\/wp-content\/uploads\/2023\/06\/Productvisuals_Modelbouw-Metal-Earth-star-wars-special-forces-tie-fighter-1-285x300.jpg","_links":{"self":[{"href":"https:\/\/www.speedcube.nl\/de\/wp-json\/wp\/v2\/product\/428232","targetHints":{"allow":["GET"]}}],"collection":[{"href":"https:\/\/www.speedcube.nl\/de\/wp-json\/wp\/v2\/product"}],"about":[{"href":"https:\/\/www.speedcube.nl\/de\/wp-json\/wp\/v2\/types\/product"}],"version-history":[{"count":0,"href":"https:\/\/www.speedcube.nl\/de\/wp-json\/wp\/v2\/product\/428232\/revisions"}],"wp:featuredmedia":[{"embeddable":true,"href":"https:\/\/www.speedcube.nl\/de\/wp-json\/wp\/v2\/media\/372959"}],"wp:attachment":[{"href":"https:\/\/www.speedcube.nl\/de\/wp-json\/wp\/v2\/media?parent=428232"}],"wp:term":[{"taxonomy":"product_brand","embeddable":true,"href":"https:\/\/www.speedcube.nl\/de\/wp-json\/wp\/v2\/product_brand?post=428232"},{"taxonomy":"product_cat","embeddable":true,"href":"https:\/\/www.speedcube.nl\/de\/wp-json\/wp\/v2\/product_cat?post=428232"},{"taxonomy":"product_tag","embeddable":true,"href":"https:\/\/www.speedcube.nl\/de\/wp-json\/wp\/v2\/product_tag?post=428232"}],"curies":[{"name":"wp","href":"https:\/\/api.w.org\/{rel}","templated":true}]}}