{"id":428227,"date":"2019-02-06T16:53:00","date_gmt":"2019-02-06T15:53:00","guid":{"rendered":"https:\/\/www.speedcube.nl\/unkategorisiert\/metal-earth-star-wars-imperial-atat\/"},"modified":"2026-05-06T05:00:30","modified_gmt":"2026-05-06T03:00:30","slug":"metal-earth-star-wars-imperial-atat","status":"publish","type":"product","link":"https:\/\/www.speedcube.nl\/de\/aanbieding-de\/metal-earth-star-wars-imperial-atat\/","title":{"rendered":"Metal Earth Star Wars Imperial ATAT"},"content":{"rendered":"<p>All Terrain Armoured Transports, kurz AT-ATs. Sie tauchen erstmals in Empire Strikes Back auf. AT-ATs sind fast 16 Meter lang und haben das Aussehen eines riesigen vierbeinigen Monsters. Der Kopf dient als Kontrollzentrum und als Rahmen f\u00fcr die Waffen.<\/p>\n<p>Metallerde wird aus kleinen Teilen hergestellt, die mit einem Laser in ein d\u00fcnnes Metallblech geschnitten werden. Entfernen Sie zun\u00e4chst alle vorgestanzten Teile aus dem Blech, indem Sie sie schneiden, verdrehen oder falten. Dieses Metall-Erdmodell l\u00e4sst sich ganz ohne Klebstoff zusammenbauen. Sie k\u00f6nnen eine Spitz- und Schneidezange verwenden. Eine schrittweise Montageanleitung liegt bei.<\/p>\n<p>Anleitung PDF: MMS252<br \/>\nAnzahl der Bl\u00e4tter: 2 Bl\u00e4tter<br \/>\nSchwierigkeitsgrad: Moderat<br \/>\nProduktabmessungen in mm: 62 x 58 x 52<\/p>\n","protected":false},"excerpt":{"rendered":"<p>METALLERDE<\/p>\n","protected":false},"featured_media":373067,"template":"","meta":{"_improvement_type_select":"improve_an_existing","_thumb_yes_seoaic":false,"_frame_yes_seoaic":false,"seoaic_generate_description":"","seoaic_improve_instructions_prompt":"","seoaic_rollback_content_improvement":"","seoaic_idea_thumbnail_generator":"","thumbnail_generated":false,"thumbnail_generate_prompt":"","seoaic_article_description":"","product-afmeting-lengte-mm":"","product-afmeting-breedte-mm":"","product-afmeting-hoogte-mm":""},"product_brand":[],"product_cat":[1714,1499,2558],"product_tag":[],"class_list":{"0":"post-428227","1":"product","2":"type-product","3":"status-publish","4":"has-post-thumbnail","6":"product_cat-metall-erde","7":"product_cat-modellbau","8":"product_cat-aanbieding-de","9":"pa_merken-metallerde","11":"first","12":"instock","13":"sale","14":"taxable","15":"shipping-taxable","16":"purchasable","17":"product-type-simple"},"df_price":7.18,"df_sale_price":7.18,"df_regular_price":17.95,"df_image_link":"https:\/\/www.speedcube.nl\/wp-content\/uploads\/2023\/06\/Productvisuals_Modelbouw-Metal-Earth-star-wars-imperial-atat-1-285x300.jpg","_links":{"self":[{"href":"https:\/\/www.speedcube.nl\/de\/wp-json\/wp\/v2\/product\/428227","targetHints":{"allow":["GET"]}}],"collection":[{"href":"https:\/\/www.speedcube.nl\/de\/wp-json\/wp\/v2\/product"}],"about":[{"href":"https:\/\/www.speedcube.nl\/de\/wp-json\/wp\/v2\/types\/product"}],"version-history":[{"count":0,"href":"https:\/\/www.speedcube.nl\/de\/wp-json\/wp\/v2\/product\/428227\/revisions"}],"wp:featuredmedia":[{"embeddable":true,"href":"https:\/\/www.speedcube.nl\/de\/wp-json\/wp\/v2\/media\/373067"}],"wp:attachment":[{"href":"https:\/\/www.speedcube.nl\/de\/wp-json\/wp\/v2\/media?parent=428227"}],"wp:term":[{"taxonomy":"product_brand","embeddable":true,"href":"https:\/\/www.speedcube.nl\/de\/wp-json\/wp\/v2\/product_brand?post=428227"},{"taxonomy":"product_cat","embeddable":true,"href":"https:\/\/www.speedcube.nl\/de\/wp-json\/wp\/v2\/product_cat?post=428227"},{"taxonomy":"product_tag","embeddable":true,"href":"https:\/\/www.speedcube.nl\/de\/wp-json\/wp\/v2\/product_tag?post=428227"}],"curies":[{"name":"wp","href":"https:\/\/api.w.org\/{rel}","templated":true}]}}