{"id":428223,"date":"2019-02-06T17:50:00","date_gmt":"2019-02-06T16:50:00","guid":{"rendered":"https:\/\/www.speedcube.nl\/unkategorisiert\/metall-erde-star-wars-c3po-und-r2d2-box-set\/"},"modified":"2026-05-10T05:03:45","modified_gmt":"2026-05-10T03:03:45","slug":"metall-erde-star-wars-c3po-und-r2d2-box-set","status":"publish","type":"product","link":"https:\/\/www.speedcube.nl\/de\/modellbau\/film-de\/metall-erde-star-wars-c3po-und-r2d2-box-set\/","title":{"rendered":"Metall Erde Star Wars C3PO und R2D2 Box Set"},"content":{"rendered":"<p>R2-D2, ein geschickter Raumschiffmechaniker und Assistent eines Kampfpiloten, und C-3PO, ein Droide, der von dem heldenhaften Jedi Anakin Skywalker f\u00fcr Etikette und Protokoll gebaut und programmiert wurde, haben eine unwahrscheinliche, aber dauerhafte Freundschaft geschlossen, die sie durch einige der wichtigsten Momente und aufregenden Schlachten der Galaxis f\u00fchrte.<\/p>\n<p>Dieses Star Wars Set besteht aus 6 d\u00fcnnen Metallplatten. Entfernen Sie zun\u00e4chst alle vorgestanzten Teile aus den Blechen, indem Sie sie schneiden, falten oder verdrehen. Als n\u00e4chstes k\u00f6nnen Sie mit dem Puzzeln beginnen. Falten Sie die Teile in die richtige Form; stecken Sie 2 Teile zusammen, indem Sie Laschen oder Stifte durch einen Schlitz schieben,&#8230; Sie k\u00f6nnen dieses Modell ganz ohne Klebstoff zusammenbauen! Feinschneider und Spitzzangen sind sehr n\u00fctzlich! In der Verpackung wird die praktische Anleitung immer Schritt f\u00fcr Schritt erkl\u00e4rt.<\/p>\n<p>Anleitung PDF: MMG276<br \/>\nAnzahl der Bl\u00e4tter: 6 Bl\u00e4tter<br \/>\nSchwierigkeitsgrad: Schwierig<br \/>\nProduktabmessungen in mm: 108 x 60 x 123<\/p>\n<p>&nbsp;<\/p>\n","protected":false},"excerpt":{"rendered":"<p>METALLERDE<\/p>\n","protected":false},"featured_media":372879,"template":"","meta":{"_improvement_type_select":"improve_an_existing","_thumb_yes_seoaic":false,"_frame_yes_seoaic":false,"seoaic_generate_description":"","seoaic_improve_instructions_prompt":"","seoaic_rollback_content_improvement":"","seoaic_idea_thumbnail_generator":"","thumbnail_generated":false,"thumbnail_generate_prompt":"","seoaic_article_description":"","product-afmeting-lengte-mm":"","product-afmeting-breedte-mm":"","product-afmeting-hoogte-mm":""},"product_brand":[],"product_cat":[1500,1724,1714,1720,1499],"product_tag":[],"class_list":{"0":"post-428223","1":"product","2":"type-product","3":"status-publish","4":"has-post-thumbnail","6":"product_cat-baukasten-fur-erwachsene","7":"product_cat-film-de","8":"product_cat-metall-erde","9":"product_cat-metallbaukasten","10":"product_cat-modellbau","11":"pa_merken-metallerde","13":"first","14":"instock","15":"taxable","16":"shipping-taxable","17":"purchasable","18":"product-type-simple"},"df_price":45.95,"df_sale_price":"","df_regular_price":45.95,"df_image_link":"https:\/\/www.speedcube.nl\/wp-content\/uploads\/2023\/06\/Productvisuals_Modelbouw-Metal-Earth-star-wars-c3po-en-r2d2-box-set-1-285x300.jpg","_links":{"self":[{"href":"https:\/\/www.speedcube.nl\/de\/wp-json\/wp\/v2\/product\/428223","targetHints":{"allow":["GET"]}}],"collection":[{"href":"https:\/\/www.speedcube.nl\/de\/wp-json\/wp\/v2\/product"}],"about":[{"href":"https:\/\/www.speedcube.nl\/de\/wp-json\/wp\/v2\/types\/product"}],"version-history":[{"count":0,"href":"https:\/\/www.speedcube.nl\/de\/wp-json\/wp\/v2\/product\/428223\/revisions"}],"wp:featuredmedia":[{"embeddable":true,"href":"https:\/\/www.speedcube.nl\/de\/wp-json\/wp\/v2\/media\/372879"}],"wp:attachment":[{"href":"https:\/\/www.speedcube.nl\/de\/wp-json\/wp\/v2\/media?parent=428223"}],"wp:term":[{"taxonomy":"product_brand","embeddable":true,"href":"https:\/\/www.speedcube.nl\/de\/wp-json\/wp\/v2\/product_brand?post=428223"},{"taxonomy":"product_cat","embeddable":true,"href":"https:\/\/www.speedcube.nl\/de\/wp-json\/wp\/v2\/product_cat?post=428223"},{"taxonomy":"product_tag","embeddable":true,"href":"https:\/\/www.speedcube.nl\/de\/wp-json\/wp\/v2\/product_tag?post=428223"}],"curies":[{"name":"wp","href":"https:\/\/api.w.org\/{rel}","templated":true}]}}