{"id":428191,"date":"2019-02-10T11:44:00","date_gmt":"2019-02-10T10:44:00","guid":{"rendered":"https:\/\/www.speedcube.nl\/unkategorisiert\/metall-erde-bugs-bunny\/"},"modified":"2026-04-28T05:01:25","modified_gmt":"2026-04-28T03:01:25","slug":"metall-erde-bugs-bunny","status":"publish","type":"product","link":"https:\/\/www.speedcube.nl\/de\/aanbieding-de\/metall-erde-bugs-bunny\/","title":{"rendered":"Metall Erde Bugs Bunny"},"content":{"rendered":"<p>Metal Earth Legends Bugs Bunny Baukasten. Erstellen Sie Ihr eigenes 3D-Laserschnitt-Metallic-Modell. Die Metal Earth-Kollektion von Fascinations besteht aus kleinen Teilen, die per Laser in ein d\u00fcnnes Metallblech geschnitten werden.<\/p>\n<p>Der Legends Bugs Bunny besteht aus einer d\u00fcnnen Metallplatte. Schneiden oder wenden Sie hier zuerst alle vorgestanzten Teile aus. Falten Sie die Teile in die richtige Form und stecken Sie zwei Teile zusammen, indem Sie Laschen oder Stifte durch einen Schlitz schieben. Sie k\u00f6nnen dieses Modell ganz ohne Klebstoff zusammenbauen! Eine gute Spitz- und Schneidezange ist jedoch sehr n\u00fctzlich. In der Verpackung wird die praktische Anleitung immer Schritt f\u00fcr Schritt erkl\u00e4rt.<\/p>\n<p>Anleitung PDF: MEM041<br \/>\nAnzahl der Bl\u00e4tter: 1 Blatt<br \/>\nSchwierigkeitsgrad: Leicht<br \/>\nAbmessungen der Verpackung in mm: 120 x 170 x 2<\/p>\n","protected":false},"excerpt":{"rendered":"<p>METALLERDE<\/p>\n","protected":false},"featured_media":374560,"template":"","meta":{"_improvement_type_select":"improve_an_existing","_thumb_yes_seoaic":false,"_frame_yes_seoaic":false,"seoaic_generate_description":"","seoaic_improve_instructions_prompt":"","seoaic_rollback_content_improvement":"","seoaic_idea_thumbnail_generator":"","thumbnail_generated":false,"thumbnail_generate_prompt":"","seoaic_article_description":"","product-afmeting-lengte-mm":"","product-afmeting-breedte-mm":"","product-afmeting-hoogte-mm":""},"product_brand":[],"product_cat":[1714,1499,2558],"product_tag":[],"class_list":{"0":"post-428191","1":"product","2":"type-product","3":"status-publish","4":"has-post-thumbnail","6":"product_cat-metall-erde","7":"product_cat-modellbau","8":"product_cat-aanbieding-de","9":"pa_merken-metallerde","11":"first","12":"instock","13":"sale","14":"taxable","15":"shipping-taxable","16":"purchasable","17":"product-type-simple"},"df_price":7.48,"df_sale_price":7.48,"df_regular_price":14.95,"df_image_link":"https:\/\/www.speedcube.nl\/wp-content\/uploads\/2023\/06\/Productvisuals_Modelbouw-Metal-Earth-bugs-bunny-1-285x300.jpg","_links":{"self":[{"href":"https:\/\/www.speedcube.nl\/de\/wp-json\/wp\/v2\/product\/428191","targetHints":{"allow":["GET"]}}],"collection":[{"href":"https:\/\/www.speedcube.nl\/de\/wp-json\/wp\/v2\/product"}],"about":[{"href":"https:\/\/www.speedcube.nl\/de\/wp-json\/wp\/v2\/types\/product"}],"version-history":[{"count":0,"href":"https:\/\/www.speedcube.nl\/de\/wp-json\/wp\/v2\/product\/428191\/revisions"}],"wp:featuredmedia":[{"embeddable":true,"href":"https:\/\/www.speedcube.nl\/de\/wp-json\/wp\/v2\/media\/374560"}],"wp:attachment":[{"href":"https:\/\/www.speedcube.nl\/de\/wp-json\/wp\/v2\/media?parent=428191"}],"wp:term":[{"taxonomy":"product_brand","embeddable":true,"href":"https:\/\/www.speedcube.nl\/de\/wp-json\/wp\/v2\/product_brand?post=428191"},{"taxonomy":"product_cat","embeddable":true,"href":"https:\/\/www.speedcube.nl\/de\/wp-json\/wp\/v2\/product_cat?post=428191"},{"taxonomy":"product_tag","embeddable":true,"href":"https:\/\/www.speedcube.nl\/de\/wp-json\/wp\/v2\/product_tag?post=428191"}],"curies":[{"name":"wp","href":"https:\/\/api.w.org\/{rel}","templated":true}]}}