{"id":428166,"date":"2019-02-13T17:44:00","date_gmt":"2019-02-13T16:44:00","guid":{"rendered":"https:\/\/www.speedcube.nl\/unkategorisiert\/metall-erde-iconx-eiffelturm\/"},"modified":"2026-04-22T05:04:11","modified_gmt":"2026-04-22T03:04:11","slug":"metall-erde-iconx-eiffelturm","status":"publish","type":"product","link":"https:\/\/www.speedcube.nl\/de\/modellbau\/sehenswurdigkeiten\/metall-erde-iconx-eiffelturm\/","title":{"rendered":"Metall Erde Iconx Eiffelturm"},"content":{"rendered":"<p>Der Eiffelturm ist ein Denkmal in Paris. Der Turm steht am linken Ufer der Seine im 7. Arrondissement. Der Eiffelturm ist das weltweite Symbol von Paris. Der Turm wurde f\u00fcr die Weltausstellung von 1889 gebaut und ist nach seinem Erbauer Gustave Eiffel benannt. Das 300 Meter hohe Geb\u00e4ude war bis 1930 das h\u00f6chste Geb\u00e4ude der Welt, bis das Chrysler Building in New York gebaut wurde.<\/p>\n<p>PDF-Anleitung: ICX011<br \/>\nAnzahl der Bl\u00e4tter: 1 Blatt<br \/>\nSchwierigkeitsgrad: Leicht<br \/>\nProduktabmessungen in mm: 45 x 45 x 100<br \/>\nAbmessungen der Verpackung in mm: 169 x 122 x 2<\/p>\n<p>&nbsp;<\/p>\n","protected":false},"excerpt":{"rendered":"<p>METALLERDE<\/p>\n","protected":false},"featured_media":374644,"template":"","meta":{"_improvement_type_select":"improve_an_existing","_thumb_yes_seoaic":false,"_frame_yes_seoaic":false,"seoaic_generate_description":"","seoaic_improve_instructions_prompt":"","seoaic_rollback_content_improvement":"","seoaic_idea_thumbnail_generator":"","thumbnail_generated":false,"thumbnail_generate_prompt":"","seoaic_article_description":"","product-afmeting-lengte-mm":"","product-afmeting-breedte-mm":"","product-afmeting-hoogte-mm":""},"product_brand":[],"product_cat":[1500,1714,1720,1499,1723],"product_tag":[],"class_list":{"0":"post-428166","1":"product","2":"type-product","3":"status-publish","4":"has-post-thumbnail","6":"product_cat-baukasten-fur-erwachsene","7":"product_cat-metall-erde","8":"product_cat-metallbaukasten","9":"product_cat-modellbau","10":"product_cat-sehenswurdigkeiten","11":"pa_merken-metallerde","13":"first","14":"instock","15":"taxable","16":"shipping-taxable","17":"purchasable","18":"product-type-simple"},"df_price":17.5,"df_sale_price":"","df_regular_price":17.5,"df_image_link":"https:\/\/www.speedcube.nl\/wp-content\/uploads\/2023\/06\/Productvisuals_Modelbouw-Metal-Earth-iconx-eiffel-tower-1-285x300.jpg","_links":{"self":[{"href":"https:\/\/www.speedcube.nl\/de\/wp-json\/wp\/v2\/product\/428166","targetHints":{"allow":["GET"]}}],"collection":[{"href":"https:\/\/www.speedcube.nl\/de\/wp-json\/wp\/v2\/product"}],"about":[{"href":"https:\/\/www.speedcube.nl\/de\/wp-json\/wp\/v2\/types\/product"}],"version-history":[{"count":0,"href":"https:\/\/www.speedcube.nl\/de\/wp-json\/wp\/v2\/product\/428166\/revisions"}],"wp:featuredmedia":[{"embeddable":true,"href":"https:\/\/www.speedcube.nl\/de\/wp-json\/wp\/v2\/media\/374644"}],"wp:attachment":[{"href":"https:\/\/www.speedcube.nl\/de\/wp-json\/wp\/v2\/media?parent=428166"}],"wp:term":[{"taxonomy":"product_brand","embeddable":true,"href":"https:\/\/www.speedcube.nl\/de\/wp-json\/wp\/v2\/product_brand?post=428166"},{"taxonomy":"product_cat","embeddable":true,"href":"https:\/\/www.speedcube.nl\/de\/wp-json\/wp\/v2\/product_cat?post=428166"},{"taxonomy":"product_tag","embeddable":true,"href":"https:\/\/www.speedcube.nl\/de\/wp-json\/wp\/v2\/product_tag?post=428166"}],"curies":[{"name":"wp","href":"https:\/\/api.w.org\/{rel}","templated":true}]}}