{"id":428149,"date":"2019-02-15T16:11:00","date_gmt":"2019-02-15T15:11:00","guid":{"rendered":"https:\/\/www.speedcube.nl\/unkategorisiert\/hoelzerne-stadt-mechanisches-bild\/"},"modified":"2026-04-24T05:02:26","modified_gmt":"2026-04-24T03:02:26","slug":"hoelzerne-stadt-mechanisches-bild","status":"publish","type":"product","link":"https:\/\/www.speedcube.nl\/de\/modellbau\/holzerne-stadt\/hoelzerne-stadt-mechanisches-bild\/","title":{"rendered":"H\u00f6lzerne Stadt Mechanisches Bild"},"content":{"rendered":"<p>Das mechanische Bild ist ein h\u00f6lzernes 3D-Puzzle, eines unserer meistverkauften lasergeschnittenen Holzmodelle. Man kann das Mechanische Bild am besten mit einer &#8222;Live&#8220;-Fotografie vergleichen: Mit einer Taste wird das Standbild aktiviert, wodurch sich der gesamte Mechanismus bewegt und sch\u00f6ne Muster bildet. Da sich die Muster in entgegengesetzte Richtungen drehen, entsteht eine wunderbare Illusion! Das mechanische Bild ist wundersch\u00f6n detailliert. Mit einem Laserbrenner wurden die Elemente weiter ausgearbeitet und mit feinen Details versehen<\/p>\n<p>Dieser Bausatz von Wooden City bietet Ihnen stundenlangen 3D-Puzzlespa\u00df. Es handelt sich um eine moderne Form von 3D-Puzzles zur Selbstmontage ohne Verwendung von Klebstoff. Alle Teile des Wooden City 3D-Puzzles sind mit gro\u00dfer Pr\u00e4zision lasergeschnitten. Die Teile k\u00f6nnen aus der Form gepresst und anschlie\u00dfend zusammengesetzt werden.<\/p>\n<p>Alter: 14+<br \/>\nErstellt: Polen<br \/>\nMaterial: Sperrholz Birke<br \/>\nProduktabmessungen in mm: 347 x 231 x 62<br \/>\nMontagezeit: 7 Stunden<\/p>\n","protected":false},"excerpt":{"rendered":"<p>HOLZSTADT<\/p>\n","protected":false},"featured_media":375104,"template":"","meta":{"_improvement_type_select":"improve_an_existing","_thumb_yes_seoaic":false,"_frame_yes_seoaic":false,"seoaic_generate_description":"","seoaic_improve_instructions_prompt":"","seoaic_rollback_content_improvement":"","seoaic_idea_thumbnail_generator":"","thumbnail_generated":false,"thumbnail_generate_prompt":"","seoaic_article_description":"","product-afmeting-lengte-mm":"","product-afmeting-breedte-mm":"","product-afmeting-hoogte-mm":""},"product_brand":[],"product_cat":[2851,1499,2558],"product_tag":[],"class_list":{"0":"post-428149","1":"product","2":"type-product","3":"status-publish","4":"has-post-thumbnail","6":"product_cat-holzerne-stadt","7":"product_cat-modellbau","8":"product_cat-aanbieding-de","9":"pa_merken-holzstadt","11":"first","12":"instock","13":"sale","14":"taxable","15":"shipping-taxable","16":"purchasable","17":"product-type-simple"},"df_price":44.98,"df_sale_price":44.98,"df_regular_price":89.95,"df_image_link":"https:\/\/www.speedcube.nl\/wp-content\/uploads\/2023\/06\/Productvisuals_Modelbouw-Wooden-City-mechanical-picture-1-285x300.jpg","_links":{"self":[{"href":"https:\/\/www.speedcube.nl\/de\/wp-json\/wp\/v2\/product\/428149","targetHints":{"allow":["GET"]}}],"collection":[{"href":"https:\/\/www.speedcube.nl\/de\/wp-json\/wp\/v2\/product"}],"about":[{"href":"https:\/\/www.speedcube.nl\/de\/wp-json\/wp\/v2\/types\/product"}],"version-history":[{"count":0,"href":"https:\/\/www.speedcube.nl\/de\/wp-json\/wp\/v2\/product\/428149\/revisions"}],"wp:featuredmedia":[{"embeddable":true,"href":"https:\/\/www.speedcube.nl\/de\/wp-json\/wp\/v2\/media\/375104"}],"wp:attachment":[{"href":"https:\/\/www.speedcube.nl\/de\/wp-json\/wp\/v2\/media?parent=428149"}],"wp:term":[{"taxonomy":"product_brand","embeddable":true,"href":"https:\/\/www.speedcube.nl\/de\/wp-json\/wp\/v2\/product_brand?post=428149"},{"taxonomy":"product_cat","embeddable":true,"href":"https:\/\/www.speedcube.nl\/de\/wp-json\/wp\/v2\/product_cat?post=428149"},{"taxonomy":"product_tag","embeddable":true,"href":"https:\/\/www.speedcube.nl\/de\/wp-json\/wp\/v2\/product_tag?post=428149"}],"curies":[{"name":"wp","href":"https:\/\/api.w.org\/{rel}","templated":true}]}}