{"id":428148,"date":"2019-02-15T10:37:00","date_gmt":"2019-02-15T09:37:00","guid":{"rendered":"https:\/\/www.speedcube.nl\/unkategorisiert\/hoelzerne-stadt-widgets\/"},"modified":"2026-05-12T05:01:45","modified_gmt":"2026-05-12T03:01:45","slug":"hoelzerne-stadt-widgets","status":"publish","type":"product","link":"https:\/\/www.speedcube.nl\/de\/modellbau\/holzerne-stadt\/hoelzerne-stadt-widgets\/","title":{"rendered":"H\u00f6lzerne Stadt Widgets"},"content":{"rendered":"<p>Manchmal muss man lange warten, bis man an der Reihe ist, wenn man zum Arzt geht. Manchmal haben Ihre Fl\u00fcge Versp\u00e4tung, und Sie m\u00fcssen ungeduldig auf Ihren lange versp\u00e4teten Abflug warten. Was k\u00f6nnen Sie tun, w\u00e4hrend Sie warten? Sie k\u00f6nnen ein Buch lesen oder eine Zeit lang im Internet surfen. Aber wenn Ihre Nerven bereits am Limit sind, ist es vielleicht besser, sich einfach zu beruhigen. Psychologen empfehlen die &#8222;Technik der Gelassenheit&#8220; &#8211; eine meditative \u00dcbung, bei der Sie die Kontrolle \u00fcber sich selbst \u00fcbernehmen und Ihre Gedanken wieder in Einklang bringen k\u00f6nnen. Wir bieten eine praktische M\u00f6glichkeit, dies zu tun &#8211; nehmen Sie unsere kleinen witzigen Widgets mit auf Reisen.<\/p>\n<p>Es gibt drei:<br \/>\n1. Mechanische R\u00e4der. Drehen Sie ein Rad mit Ihrem Finger, und der Rest sollte sich drehen.<br \/>\n2. Schl\u00fcsselanh\u00e4nger mit zwei Zahnr\u00e4dern. Drehen Sie ein Zahnrad mit dem Finger und das zweite bewegt sich ebenfalls.<br \/>\n3. Maut &#8211; Beginnen Sie, sich auf einer Fl\u00e4che zu drehen, und die Kinder werden fragen, ob sie damit spielen d\u00fcrfen! Aber geben Sie es nicht auf. L\u00e4cheln Sie und necken Sie sie ein wenig.<\/p>\n<p>Gewicht: 50 Gramm<br \/>\nAbmessungen: 106 x 59 x 1<\/p>\n","protected":false},"excerpt":{"rendered":"<p>HOLZSTADT<\/p>\n","protected":false},"featured_media":330575,"template":"","meta":{"_improvement_type_select":"improve_an_existing","_thumb_yes_seoaic":false,"_frame_yes_seoaic":false,"seoaic_generate_description":"","seoaic_improve_instructions_prompt":"","seoaic_rollback_content_improvement":"","seoaic_idea_thumbnail_generator":"","thumbnail_generated":false,"thumbnail_generate_prompt":"","seoaic_article_description":"","product-afmeting-lengte-mm":"","product-afmeting-breedte-mm":"","product-afmeting-hoogte-mm":""},"product_brand":[],"product_cat":[2851,1499,2558],"product_tag":[],"class_list":{"0":"post-428148","1":"product","2":"type-product","3":"status-publish","4":"has-post-thumbnail","6":"product_cat-holzerne-stadt","7":"product_cat-modellbau","8":"product_cat-aanbieding-de","9":"pa_merken-holzstadt","11":"first","12":"instock","13":"sale","14":"taxable","15":"shipping-taxable","16":"purchasable","17":"product-type-simple"},"df_price":3.58,"df_sale_price":3.58,"df_regular_price":8.95,"df_image_link":"https:\/\/www.speedcube.nl\/wp-content\/uploads\/2023\/03\/Productvisuals_Modelbouw-Wooden-City-widgets-285x300.jpg","_links":{"self":[{"href":"https:\/\/www.speedcube.nl\/de\/wp-json\/wp\/v2\/product\/428148","targetHints":{"allow":["GET"]}}],"collection":[{"href":"https:\/\/www.speedcube.nl\/de\/wp-json\/wp\/v2\/product"}],"about":[{"href":"https:\/\/www.speedcube.nl\/de\/wp-json\/wp\/v2\/types\/product"}],"version-history":[{"count":0,"href":"https:\/\/www.speedcube.nl\/de\/wp-json\/wp\/v2\/product\/428148\/revisions"}],"wp:featuredmedia":[{"embeddable":true,"href":"https:\/\/www.speedcube.nl\/de\/wp-json\/wp\/v2\/media\/330575"}],"wp:attachment":[{"href":"https:\/\/www.speedcube.nl\/de\/wp-json\/wp\/v2\/media?parent=428148"}],"wp:term":[{"taxonomy":"product_brand","embeddable":true,"href":"https:\/\/www.speedcube.nl\/de\/wp-json\/wp\/v2\/product_brand?post=428148"},{"taxonomy":"product_cat","embeddable":true,"href":"https:\/\/www.speedcube.nl\/de\/wp-json\/wp\/v2\/product_cat?post=428148"},{"taxonomy":"product_tag","embeddable":true,"href":"https:\/\/www.speedcube.nl\/de\/wp-json\/wp\/v2\/product_tag?post=428148"}],"curies":[{"name":"wp","href":"https:\/\/api.w.org\/{rel}","templated":true}]}}