{"id":428146,"date":"2019-02-13T18:06:00","date_gmt":"2019-02-13T17:06:00","guid":{"rendered":"https:\/\/www.speedcube.nl\/unkategorisiert\/metall-erde-iconx-pfau\/"},"modified":"2026-04-29T05:03:29","modified_gmt":"2026-04-29T03:03:29","slug":"metall-erde-iconx-pfau","status":"publish","type":"product","link":"https:\/\/www.speedcube.nl\/de\/modellbau\/modell-tiere\/metall-erde-iconx-pfau\/","title":{"rendered":"Metall Erde Iconx Pfau"},"content":{"rendered":"<p>Nimm die Herausforderung an, deinen eigenen detaillierten Pfau zu bauen &#8211; mit diesem lasergeschnittenen 3D-Modellbausatz von ICONX! Das Set enth\u00e4lt Metallplatten mit vielen Teilen zum Ausschneiden. Schneiden Sie zun\u00e4chst die Teile aus und f\u00fcgen Sie sie gem\u00e4\u00df der bebilderten Schritt-f\u00fcr-Schritt-Anleitung zusammen. Das Paket kombiniert den Spa\u00df am Puzzeln und am Bauen eines Modells! F\u00fcr die Herstellung dieses Bausatzes ben\u00f6tigen Sie eine Feinspitz- und eine Schneidzange, die nicht im Lieferumfang enthalten sind.<\/p>\n<p>Anleitung PDF:ICX112<br \/>\nAnzahl der Bl\u00e4tter: 4 Bl\u00e4tter<br \/>\nSchwierigkeitsgrad: Herausfordernd<br \/>\nAbmessungen des Blattes in mm: 210 x 110<br \/>\nAbmessungen der Verpackung in mm: 245 x 135 x 15<\/p>\n","protected":false},"excerpt":{"rendered":"<p>METALLERDE<\/p>\n","protected":false},"featured_media":374804,"template":"","meta":{"_improvement_type_select":"improve_an_existing","_thumb_yes_seoaic":false,"_frame_yes_seoaic":false,"seoaic_generate_description":"","seoaic_improve_instructions_prompt":"","seoaic_rollback_content_improvement":"","seoaic_idea_thumbnail_generator":"","thumbnail_generated":false,"thumbnail_generate_prompt":"","seoaic_article_description":"","product-afmeting-lengte-mm":"","product-afmeting-breedte-mm":"","product-afmeting-hoogte-mm":""},"product_brand":[],"product_cat":[1500,1714,1720,2089,1499],"product_tag":[],"class_list":{"0":"post-428146","1":"product","2":"type-product","3":"status-publish","4":"has-post-thumbnail","6":"product_cat-baukasten-fur-erwachsene","7":"product_cat-metall-erde","8":"product_cat-metallbaukasten","9":"product_cat-modell-tiere","10":"product_cat-modellbau","11":"pa_merken-metallerde","13":"first","14":"outofstock","15":"taxable","16":"shipping-taxable","17":"purchasable","18":"product-type-simple"},"df_price":39.95,"df_sale_price":"","df_regular_price":39.95,"df_image_link":"https:\/\/www.speedcube.nl\/wp-content\/uploads\/2023\/06\/Productvisuals_Modelbouw-Metal-Earth-iconx-pauw-1-285x300.jpg","_links":{"self":[{"href":"https:\/\/www.speedcube.nl\/de\/wp-json\/wp\/v2\/product\/428146","targetHints":{"allow":["GET"]}}],"collection":[{"href":"https:\/\/www.speedcube.nl\/de\/wp-json\/wp\/v2\/product"}],"about":[{"href":"https:\/\/www.speedcube.nl\/de\/wp-json\/wp\/v2\/types\/product"}],"version-history":[{"count":0,"href":"https:\/\/www.speedcube.nl\/de\/wp-json\/wp\/v2\/product\/428146\/revisions"}],"wp:featuredmedia":[{"embeddable":true,"href":"https:\/\/www.speedcube.nl\/de\/wp-json\/wp\/v2\/media\/374804"}],"wp:attachment":[{"href":"https:\/\/www.speedcube.nl\/de\/wp-json\/wp\/v2\/media?parent=428146"}],"wp:term":[{"taxonomy":"product_brand","embeddable":true,"href":"https:\/\/www.speedcube.nl\/de\/wp-json\/wp\/v2\/product_brand?post=428146"},{"taxonomy":"product_cat","embeddable":true,"href":"https:\/\/www.speedcube.nl\/de\/wp-json\/wp\/v2\/product_cat?post=428146"},{"taxonomy":"product_tag","embeddable":true,"href":"https:\/\/www.speedcube.nl\/de\/wp-json\/wp\/v2\/product_tag?post=428146"}],"curies":[{"name":"wp","href":"https:\/\/api.w.org\/{rel}","templated":true}]}}