{"id":428137,"date":"2019-02-13T18:35:00","date_gmt":"2019-02-13T17:35:00","guid":{"rendered":"https:\/\/www.speedcube.nl\/unkategorisiert\/metall-erde-iconx-papagei\/"},"modified":"2026-05-10T05:03:36","modified_gmt":"2026-05-10T03:03:36","slug":"metall-erde-iconx-papagei","status":"publish","type":"product","link":"https:\/\/www.speedcube.nl\/de\/modellbau\/modell-tiere\/metall-erde-iconx-papagei\/","title":{"rendered":"Metall Erde Iconx Papagei"},"content":{"rendered":"<p>Aras sind eine Gruppe hochintelligenter, verspielter und farbenfroher Papageien, die in S\u00fcd- und Mittelamerika leben. Sie ern\u00e4hren sich von einer Vielzahl von Nahrungsmitteln, darunter Samen, N\u00fcsse, Fr\u00fcchte, Palmfr\u00fcchte, Bl\u00e4tter, Bl\u00fcten und St\u00e4ngel. Aras sind die gr\u00f6\u00dften Papageien der Welt, und mit ihrer Eleganz und Sch\u00f6nheit verzaubern sie jeden, der sie sieht.<\/p>\n<p>Metal Earth wird aus kleinen Teilen hergestellt, die mit einem Laser in ein d\u00fcnnes Metallblech geschnitten werden. Entfernen Sie zun\u00e4chst alle vorgestanzten Teile aus dem Blech, indem Sie sie schneiden, verdrehen oder falten. Sie k\u00f6nnen dieses Modell aus Metal Earth komplett ohne Klebstoff zusammenbauen. Sie k\u00f6nnen eine Spitz- und Schneidezange verwenden. Eine schrittweise Montageanleitung liegt bei.<\/p>\n<p>Anleitung PDF: icx118<br \/>\nAnzahl der Bl\u00e4tter: 3 Bl\u00e4tter<br \/>\nSchwierigkeitsgrad: Herausfordernd<br \/>\nAbmessungen des Blattes in mm: 210 x 110<br \/>\nAbmessungen der Verpackung in mm: 220 x 130 x 15<\/p>\n","protected":false},"excerpt":{"rendered":"<p>METALLERDE<\/p>\n","protected":false},"featured_media":374840,"template":"","meta":{"_improvement_type_select":"improve_an_existing","_thumb_yes_seoaic":false,"_frame_yes_seoaic":false,"seoaic_generate_description":"","seoaic_improve_instructions_prompt":"","seoaic_rollback_content_improvement":"","seoaic_idea_thumbnail_generator":"","thumbnail_generated":false,"thumbnail_generate_prompt":"","seoaic_article_description":"","product-afmeting-lengte-mm":"","product-afmeting-breedte-mm":"","product-afmeting-hoogte-mm":""},"product_brand":[],"product_cat":[1500,1714,1720,2089,1499],"product_tag":[],"class_list":{"0":"post-428137","1":"product","2":"type-product","3":"status-publish","4":"has-post-thumbnail","6":"product_cat-baukasten-fur-erwachsene","7":"product_cat-metall-erde","8":"product_cat-metallbaukasten","9":"product_cat-modell-tiere","10":"product_cat-modellbau","11":"pa_merken-metallerde","13":"first","14":"outofstock","15":"taxable","16":"shipping-taxable","17":"purchasable","18":"product-type-simple"},"df_price":39.95,"df_sale_price":"","df_regular_price":39.95,"df_image_link":"https:\/\/www.speedcube.nl\/wp-content\/uploads\/2023\/06\/Productvisuals_Modelbouw-Metal-Earth-iconx-papegaai-1-285x300.jpg","_links":{"self":[{"href":"https:\/\/www.speedcube.nl\/de\/wp-json\/wp\/v2\/product\/428137","targetHints":{"allow":["GET"]}}],"collection":[{"href":"https:\/\/www.speedcube.nl\/de\/wp-json\/wp\/v2\/product"}],"about":[{"href":"https:\/\/www.speedcube.nl\/de\/wp-json\/wp\/v2\/types\/product"}],"version-history":[{"count":0,"href":"https:\/\/www.speedcube.nl\/de\/wp-json\/wp\/v2\/product\/428137\/revisions"}],"wp:featuredmedia":[{"embeddable":true,"href":"https:\/\/www.speedcube.nl\/de\/wp-json\/wp\/v2\/media\/374840"}],"wp:attachment":[{"href":"https:\/\/www.speedcube.nl\/de\/wp-json\/wp\/v2\/media?parent=428137"}],"wp:term":[{"taxonomy":"product_brand","embeddable":true,"href":"https:\/\/www.speedcube.nl\/de\/wp-json\/wp\/v2\/product_brand?post=428137"},{"taxonomy":"product_cat","embeddable":true,"href":"https:\/\/www.speedcube.nl\/de\/wp-json\/wp\/v2\/product_cat?post=428137"},{"taxonomy":"product_tag","embeddable":true,"href":"https:\/\/www.speedcube.nl\/de\/wp-json\/wp\/v2\/product_tag?post=428137"}],"curies":[{"name":"wp","href":"https:\/\/api.w.org\/{rel}","templated":true}]}}