{"id":428129,"date":"2019-02-15T11:40:00","date_gmt":"2019-02-15T10:40:00","guid":{"rendered":"https:\/\/www.speedcube.nl\/unkategorisiert\/hoelzerne-stadt-london-bus\/"},"modified":"2026-05-05T05:12:14","modified_gmt":"2026-05-05T03:12:14","slug":"hoelzerne-stadt-london-bus","status":"publish","type":"product","link":"https:\/\/www.speedcube.nl\/de\/modellbau\/holzerne-stadt\/hoelzerne-stadt-london-bus\/","title":{"rendered":"H\u00f6lzerne Stadt London Bus"},"content":{"rendered":"<p>Dieser Bus wurde zum Symbol f\u00fcr London und zur Visitenkarte der Stadt in allen Reiseb\u00fcchern der Welt! Der rote Doppeldeckerbus mit dem t\u00fcrlosen, offenen Bahnsteig, der die Fahrg\u00e4ste ein- und aussteigen l\u00e4sst, geh\u00f6rt nat\u00fcrlich zu den am besten erkennbaren Erscheinungen im Londoner Stra\u00dfenbild. Im Jahr 1954 wurde der erste Prototyp des Doppeldeckers gebaut (2 Jahre sp\u00e4ter, im Februar 1956, wurde er zum ersten Mal in Betrieb genommen), und im Dezember 2005 absolvierte der Bus seine letzte Fahrt als Stadtbus. Jetzt wird der Bus immer noch h\u00e4ufig von Touristen benutzt.<\/p>\n<p>Der London Bus von Wooden City kann sogar mit seinem Gummibandmotor fahren. Im Inneren des voll belichteten Busses kann man sehen, wie sich die Zahnr\u00e4der drehen, sobald man den Bus f\u00e4hrt. Die sch\u00f6nen Details dieses Modells regen die Fantasie an, die br\u00fcnierten Linien des Busses und die R\u00e4der machen den Bus wirklich komplett. Dieser Bausatz von Wooden City bietet Ihnen stundenlangen 3D-Puzzlespa\u00df. Es handelt sich um eine moderne Form von 3D-Puzzles zur Selbstmontage ohne Verwendung von Klebstoff. Alle Teile des h\u00f6lzernen City 3D-Puzzles sind mit gro\u00dfer Pr\u00e4zision lasergeschnitten. Die Teile k\u00f6nnen aus der Form gepresst und anschlie\u00dfend zusammengesetzt werden.<\/p>\n<p>Alter: 14<br \/>\nErstellt: Polen<br \/>\nMaterial: Sperrholz Birke<br \/>\nProduktabmessungen in mm: 232 x 70 x 115<br \/>\nMontagezeit: 6 Stunden<\/p>\n","protected":false},"excerpt":{"rendered":"<p>HOLZSTADT<\/p>\n","protected":false},"featured_media":374972,"template":"","meta":{"_improvement_type_select":"improve_an_existing","_thumb_yes_seoaic":false,"_frame_yes_seoaic":false,"seoaic_generate_description":"","seoaic_improve_instructions_prompt":"","seoaic_rollback_content_improvement":"","seoaic_idea_thumbnail_generator":"","thumbnail_generated":false,"thumbnail_generate_prompt":"","seoaic_article_description":"","product-afmeting-lengte-mm":"","product-afmeting-breedte-mm":"","product-afmeting-hoogte-mm":""},"product_brand":[],"product_cat":[2851,1499,2558],"product_tag":[],"class_list":{"0":"post-428129","1":"product","2":"type-product","3":"status-publish","4":"has-post-thumbnail","6":"product_cat-holzerne-stadt","7":"product_cat-modellbau","8":"product_cat-aanbieding-de","9":"pa_merken-holzstadt","11":"first","12":"instock","13":"sale","14":"taxable","15":"shipping-taxable","16":"purchasable","17":"product-type-simple"},"df_price":19.98,"df_sale_price":19.98,"df_regular_price":49.95,"df_image_link":"https:\/\/www.speedcube.nl\/wp-content\/uploads\/2023\/06\/Productvisuals_Modelbouw-Wooden-City-london-bus-1-285x300.jpg","_links":{"self":[{"href":"https:\/\/www.speedcube.nl\/de\/wp-json\/wp\/v2\/product\/428129","targetHints":{"allow":["GET"]}}],"collection":[{"href":"https:\/\/www.speedcube.nl\/de\/wp-json\/wp\/v2\/product"}],"about":[{"href":"https:\/\/www.speedcube.nl\/de\/wp-json\/wp\/v2\/types\/product"}],"version-history":[{"count":0,"href":"https:\/\/www.speedcube.nl\/de\/wp-json\/wp\/v2\/product\/428129\/revisions"}],"wp:featuredmedia":[{"embeddable":true,"href":"https:\/\/www.speedcube.nl\/de\/wp-json\/wp\/v2\/media\/374972"}],"wp:attachment":[{"href":"https:\/\/www.speedcube.nl\/de\/wp-json\/wp\/v2\/media?parent=428129"}],"wp:term":[{"taxonomy":"product_brand","embeddable":true,"href":"https:\/\/www.speedcube.nl\/de\/wp-json\/wp\/v2\/product_brand?post=428129"},{"taxonomy":"product_cat","embeddable":true,"href":"https:\/\/www.speedcube.nl\/de\/wp-json\/wp\/v2\/product_cat?post=428129"},{"taxonomy":"product_tag","embeddable":true,"href":"https:\/\/www.speedcube.nl\/de\/wp-json\/wp\/v2\/product_tag?post=428129"}],"curies":[{"name":"wp","href":"https:\/\/api.w.org\/{rel}","templated":true}]}}