{"id":428104,"date":"2019-02-17T08:21:00","date_gmt":"2019-02-17T07:21:00","guid":{"rendered":"https:\/\/www.speedcube.nl\/unkategorisiert\/hoelzerner-stadt-doppeldecker\/"},"modified":"2026-04-18T05:00:22","modified_gmt":"2026-04-18T03:00:22","slug":"hoelzerner-stadt-doppeldecker","status":"publish","type":"product","link":"https:\/\/www.speedcube.nl\/de\/modellbau\/holzerne-stadt\/hoelzerner-stadt-doppeldecker\/","title":{"rendered":"H\u00f6lzerner Stadt-Doppeldecker"},"content":{"rendered":"<p>Begeben Sie sich mit diesem Doppeldecker auf Ihr eigenes Indiana-Jones-Abenteuer und stellen Sie sich vor, wie Sie mit dem Tagebuch Ihres Vaters durch die L\u00fcfte fliegen und vor Verfolgern fliehen, genau wie in dem Film Indiana Jones und der letzte Kreuzzug. Wenn Sie ein Romantiker sind, k\u00f6nnen Sie mit diesem Doppeldecker auf den Spuren des franz\u00f6sischen Schriftstellers und Luftfahrtpioniers Antoine de Saint-Exup\u00e9ry wandeln. Treffen Sie seine ber\u00fchmte Figur, den Kleinen Prinzen, und bringen Sie ihm bei, das Flugzeug zu reparieren. \u00dcbrigens gibt es auf dem ehemaligen Flugplatz Averropostale s\u00fcdwestlich der marokkanischen Stadt Tarfaya ein kleines Museum mit einem besonderen doppelst\u00f6ckigen Denkmal vor dem Geb\u00e4ude, das Saint-Exup\u00e9ry gewidmet ist.<\/p>\n<p>Dieser Bausatz von Wooden City bietet Ihnen stundenlangen 3D-Puzzlespa\u00df. Es handelt sich um eine moderne Form von 3D-Puzzles zur Selbstmontage ohne Verwendung von Klebstoff. Mit gro\u00dfer Pr\u00e4zision wurden alle Teile der Wooden City 3D mit dem Laser ausgeschnitten. Die Teile k\u00f6nnen aus der Form gepresst und anschlie\u00dfend zusammengesetzt werden.<\/p>\n<p>Alter: 14<br \/>\nErstellt: Polen<br \/>\nMaterial: Sperrholz Birke<br \/>\nProduktabmessungen in mm: 161 x 140 x 88<br \/>\nMontagezeit: 1,5 Stunden<\/p>\n","protected":false},"excerpt":{"rendered":"<p>HOLZSTADT<\/p>\n","protected":false},"featured_media":374892,"template":"","meta":{"_improvement_type_select":"improve_an_existing","_thumb_yes_seoaic":false,"_frame_yes_seoaic":false,"seoaic_generate_description":"","seoaic_improve_instructions_prompt":"","seoaic_rollback_content_improvement":"","seoaic_idea_thumbnail_generator":"","thumbnail_generated":false,"thumbnail_generate_prompt":"","seoaic_article_description":"","product-afmeting-lengte-mm":"","product-afmeting-breedte-mm":"","product-afmeting-hoogte-mm":""},"product_brand":[],"product_cat":[2851,1499,2558],"product_tag":[],"class_list":{"0":"post-428104","1":"product","2":"type-product","3":"status-publish","4":"has-post-thumbnail","6":"product_cat-holzerne-stadt","7":"product_cat-modellbau","8":"product_cat-aanbieding-de","9":"pa_merken-holzstadt","11":"first","12":"instock","13":"sale","14":"taxable","15":"shipping-taxable","16":"purchasable","17":"product-type-simple"},"df_price":12.48,"df_sale_price":12.48,"df_regular_price":24.95,"df_image_link":"https:\/\/www.speedcube.nl\/wp-content\/uploads\/2023\/06\/Productvisuals_Modelbouw-Wooden-City-biplane-1-285x300.jpg","_links":{"self":[{"href":"https:\/\/www.speedcube.nl\/de\/wp-json\/wp\/v2\/product\/428104","targetHints":{"allow":["GET"]}}],"collection":[{"href":"https:\/\/www.speedcube.nl\/de\/wp-json\/wp\/v2\/product"}],"about":[{"href":"https:\/\/www.speedcube.nl\/de\/wp-json\/wp\/v2\/types\/product"}],"version-history":[{"count":0,"href":"https:\/\/www.speedcube.nl\/de\/wp-json\/wp\/v2\/product\/428104\/revisions"}],"wp:featuredmedia":[{"embeddable":true,"href":"https:\/\/www.speedcube.nl\/de\/wp-json\/wp\/v2\/media\/374892"}],"wp:attachment":[{"href":"https:\/\/www.speedcube.nl\/de\/wp-json\/wp\/v2\/media?parent=428104"}],"wp:term":[{"taxonomy":"product_brand","embeddable":true,"href":"https:\/\/www.speedcube.nl\/de\/wp-json\/wp\/v2\/product_brand?post=428104"},{"taxonomy":"product_cat","embeddable":true,"href":"https:\/\/www.speedcube.nl\/de\/wp-json\/wp\/v2\/product_cat?post=428104"},{"taxonomy":"product_tag","embeddable":true,"href":"https:\/\/www.speedcube.nl\/de\/wp-json\/wp\/v2\/product_tag?post=428104"}],"curies":[{"name":"wp","href":"https:\/\/api.w.org\/{rel}","templated":true}]}}