{"id":428102,"date":"2019-03-04T08:35:00","date_gmt":"2019-03-04T07:35:00","guid":{"rendered":"https:\/\/www.speedcube.nl\/unkategorisiert\/ugears-vm-express\/"},"modified":"2026-05-03T05:26:37","modified_gmt":"2026-05-03T03:26:37","slug":"ugears-vm-express","status":"publish","type":"product","link":"https:\/\/www.speedcube.nl\/de\/modellbau\/zuge\/ugears-vm-express\/","title":{"rendered":"Ugears VM Express"},"content":{"rendered":"<p>Ein wichtiges Symbol der industriellen Revolution ist die Dampflokomotive mit Kohlenwagen. Die detaillierte Konstruktion des VM-Express mit beweglichen Details: Zahnr\u00e4der, ein Schwungrad, die Arbeit des Zylinder-Kolbens. Der Kohlewagen hat eine Klappe, die man mit einem kleinen Riegel schlie\u00dfen kann. Nat\u00fcrlich wird auch dieses Modell von einem Gummimotor angetrieben.<\/p>\n<p>Ein voller R\u00fccklauf gibt Ihrem V-Express genug Energie, um eine Strecke von bis zu vier Metern zur\u00fcckzulegen. Die Richtung kann durch Umlegen eines kleinen Hebels an der Seite des Geh\u00e4uses ge\u00e4ndert werden. Die Lokomotive hat drei G\u00e4nge: Vorw\u00e4rts, R\u00fcckw\u00e4rts und Stillstand. Wenn der Mechanismus des Modells inaktiv ist, k\u00f6nnen Sie die Arbeit der beweglichen Elemente gefahrlos beobachten, ohne sich Sorgen zu machen, dass Ihr Zug in Rauch aufgeht. Wenn Sie eine weitere spannende Option Ihres neuen Modells testen m\u00f6chten, schalten Sie den R\u00fcckw\u00e4rtsgang ein. Der V-Wagen rollt r\u00fcckw\u00e4rts und verbindet sich automatisch mit seinem Kohlewagen.<\/p>\n<p>Der Kohlewagen des V-Express-Dampfzuges ist eine eigene Geschichte wert. Der Kohlenwagen mit Klappen auf beiden Seiten hat eine Luke, die man mit einem kleinen Riegel schlie\u00dfen kann. Nat\u00fcrlich wird dieses Modell von einem Gummibandmotor angetrieben. Auf diese Weise braucht die Lokomotive keine Kohle und es bleibt genug Platz im Tender f\u00fcr eine kleine Ladung, die Sie vielleicht liefern m\u00f6chten: S\u00fc\u00dfigkeiten, Schmuck oder Nachrichten? Das Set V-Express Dampfzug mit Kohlewagen enth\u00e4lt au\u00dferdem ein 2,45 Meter langes Gleis.<\/p>\n<p>Produktabmessungen in mm: 560 x 120 x 120<br \/>\nVerpackungsgr\u00f6\u00dfe in mm: 146 x 67 x 20<br \/>\nAnzahl der Teile: 538<br \/>\nGesch\u00e4tzte Montagezeit: 10 Stunden<\/p>\n","protected":false},"excerpt":{"rendered":"<p>UGEARS<\/p>\n","protected":false},"featured_media":375752,"template":"","meta":{"_improvement_type_select":"improve_an_existing","_thumb_yes_seoaic":false,"_frame_yes_seoaic":false,"seoaic_generate_description":"","seoaic_improve_instructions_prompt":"","seoaic_rollback_content_improvement":"","seoaic_idea_thumbnail_generator":"","thumbnail_generated":false,"thumbnail_generate_prompt":"","seoaic_article_description":"","product-afmeting-lengte-mm":"","product-afmeting-breedte-mm":"","product-afmeting-hoogte-mm":""},"product_brand":[],"product_cat":[1617,1500,1499,1709,1713,1731],"product_tag":[],"class_list":{"0":"post-428102","1":"product","2":"type-product","3":"status-publish","4":"has-post-thumbnail","6":"product_cat-baukasten-aus-holz","7":"product_cat-baukasten-fur-erwachsene","8":"product_cat-modellbau","9":"product_cat-modellfahrzeuge","10":"product_cat-ugears-modellbau","11":"product_cat-zuge","12":"pa_merken-ugears-de","14":"first","15":"instock","16":"taxable","17":"shipping-taxable","18":"purchasable","19":"product-type-simple"},"df_price":79.95,"df_sale_price":"","df_regular_price":79.95,"df_image_link":"https:\/\/www.speedcube.nl\/wp-content\/uploads\/2023\/06\/Productvisuals_Modelbouw-Ugears-vmexpress-1-285x300.jpg","_links":{"self":[{"href":"https:\/\/www.speedcube.nl\/de\/wp-json\/wp\/v2\/product\/428102","targetHints":{"allow":["GET"]}}],"collection":[{"href":"https:\/\/www.speedcube.nl\/de\/wp-json\/wp\/v2\/product"}],"about":[{"href":"https:\/\/www.speedcube.nl\/de\/wp-json\/wp\/v2\/types\/product"}],"version-history":[{"count":0,"href":"https:\/\/www.speedcube.nl\/de\/wp-json\/wp\/v2\/product\/428102\/revisions"}],"wp:featuredmedia":[{"embeddable":true,"href":"https:\/\/www.speedcube.nl\/de\/wp-json\/wp\/v2\/media\/375752"}],"wp:attachment":[{"href":"https:\/\/www.speedcube.nl\/de\/wp-json\/wp\/v2\/media?parent=428102"}],"wp:term":[{"taxonomy":"product_brand","embeddable":true,"href":"https:\/\/www.speedcube.nl\/de\/wp-json\/wp\/v2\/product_brand?post=428102"},{"taxonomy":"product_cat","embeddable":true,"href":"https:\/\/www.speedcube.nl\/de\/wp-json\/wp\/v2\/product_cat?post=428102"},{"taxonomy":"product_tag","embeddable":true,"href":"https:\/\/www.speedcube.nl\/de\/wp-json\/wp\/v2\/product_tag?post=428102"}],"curies":[{"name":"wp","href":"https:\/\/api.w.org\/{rel}","templated":true}]}}