{"id":428095,"date":"2019-02-16T14:43:00","date_gmt":"2019-02-16T13:43:00","guid":{"rendered":"https:\/\/www.speedcube.nl\/unkategorisiert\/hoelzerne-stadt-widgets-transport\/"},"modified":"2026-04-24T05:00:46","modified_gmt":"2026-04-24T03:00:46","slug":"hoelzerne-stadt-widgets-transport","status":"publish","type":"product","link":"https:\/\/www.speedcube.nl\/de\/modellbau\/holzerne-stadt\/hoelzerne-stadt-widgets-transport\/","title":{"rendered":"H\u00f6lzerne Stadt Widgets Transport"},"content":{"rendered":"<p>Eine kleine Lokomotive, ein Traktor und ein Flugzeug in einer Box! Original Wooden City Widgets f\u00fcr dekorative Schl\u00fcsselanh\u00e4nger, oder um Ihre Taschen oder Rucks\u00e4cke zu schm\u00fccken.<br \/>\nSie werden die Aufmerksamkeit anderer auf sich ziehen und sie werden fragen: &#8222;Hast du die selbst gemacht?&#8220; Dies ist eines der am einfachsten und schnellsten zusammenzubauenden Wooden City Puzzles. Sie sind nur ein kleines Spielzeug, mit dem man sich aufw\u00e4rmen kann, bevor man sich an die ernsthafte Arbeit macht, ein Modell mit bis zu 300 Teilen zusammenzubauen. Es sind nur 37 Teile, die hier zusammenkommen! Diese sind einfacher und schnell zu montieren und k\u00f6nnen ohne gro\u00dfes Nachdenken fertiggestellt werden! Alle Modelle sind mit einem Loch im Schl\u00fcsselring versehen, so dass sie an einem Gummiband oder einem Metallring befestigt werden k\u00f6nnen. Transportwidgets k\u00f6nnen eine preiswerte \u00dcberraschung sein, um einem Freund etwas Lustiges und Einzigartiges zu schenken!<\/p>\n<p>Dieser Bausatz von Wooden City bietet Ihnen stundenlangen 3D-Puzzlespa\u00df. Es handelt sich um eine moderne Form von 3D-Puzzles zur Selbstmontage ohne Verwendung von Klebstoff. Mit gro\u00dfer Pr\u00e4zision wurden alle Teile der Wooden City 3D mit dem Laser ausgeschnitten. Die Teile k\u00f6nnen aus der Form gepresst und anschlie\u00dfend zusammengesetzt werden.<\/p>\n<p>Alter: 14<br \/>\nErstellt: Polen<br \/>\nMaterial: Sperrholz Birke<br \/>\nMontagezeit: 15 Minuten pro St\u00fcck<\/p>\n","protected":false},"excerpt":{"rendered":"<p>HOLZSTADT<\/p>\n","protected":false},"featured_media":375236,"template":"","meta":{"_improvement_type_select":"improve_an_existing","_thumb_yes_seoaic":false,"_frame_yes_seoaic":false,"seoaic_generate_description":"","seoaic_improve_instructions_prompt":"","seoaic_rollback_content_improvement":"","seoaic_idea_thumbnail_generator":"","thumbnail_generated":false,"thumbnail_generate_prompt":"","seoaic_article_description":"","product-afmeting-lengte-mm":"","product-afmeting-breedte-mm":"","product-afmeting-hoogte-mm":""},"product_brand":[],"product_cat":[2851,1499,2558],"product_tag":[],"class_list":{"0":"post-428095","1":"product","2":"type-product","3":"status-publish","4":"has-post-thumbnail","6":"product_cat-holzerne-stadt","7":"product_cat-modellbau","8":"product_cat-aanbieding-de","9":"pa_merken-holzstadt","11":"first","12":"instock","13":"sale","14":"taxable","15":"shipping-taxable","16":"purchasable","17":"product-type-simple"},"df_price":4.48,"df_sale_price":4.48,"df_regular_price":8.95,"df_image_link":"https:\/\/www.speedcube.nl\/wp-content\/uploads\/2023\/06\/Productvisuals_Modelbouw-Wooden-City-widgets-transport-1-285x300.jpg","_links":{"self":[{"href":"https:\/\/www.speedcube.nl\/de\/wp-json\/wp\/v2\/product\/428095","targetHints":{"allow":["GET"]}}],"collection":[{"href":"https:\/\/www.speedcube.nl\/de\/wp-json\/wp\/v2\/product"}],"about":[{"href":"https:\/\/www.speedcube.nl\/de\/wp-json\/wp\/v2\/types\/product"}],"version-history":[{"count":0,"href":"https:\/\/www.speedcube.nl\/de\/wp-json\/wp\/v2\/product\/428095\/revisions"}],"wp:featuredmedia":[{"embeddable":true,"href":"https:\/\/www.speedcube.nl\/de\/wp-json\/wp\/v2\/media\/375236"}],"wp:attachment":[{"href":"https:\/\/www.speedcube.nl\/de\/wp-json\/wp\/v2\/media?parent=428095"}],"wp:term":[{"taxonomy":"product_brand","embeddable":true,"href":"https:\/\/www.speedcube.nl\/de\/wp-json\/wp\/v2\/product_brand?post=428095"},{"taxonomy":"product_cat","embeddable":true,"href":"https:\/\/www.speedcube.nl\/de\/wp-json\/wp\/v2\/product_cat?post=428095"},{"taxonomy":"product_tag","embeddable":true,"href":"https:\/\/www.speedcube.nl\/de\/wp-json\/wp\/v2\/product_tag?post=428095"}],"curies":[{"name":"wp","href":"https:\/\/api.w.org\/{rel}","templated":true}]}}