{"id":428066,"date":"2019-03-13T09:39:00","date_gmt":"2019-03-13T08:39:00","guid":{"rendered":"https:\/\/www.speedcube.nl\/unkategorisiert\/anhaenger-von-ugears-traktor\/"},"modified":"2026-04-30T05:12:08","modified_gmt":"2026-04-30T03:12:08","slug":"anhaenger-von-ugears-traktor","status":"publish","type":"product","link":"https:\/\/www.speedcube.nl\/de\/ugears\/anhaenger-von-ugears-traktor\/","title":{"rendered":"Anh\u00e4nger von Ugears Traktor"},"content":{"rendered":"<p>Jeder Traktor muss einen geeigneten Anh\u00e4nger haben. Zum Kippen des Anh\u00e4ngers kann ein spezieller Hebel verwendet werden. Er hat alles, was man f\u00fcr die Arbeit braucht: Eine Gabel, eine Schaufel und ein Besen haben ihren Platz gefunden, und an einem Haken h\u00e4ngt ein Eimer mit Schrauben unter dem Wagen. Jeder Anh\u00e4nger verf\u00fcgt \u00fcber eine Hakenvorrichtung, mit der er an die Zugmaschine angekoppelt werden kann. Das Modell kann ohne Klebstoff zusammengebaut werden, wie wir es von Ugears gewohnt sind.<\/p>\n<p>Produktabmessungen in mm: 209 x 101 x 96<br \/>\nVerpackungsgr\u00f6\u00dfe in mm: 370 x 140 x 30<br \/>\nAnzahl der Teile: 68<br \/>\nGesch\u00e4tzte Montagezeit: 1-2 Stunden<\/p>\n","protected":false},"excerpt":{"rendered":"<p>UGEARS<\/p>\n","protected":false},"featured_media":376636,"template":"","meta":{"_improvement_type_select":"improve_an_existing","_thumb_yes_seoaic":false,"_frame_yes_seoaic":false,"seoaic_generate_description":"","seoaic_improve_instructions_prompt":"","seoaic_rollback_content_improvement":"","seoaic_idea_thumbnail_generator":"","thumbnail_generated":false,"thumbnail_generate_prompt":"","seoaic_article_description":"","product-afmeting-lengte-mm":"","product-afmeting-breedte-mm":"","product-afmeting-hoogte-mm":""},"product_brand":[],"product_cat":[1499,5352,2558],"product_tag":[],"class_list":{"0":"post-428066","1":"product","2":"type-product","3":"status-publish","4":"has-post-thumbnail","6":"product_cat-modellbau","7":"product_cat-ugears","8":"product_cat-aanbieding-de","9":"pa_merken-ugears-de","11":"first","12":"instock","13":"sale","14":"taxable","15":"shipping-taxable","16":"purchasable","17":"product-type-simple"},"df_price":12.48,"df_sale_price":12.48,"df_regular_price":24.95,"df_image_link":"https:\/\/www.speedcube.nl\/wp-content\/uploads\/2023\/06\/Productvisuals_Modelbouw-Ugears-traktors-trailers-1-285x300.jpg","_links":{"self":[{"href":"https:\/\/www.speedcube.nl\/de\/wp-json\/wp\/v2\/product\/428066","targetHints":{"allow":["GET"]}}],"collection":[{"href":"https:\/\/www.speedcube.nl\/de\/wp-json\/wp\/v2\/product"}],"about":[{"href":"https:\/\/www.speedcube.nl\/de\/wp-json\/wp\/v2\/types\/product"}],"version-history":[{"count":0,"href":"https:\/\/www.speedcube.nl\/de\/wp-json\/wp\/v2\/product\/428066\/revisions"}],"wp:featuredmedia":[{"embeddable":true,"href":"https:\/\/www.speedcube.nl\/de\/wp-json\/wp\/v2\/media\/376636"}],"wp:attachment":[{"href":"https:\/\/www.speedcube.nl\/de\/wp-json\/wp\/v2\/media?parent=428066"}],"wp:term":[{"taxonomy":"product_brand","embeddable":true,"href":"https:\/\/www.speedcube.nl\/de\/wp-json\/wp\/v2\/product_brand?post=428066"},{"taxonomy":"product_cat","embeddable":true,"href":"https:\/\/www.speedcube.nl\/de\/wp-json\/wp\/v2\/product_cat?post=428066"},{"taxonomy":"product_tag","embeddable":true,"href":"https:\/\/www.speedcube.nl\/de\/wp-json\/wp\/v2\/product_tag?post=428066"}],"curies":[{"name":"wp","href":"https:\/\/api.w.org\/{rel}","templated":true}]}}