{"id":428028,"date":"2019-03-06T15:58:00","date_gmt":"2019-03-06T14:58:00","guid":{"rendered":"https:\/\/www.speedcube.nl\/unkategorisiert\/ugears-mechanische-blume\/"},"modified":"2026-05-05T05:12:15","modified_gmt":"2026-05-05T03:12:15","slug":"ugears-mechanische-blume","status":"publish","type":"product","link":"https:\/\/www.speedcube.nl\/de\/ugears\/ugears-mechanische-blume\/","title":{"rendered":"Ugears Mechanische Blume"},"content":{"rendered":"<p>Bauen Sie Ihre eigene mechanische Blume! Die pr\u00e4zisen Bewegungen der Zahnr\u00e4der erwecken Ihre Kreation mit einer einfachen Drehung des Sockels zum Leben! Kinder lieben auch die anmutige Mechanik dieses Modells. Die verzauberte Ballerina und der magische Lebensbaum sind perfekt, um ihre kleinen Geheimnisse zu h\u00fcten oder ihre Lieblingssch\u00e4tze auszustellen. Wenn Sie den Ring an der Basis der Blume drehen, \u00f6ffnen sich die Bl\u00fctenbl\u00e4tter. Drehen Sie sich weiter und die Blume schlie\u00dft sich wieder. In der Blumentasche k\u00f6nnen Sie kleine Gegenst\u00e4nde aufbewahren oder ausstellen. Das Set wird mit zwei Aufs\u00e4tzen f\u00fcr die Blume geliefert: eine Ballerina und ein Lebensbaum f\u00fcr gr\u00f6\u00dfere Objekte wie Armb\u00e4nder.<\/p>\n<p>Mechanische Blume<br \/>\nAbmessungen des Produkts in mm: 130 x 130 x 160<br \/>\nVerpackungsgr\u00f6\u00dfe in mm: 370 x 170 x 30<br \/>\nAnzahl der Teile: 101<br \/>\nGesch\u00e4tzte Montagezeit: 1,5-2 Stunden<\/p>\n","protected":false},"excerpt":{"rendered":"<p>UGEARS<\/p>\n","protected":false},"featured_media":376376,"template":"","meta":{"_improvement_type_select":"improve_an_existing","_thumb_yes_seoaic":false,"_frame_yes_seoaic":false,"seoaic_generate_description":"","seoaic_improve_instructions_prompt":"","seoaic_rollback_content_improvement":"","seoaic_idea_thumbnail_generator":"","thumbnail_generated":false,"thumbnail_generate_prompt":"","seoaic_article_description":"","product-afmeting-lengte-mm":"","product-afmeting-breedte-mm":"","product-afmeting-hoogte-mm":""},"product_brand":[],"product_cat":[1499,5352,2558],"product_tag":[],"class_list":{"0":"post-428028","1":"product","2":"type-product","3":"status-publish","4":"has-post-thumbnail","6":"product_cat-modellbau","7":"product_cat-ugears","8":"product_cat-aanbieding-de","9":"pa_merken-ugears-de","11":"first","12":"instock","13":"sale","14":"taxable","15":"shipping-taxable","16":"purchasable","17":"product-type-simple"},"df_price":23.97,"df_sale_price":23.97,"df_regular_price":39.95,"df_image_link":"https:\/\/www.speedcube.nl\/wp-content\/uploads\/2023\/06\/Productvisuals_Modelbouw-Ugears-mechanische-bloem-1-285x300.jpg","_links":{"self":[{"href":"https:\/\/www.speedcube.nl\/de\/wp-json\/wp\/v2\/product\/428028","targetHints":{"allow":["GET"]}}],"collection":[{"href":"https:\/\/www.speedcube.nl\/de\/wp-json\/wp\/v2\/product"}],"about":[{"href":"https:\/\/www.speedcube.nl\/de\/wp-json\/wp\/v2\/types\/product"}],"version-history":[{"count":0,"href":"https:\/\/www.speedcube.nl\/de\/wp-json\/wp\/v2\/product\/428028\/revisions"}],"wp:featuredmedia":[{"embeddable":true,"href":"https:\/\/www.speedcube.nl\/de\/wp-json\/wp\/v2\/media\/376376"}],"wp:attachment":[{"href":"https:\/\/www.speedcube.nl\/de\/wp-json\/wp\/v2\/media?parent=428028"}],"wp:term":[{"taxonomy":"product_brand","embeddable":true,"href":"https:\/\/www.speedcube.nl\/de\/wp-json\/wp\/v2\/product_brand?post=428028"},{"taxonomy":"product_cat","embeddable":true,"href":"https:\/\/www.speedcube.nl\/de\/wp-json\/wp\/v2\/product_cat?post=428028"},{"taxonomy":"product_tag","embeddable":true,"href":"https:\/\/www.speedcube.nl\/de\/wp-json\/wp\/v2\/product_tag?post=428028"}],"curies":[{"name":"wp","href":"https:\/\/api.w.org\/{rel}","templated":true}]}}