{"id":428018,"date":"2019-03-04T14:43:00","date_gmt":"2019-03-04T13:43:00","guid":{"rendered":"https:\/\/www.speedcube.nl\/unkategorisiert\/ugears-date-navigator\/"},"modified":"2026-04-18T05:00:23","modified_gmt":"2026-04-18T03:00:23","slug":"ugears-date-navigator","status":"publish","type":"product","link":"https:\/\/www.speedcube.nl\/de\/ugears\/ugears-date-navigator\/","title":{"rendered":"Ugears Date Navigator"},"content":{"rendered":"<p>Verlieren Sie nie wieder die Zeit aus den Augen. Dieser hippe Date Navigator von UGears ist aus Holz gefertigt und verf\u00fcgt \u00fcber einen verbl\u00fcffenden Steampunk-Planetarium-Mechanismus im Inneren. Wenn Sie das Jahr und den Monat einstellen, k\u00f6nnen Sie herausfinden, auf welchen Wochentag das f\u00fcr Sie wichtige Datum f\u00e4llt. Die Volksz\u00e4hlung reicht bis zum Jahr 2044.<\/p>\n<p>Produktabmessungen in mm: 98 x 105 x 18<br \/>\nVerpackungsgr\u00f6\u00dfe in mm: 239 x 184 x 15<br \/>\nAnzahl der Teile: 24<br \/>\nGesch\u00e4tzte Montagezeit: 1 Stunde<\/p>\n","protected":false},"excerpt":{"rendered":"<p>UGEARS<\/p>\n","protected":false},"featured_media":375980,"template":"","meta":{"_improvement_type_select":"improve_an_existing","_thumb_yes_seoaic":false,"_frame_yes_seoaic":false,"seoaic_generate_description":"","seoaic_improve_instructions_prompt":"","seoaic_rollback_content_improvement":"","seoaic_idea_thumbnail_generator":"","thumbnail_generated":false,"thumbnail_generate_prompt":"","seoaic_article_description":"","product-afmeting-lengte-mm":"","product-afmeting-breedte-mm":"","product-afmeting-hoogte-mm":""},"product_brand":[],"product_cat":[1499,5352,2558],"product_tag":[],"class_list":{"0":"post-428018","1":"product","2":"type-product","3":"status-publish","4":"has-post-thumbnail","6":"product_cat-modellbau","7":"product_cat-ugears","8":"product_cat-aanbieding-de","9":"pa_merken-ugears-de","11":"first","12":"instock","13":"sale","14":"taxable","15":"shipping-taxable","16":"purchasable","17":"product-type-simple"},"df_price":7.46,"df_sale_price":7.46,"df_regular_price":9.95,"df_image_link":"https:\/\/www.speedcube.nl\/wp-content\/uploads\/2023\/06\/Productvisuals_Modelbouw-Ugears-datum-navigator-1-285x300.jpg","_links":{"self":[{"href":"https:\/\/www.speedcube.nl\/de\/wp-json\/wp\/v2\/product\/428018","targetHints":{"allow":["GET"]}}],"collection":[{"href":"https:\/\/www.speedcube.nl\/de\/wp-json\/wp\/v2\/product"}],"about":[{"href":"https:\/\/www.speedcube.nl\/de\/wp-json\/wp\/v2\/types\/product"}],"version-history":[{"count":0,"href":"https:\/\/www.speedcube.nl\/de\/wp-json\/wp\/v2\/product\/428018\/revisions"}],"wp:featuredmedia":[{"embeddable":true,"href":"https:\/\/www.speedcube.nl\/de\/wp-json\/wp\/v2\/media\/375980"}],"wp:attachment":[{"href":"https:\/\/www.speedcube.nl\/de\/wp-json\/wp\/v2\/media?parent=428018"}],"wp:term":[{"taxonomy":"product_brand","embeddable":true,"href":"https:\/\/www.speedcube.nl\/de\/wp-json\/wp\/v2\/product_brand?post=428018"},{"taxonomy":"product_cat","embeddable":true,"href":"https:\/\/www.speedcube.nl\/de\/wp-json\/wp\/v2\/product_cat?post=428018"},{"taxonomy":"product_tag","embeddable":true,"href":"https:\/\/www.speedcube.nl\/de\/wp-json\/wp\/v2\/product_tag?post=428018"}],"curies":[{"name":"wp","href":"https:\/\/api.w.org\/{rel}","templated":true}]}}