{"id":428005,"date":"2019-04-13T10:56:00","date_gmt":"2019-04-13T08:56:00","guid":{"rendered":"https:\/\/www.speedcube.nl\/unkategorisiert\/yuxin-klein-5x5-m\/"},"modified":"2026-04-29T05:04:37","modified_gmt":"2026-04-29T03:04:37","slug":"yuxin-klein-5x5-m","status":"publish","type":"product","link":"https:\/\/www.speedcube.nl\/de\/speedcube-de\/5x5-de\/yuxin-klein-5x5-m\/","title":{"rendered":"Yuxin Klein 5&#215;5 M"},"content":{"rendered":"<p>Der Yuxin Little Magic 5&#215;5 M wurde speziell f\u00fcr Kunden entwickelt, die es gro\u00df und g\u00fcnstig m\u00f6gen. Die Leistung des Yuxin Little 5&#215;5 M ist hervorragend, er dreht sich leicht und die Magnete erzeugen eine leichte Anziehungskraft. Dieser 5&#215;5 Speed Cube ist daher sowohl f\u00fcr Anf\u00e4nger als auch f\u00fcr fortgeschrittene W\u00fcrfelspieler sehr zu empfehlen.<\/p>\n","protected":false},"excerpt":{"rendered":"<p>YUXIN<\/p>\n","protected":false},"featured_media":377000,"template":"","meta":{"_improvement_type_select":"improve_an_existing","_thumb_yes_seoaic":false,"_frame_yes_seoaic":false,"seoaic_generate_description":"","seoaic_improve_instructions_prompt":"","seoaic_rollback_content_improvement":"","seoaic_idea_thumbnail_generator":"","thumbnail_generated":false,"thumbnail_generate_prompt":"","seoaic_article_description":"","product-afmeting-lengte-mm":"","product-afmeting-breedte-mm":"","product-afmeting-hoogte-mm":""},"product_brand":[],"product_cat":[1872,1377,1211],"product_tag":[],"class_list":{"0":"post-428005","1":"product","2":"type-product","3":"status-publish","4":"has-post-thumbnail","6":"product_cat-5x5-de","7":"product_cat-yuxin-de","8":"product_cat-speedcube-de","9":"pa_merken-yuxin-de","11":"first","12":"instock","13":"taxable","14":"shipping-taxable","15":"purchasable","16":"product-type-simple"},"df_price":22.95,"df_sale_price":"","df_regular_price":22.95,"df_image_link":"https:\/\/www.speedcube.nl\/wp-content\/uploads\/2023\/06\/Productvisuals_Speedcubes-yuxin-little-5x5-m-285x300.jpg","_links":{"self":[{"href":"https:\/\/www.speedcube.nl\/de\/wp-json\/wp\/v2\/product\/428005","targetHints":{"allow":["GET"]}}],"collection":[{"href":"https:\/\/www.speedcube.nl\/de\/wp-json\/wp\/v2\/product"}],"about":[{"href":"https:\/\/www.speedcube.nl\/de\/wp-json\/wp\/v2\/types\/product"}],"version-history":[{"count":0,"href":"https:\/\/www.speedcube.nl\/de\/wp-json\/wp\/v2\/product\/428005\/revisions"}],"wp:featuredmedia":[{"embeddable":true,"href":"https:\/\/www.speedcube.nl\/de\/wp-json\/wp\/v2\/media\/377000"}],"wp:attachment":[{"href":"https:\/\/www.speedcube.nl\/de\/wp-json\/wp\/v2\/media?parent=428005"}],"wp:term":[{"taxonomy":"product_brand","embeddable":true,"href":"https:\/\/www.speedcube.nl\/de\/wp-json\/wp\/v2\/product_brand?post=428005"},{"taxonomy":"product_cat","embeddable":true,"href":"https:\/\/www.speedcube.nl\/de\/wp-json\/wp\/v2\/product_cat?post=428005"},{"taxonomy":"product_tag","embeddable":true,"href":"https:\/\/www.speedcube.nl\/de\/wp-json\/wp\/v2\/product_tag?post=428005"}],"curies":[{"name":"wp","href":"https:\/\/api.w.org\/{rel}","templated":true}]}}