{"id":428002,"date":"2019-04-30T17:32:00","date_gmt":"2019-04-30T15:32:00","guid":{"rendered":"https:\/\/www.speedcube.nl\/unkategorisiert\/robotime-mechanische-zahnraeder-luftfahrzeug\/"},"modified":"2026-05-04T05:16:33","modified_gmt":"2026-05-04T03:16:33","slug":"robotime-mechanische-zahnraeder-luftfahrzeug","status":"publish","type":"product","link":"https:\/\/www.speedcube.nl\/de\/aanbieding-de\/robotime-mechanische-zahnraeder-luftfahrzeug\/","title":{"rendered":"Robotime Mechanische Zahnr\u00e4der Luftfahrzeug"},"content":{"rendered":"<p>Das Modell des Robotimer Air Vehicle ist ein atemberaubendes Modell im Holzma\u00dfstab, das alle technischen und k\u00fcnstlerischen Innovationen der anderen Modelle enth\u00e4lt und den Modellbauer einen Schritt weiterbringt. Als Symbol f\u00fcr die Technologie des 19. Jahrhunderts steht das Luftschiff f\u00fcr Abenteuer und Entdeckungen. Sie ist sehr detailliert und hat einen Blick f\u00fcr Realit\u00e4t und Romantik. Au\u00dferdem ist, wie bei allen Modellen, eine umfassende, farbige Schritt-f\u00fcr-Schritt-Anleitung enthalten.<\/p>\n<p>Gewicht: 1,4 kg<br \/>\nMaterial: Zubeh\u00f6r, Metallfeder, Kunststoff und PlayWood<br \/>\nAlter: 14+<br \/>\nProdukt mm: 300 x 215 x 250<br \/>\nVerpackungsgr\u00f6\u00dfe: 357 x 235 x 46<br \/>\nAnzahl der St\u00fccke: 229<\/p>\n","protected":false},"excerpt":{"rendered":"<p>ROBOTIME<\/p>\n","protected":false},"featured_media":377060,"template":"","meta":{"_improvement_type_select":"improve_an_existing","_thumb_yes_seoaic":false,"_frame_yes_seoaic":false,"seoaic_generate_description":"","seoaic_improve_instructions_prompt":"","seoaic_rollback_content_improvement":"","seoaic_idea_thumbnail_generator":"","thumbnail_generated":false,"thumbnail_generate_prompt":"","seoaic_article_description":"","product-afmeting-lengte-mm":"","product-afmeting-breedte-mm":"","product-afmeting-hoogte-mm":""},"product_brand":[],"product_cat":[1499,1619,2558],"product_tag":[],"class_list":{"0":"post-428002","1":"product","2":"type-product","3":"status-publish","4":"has-post-thumbnail","6":"product_cat-modellbau","7":"product_cat-robotime-de","8":"product_cat-aanbieding-de","9":"pa_merken-robotime-de","11":"first","12":"instock","13":"sale","14":"taxable","15":"shipping-taxable","16":"purchasable","17":"product-type-simple"},"df_price":20.8,"df_sale_price":20.8,"df_regular_price":51.99,"df_image_link":"https:\/\/www.speedcube.nl\/wp-content\/uploads\/2023\/06\/Productvisuals_Modelbouw-Robotime-mechanical-gears-luchtvoertuig-1-285x300.jpg","_links":{"self":[{"href":"https:\/\/www.speedcube.nl\/de\/wp-json\/wp\/v2\/product\/428002","targetHints":{"allow":["GET"]}}],"collection":[{"href":"https:\/\/www.speedcube.nl\/de\/wp-json\/wp\/v2\/product"}],"about":[{"href":"https:\/\/www.speedcube.nl\/de\/wp-json\/wp\/v2\/types\/product"}],"version-history":[{"count":0,"href":"https:\/\/www.speedcube.nl\/de\/wp-json\/wp\/v2\/product\/428002\/revisions"}],"wp:featuredmedia":[{"embeddable":true,"href":"https:\/\/www.speedcube.nl\/de\/wp-json\/wp\/v2\/media\/377060"}],"wp:attachment":[{"href":"https:\/\/www.speedcube.nl\/de\/wp-json\/wp\/v2\/media?parent=428002"}],"wp:term":[{"taxonomy":"product_brand","embeddable":true,"href":"https:\/\/www.speedcube.nl\/de\/wp-json\/wp\/v2\/product_brand?post=428002"},{"taxonomy":"product_cat","embeddable":true,"href":"https:\/\/www.speedcube.nl\/de\/wp-json\/wp\/v2\/product_cat?post=428002"},{"taxonomy":"product_tag","embeddable":true,"href":"https:\/\/www.speedcube.nl\/de\/wp-json\/wp\/v2\/product_tag?post=428002"}],"curies":[{"name":"wp","href":"https:\/\/api.w.org\/{rel}","templated":true}]}}