{"id":428000,"date":"2019-03-07T06:46:00","date_gmt":"2019-03-07T05:46:00","guid":{"rendered":"https:\/\/www.speedcube.nl\/unkategorisiert\/ugears-bahnuebergang-4m-schienen\/"},"modified":"2026-04-30T05:12:08","modified_gmt":"2026-04-30T03:12:08","slug":"ugears-bahnuebergang-4m-schienen","status":"publish","type":"product","link":"https:\/\/www.speedcube.nl\/de\/ugears\/ugears-bahnuebergang-4m-schienen\/","title":{"rendered":"Ugears Bahn\u00fcbergang + 4m-Schienen"},"content":{"rendered":"<p>Wo es ein Gleis gibt, gibt es auch einen Bahn\u00fcbergang &#8211; und mit diesem Set haben Sie beides. Sie erhalten eine 4 Meter lange Strecke und einen ausgekl\u00fcgelten \u00dcbergang mit Stoppschildern und Barrieren, die auf und ab fahren, wenn Sie den Hebel dr\u00fccken. In Verbindung mit der Marke k\u00f6nnen Sie immer erstklassige Qualit\u00e4t und eine lange Lebensdauer des Produkts erwarten. Es wurde viel Zeit damit verbracht, dieses Modell zu verbessern, um eine ideale Version dieses wunderbaren Produkts zu entwickeln.<\/p>\n<p>Au\u00dferdem werden Sie nicht durch L\u00f6sungsmittelger\u00fcche oder klebrige Finger bel\u00e4stigt, denn alle Teile sind f\u00fcr die Selbstmontage ohne Klebstoff und auch ohne S\u00e4gen ausgelegt.<br \/>\nDie Teile werden mit pr\u00e4ziser Lasercut-Technik vorgeschnitten und m\u00fcssen nur noch aus der Form gepresst werden. Diese Eigenschaft macht unsere patentierten Erfindungen zu etwas ganz Besonderem.<\/p>\n<p>Produktabmessungen in mm: 4070 x 120 x 225<br \/>\nVerpackungsgr\u00f6\u00dfe in mm: 370 x 170 x 30<br \/>\nAnzahl der Teile: 200<br \/>\nGesch\u00e4tzte Montagezeit: 5-6 Stunden<\/p>\n","protected":false},"excerpt":{"rendered":"<p>UGEARS<\/p>\n","protected":false},"featured_media":376520,"template":"","meta":{"_improvement_type_select":"improve_an_existing","_thumb_yes_seoaic":false,"_frame_yes_seoaic":false,"seoaic_generate_description":"","seoaic_improve_instructions_prompt":"","seoaic_rollback_content_improvement":"","seoaic_idea_thumbnail_generator":"","thumbnail_generated":false,"thumbnail_generate_prompt":"","seoaic_article_description":"","product-afmeting-lengte-mm":"","product-afmeting-breedte-mm":"","product-afmeting-hoogte-mm":""},"product_brand":[],"product_cat":[1499,5352,2558],"product_tag":[],"class_list":{"0":"post-428000","1":"product","2":"type-product","3":"status-publish","4":"has-post-thumbnail","6":"product_cat-modellbau","7":"product_cat-ugears","8":"product_cat-aanbieding-de","9":"pa_merken-ugears-de","11":"first","12":"instock","13":"sale","14":"taxable","15":"shipping-taxable","16":"purchasable","17":"product-type-simple"},"df_price":29.96,"df_sale_price":29.96,"df_regular_price":39.95,"df_image_link":"https:\/\/www.speedcube.nl\/wp-content\/uploads\/2023\/06\/Productvisuals_Modelbouw-Ugears-spoorwegovergang-4m-rails-1-285x300.jpg","_links":{"self":[{"href":"https:\/\/www.speedcube.nl\/de\/wp-json\/wp\/v2\/product\/428000","targetHints":{"allow":["GET"]}}],"collection":[{"href":"https:\/\/www.speedcube.nl\/de\/wp-json\/wp\/v2\/product"}],"about":[{"href":"https:\/\/www.speedcube.nl\/de\/wp-json\/wp\/v2\/types\/product"}],"version-history":[{"count":0,"href":"https:\/\/www.speedcube.nl\/de\/wp-json\/wp\/v2\/product\/428000\/revisions"}],"wp:featuredmedia":[{"embeddable":true,"href":"https:\/\/www.speedcube.nl\/de\/wp-json\/wp\/v2\/media\/376520"}],"wp:attachment":[{"href":"https:\/\/www.speedcube.nl\/de\/wp-json\/wp\/v2\/media?parent=428000"}],"wp:term":[{"taxonomy":"product_brand","embeddable":true,"href":"https:\/\/www.speedcube.nl\/de\/wp-json\/wp\/v2\/product_brand?post=428000"},{"taxonomy":"product_cat","embeddable":true,"href":"https:\/\/www.speedcube.nl\/de\/wp-json\/wp\/v2\/product_cat?post=428000"},{"taxonomy":"product_tag","embeddable":true,"href":"https:\/\/www.speedcube.nl\/de\/wp-json\/wp\/v2\/product_tag?post=428000"}],"curies":[{"name":"wp","href":"https:\/\/api.w.org\/{rel}","templated":true}]}}