{"id":427983,"date":"2019-05-04T10:39:00","date_gmt":"2019-05-04T08:39:00","guid":{"rendered":"https:\/\/www.speedcube.nl\/unkategorisiert\/magicyoyo-halter-und-werkzeuge\/"},"modified":"2026-05-10T05:04:52","modified_gmt":"2026-05-10T03:04:52","slug":"magicyoyo-halter-und-werkzeuge","status":"publish","type":"product","link":"https:\/\/www.speedcube.nl\/de\/aanbieding-de\/magicyoyo-halter-und-werkzeuge\/","title":{"rendered":"MagicYoYo-Halter und Werkzeuge"},"content":{"rendered":"<p>Das Werkzeug- und Holster-Set enth\u00e4lt zwei Teile. Zun\u00e4chst erhalten Sie ein Lagerwerkzeug aus Stahl mit einem Ring zur Befestigung an Ihrem Schl\u00fcsselbund. Sie erhalten auch ein MAGICYOYO-Holster, das f\u00fcr ein Standard-Jojo geeignet ist.<\/p>\n","protected":false},"excerpt":{"rendered":"<p>MAGICYOYO<\/p>\n","protected":false},"featured_media":377996,"template":"","meta":{"_improvement_type_select":"improve_an_existing","_thumb_yes_seoaic":false,"_frame_yes_seoaic":false,"seoaic_generate_description":"","seoaic_improve_instructions_prompt":"","seoaic_rollback_content_improvement":"","seoaic_idea_thumbnail_generator":"","thumbnail_generated":false,"thumbnail_generate_prompt":"","seoaic_article_description":"","product-afmeting-lengte-mm":"","product-afmeting-breedte-mm":"","product-afmeting-hoogte-mm":""},"product_brand":[],"product_cat":[1227,2558],"product_tag":[],"class_list":{"0":"post-427983","1":"product","2":"type-product","3":"status-publish","4":"has-post-thumbnail","6":"product_cat-knobelaufgaben","7":"product_cat-aanbieding-de","8":"pa_merken-magicyoyo-de","10":"first","11":"instock","12":"sale","13":"taxable","14":"shipping-taxable","15":"purchasable","16":"product-type-simple"},"df_price":3.59,"df_sale_price":3.59,"df_regular_price":5.99,"df_image_link":"https:\/\/www.speedcube.nl\/wp-content\/uploads\/2023\/06\/Productvisuals_yoyo-MagicYoYo-Houder-en-Gereedschap-285x300.jpg","_links":{"self":[{"href":"https:\/\/www.speedcube.nl\/de\/wp-json\/wp\/v2\/product\/427983","targetHints":{"allow":["GET"]}}],"collection":[{"href":"https:\/\/www.speedcube.nl\/de\/wp-json\/wp\/v2\/product"}],"about":[{"href":"https:\/\/www.speedcube.nl\/de\/wp-json\/wp\/v2\/types\/product"}],"version-history":[{"count":0,"href":"https:\/\/www.speedcube.nl\/de\/wp-json\/wp\/v2\/product\/427983\/revisions"}],"wp:featuredmedia":[{"embeddable":true,"href":"https:\/\/www.speedcube.nl\/de\/wp-json\/wp\/v2\/media\/377996"}],"wp:attachment":[{"href":"https:\/\/www.speedcube.nl\/de\/wp-json\/wp\/v2\/media?parent=427983"}],"wp:term":[{"taxonomy":"product_brand","embeddable":true,"href":"https:\/\/www.speedcube.nl\/de\/wp-json\/wp\/v2\/product_brand?post=427983"},{"taxonomy":"product_cat","embeddable":true,"href":"https:\/\/www.speedcube.nl\/de\/wp-json\/wp\/v2\/product_cat?post=427983"},{"taxonomy":"product_tag","embeddable":true,"href":"https:\/\/www.speedcube.nl\/de\/wp-json\/wp\/v2\/product_tag?post=427983"}],"curies":[{"name":"wp","href":"https:\/\/api.w.org\/{rel}","templated":true}]}}