{"id":427978,"date":"2019-04-13T10:52:00","date_gmt":"2019-04-13T08:52:00","guid":{"rendered":"https:\/\/www.speedcube.nl\/unkategorisiert\/yuxin-klein-sq1-m\/"},"modified":"2026-05-02T05:02:08","modified_gmt":"2026-05-02T03:02:08","slug":"yuxin-klein-sq1-m","status":"publish","type":"product","link":"https:\/\/www.speedcube.nl\/de\/aanbieding-de\/yuxin-klein-sq1-m\/","title":{"rendered":"Yuxin Klein SQ1 M"},"content":{"rendered":"<p>Der Yuxin Little Magic Square-1 M ist gr\u00f6\u00dfer als sein Konkurrent. Mit 55 mm Breite und 57 mm H\u00f6he ist er etwas gr\u00f6\u00dfer als normal. Wenn Sie den Yuxin Little Magic Square-1 M aus der Verpackung nehmen, f\u00fchlt er sich robust und solide an. Trotz der Robustheit und Gr\u00f6\u00dfe des W\u00fcrfels ist seine Leistung hervorragend. Ausgestattet mit bis zu 28 winzigen Magneten ist das Square-1 M das erste seiner Art, das direkt aus der YuXin-Fabrik kommt.<\/p>\n<p>Die Verpackung kann variieren.<\/p>\n","protected":false},"excerpt":{"rendered":"<p>YUXIN<\/p>\n","protected":false},"featured_media":376940,"template":"","meta":{"_improvement_type_select":"improve_an_existing","_thumb_yes_seoaic":false,"_frame_yes_seoaic":false,"seoaic_generate_description":"","seoaic_improve_instructions_prompt":"","seoaic_rollback_content_improvement":"","seoaic_idea_thumbnail_generator":"","thumbnail_generated":false,"thumbnail_generate_prompt":"","seoaic_article_description":"","product-afmeting-lengte-mm":"57","product-afmeting-breedte-mm":"55","product-afmeting-hoogte-mm":"55"},"product_brand":[],"product_cat":[1377,1211,2558],"product_tag":[],"class_list":{"0":"post-427978","1":"product","2":"type-product","3":"status-publish","4":"has-post-thumbnail","6":"product_cat-yuxin-de","7":"product_cat-speedcube-de","8":"product_cat-aanbieding-de","9":"pa_merken-yuxin-de","11":"first","12":"instock","13":"sale","14":"taxable","15":"shipping-taxable","16":"purchasable","17":"product-type-simple"},"df_price":12.71,"df_sale_price":12.71,"df_regular_price":16.95,"df_image_link":"https:\/\/www.speedcube.nl\/wp-content\/uploads\/2023\/06\/Productvisuals_Speedcubes-yuxin-little-sq1-285x300.jpg","_links":{"self":[{"href":"https:\/\/www.speedcube.nl\/de\/wp-json\/wp\/v2\/product\/427978","targetHints":{"allow":["GET"]}}],"collection":[{"href":"https:\/\/www.speedcube.nl\/de\/wp-json\/wp\/v2\/product"}],"about":[{"href":"https:\/\/www.speedcube.nl\/de\/wp-json\/wp\/v2\/types\/product"}],"version-history":[{"count":0,"href":"https:\/\/www.speedcube.nl\/de\/wp-json\/wp\/v2\/product\/427978\/revisions"}],"wp:featuredmedia":[{"embeddable":true,"href":"https:\/\/www.speedcube.nl\/de\/wp-json\/wp\/v2\/media\/376940"}],"wp:attachment":[{"href":"https:\/\/www.speedcube.nl\/de\/wp-json\/wp\/v2\/media?parent=427978"}],"wp:term":[{"taxonomy":"product_brand","embeddable":true,"href":"https:\/\/www.speedcube.nl\/de\/wp-json\/wp\/v2\/product_brand?post=427978"},{"taxonomy":"product_cat","embeddable":true,"href":"https:\/\/www.speedcube.nl\/de\/wp-json\/wp\/v2\/product_cat?post=427978"},{"taxonomy":"product_tag","embeddable":true,"href":"https:\/\/www.speedcube.nl\/de\/wp-json\/wp\/v2\/product_tag?post=427978"}],"curies":[{"name":"wp","href":"https:\/\/api.w.org\/{rel}","templated":true}]}}