{"id":427950,"date":"2019-05-08T17:19:00","date_gmt":"2019-05-08T15:19:00","guid":{"rendered":"https:\/\/www.speedcube.nl\/unkategorisiert\/neuestes-spielzeug-cubigami-7\/"},"modified":"2026-04-12T05:01:27","modified_gmt":"2026-04-12T03:01:27","slug":"neuestes-spielzeug-cubigami-7","status":"publish","type":"product","link":"https:\/\/www.speedcube.nl\/de\/aanbieding-de\/neuestes-spielzeug-cubigami-7\/","title":{"rendered":"Neuestes Spielzeug Cubigami 7"},"content":{"rendered":"<p>Cubi-Gami 7 &#8211; Knobelaufgabe. Mach 7 Formen! Drehen Sie die Pl\u00e4ttchen nach oben oder unten, um nicht weniger als sieben W\u00fcrfel zu bilden. Die ersten Formen m\u00f6gen einfach erscheinen, aber die Herausforderung besteht darin, dein r\u00e4umliches Vorstellungsverm\u00f6gen zu nutzen, um alle 7 verschiedenen Formen zu bilden.<\/p>\n<p>Schwierigkeitsgrad: 3 Sterne<br \/>\nMaterial: Kunststoff<\/p>\n","protected":false},"excerpt":{"rendered":"<p>NEUES SPIELZEUG<\/p>\n","protected":false},"featured_media":378052,"template":"","meta":{"_improvement_type_select":"improve_an_existing","_thumb_yes_seoaic":false,"_frame_yes_seoaic":false,"seoaic_generate_description":"","seoaic_improve_instructions_prompt":"","seoaic_rollback_content_improvement":"","seoaic_idea_thumbnail_generator":"","thumbnail_generated":false,"thumbnail_generate_prompt":"","seoaic_article_description":"","product-afmeting-lengte-mm":"","product-afmeting-breedte-mm":"","product-afmeting-hoogte-mm":""},"product_brand":[],"product_cat":[1227,2053,2558],"product_tag":[],"class_list":{"0":"post-427950","1":"product","2":"type-product","3":"status-publish","4":"has-post-thumbnail","6":"product_cat-knobelaufgaben","7":"product_cat-neueste-spielzeuge","8":"product_cat-aanbieding-de","9":"pa_merken-neues-spielzeug","11":"first","12":"instock","13":"sale","14":"taxable","15":"shipping-taxable","16":"purchasable","17":"product-type-simple"},"df_price":5.98,"df_sale_price":5.98,"df_regular_price":11.95,"df_image_link":"https:\/\/www.speedcube.nl\/wp-content\/uploads\/2023\/06\/Productvisuals_Breinbrekers-Recent-Toys-Cubigami-7-285x300.jpg","_links":{"self":[{"href":"https:\/\/www.speedcube.nl\/de\/wp-json\/wp\/v2\/product\/427950","targetHints":{"allow":["GET"]}}],"collection":[{"href":"https:\/\/www.speedcube.nl\/de\/wp-json\/wp\/v2\/product"}],"about":[{"href":"https:\/\/www.speedcube.nl\/de\/wp-json\/wp\/v2\/types\/product"}],"version-history":[{"count":0,"href":"https:\/\/www.speedcube.nl\/de\/wp-json\/wp\/v2\/product\/427950\/revisions"}],"wp:featuredmedia":[{"embeddable":true,"href":"https:\/\/www.speedcube.nl\/de\/wp-json\/wp\/v2\/media\/378052"}],"wp:attachment":[{"href":"https:\/\/www.speedcube.nl\/de\/wp-json\/wp\/v2\/media?parent=427950"}],"wp:term":[{"taxonomy":"product_brand","embeddable":true,"href":"https:\/\/www.speedcube.nl\/de\/wp-json\/wp\/v2\/product_brand?post=427950"},{"taxonomy":"product_cat","embeddable":true,"href":"https:\/\/www.speedcube.nl\/de\/wp-json\/wp\/v2\/product_cat?post=427950"},{"taxonomy":"product_tag","embeddable":true,"href":"https:\/\/www.speedcube.nl\/de\/wp-json\/wp\/v2\/product_tag?post=427950"}],"curies":[{"name":"wp","href":"https:\/\/api.w.org\/{rel}","templated":true}]}}