{"id":427943,"date":"2019-05-16T17:09:00","date_gmt":"2019-05-16T15:09:00","guid":{"rendered":"https:\/\/www.speedcube.nl\/unkategorisiert\/robotime-modernes-3d-holzpuzzle-karussell-tg404\/"},"modified":"2026-05-11T05:00:51","modified_gmt":"2026-05-11T03:00:51","slug":"robotime-modernes-3d-holzpuzzle-karussell-tg404","status":"publish","type":"product","link":"https:\/\/www.speedcube.nl\/de\/modellbau\/sehenswurdigkeiten\/robotime-modernes-3d-holzpuzzle-karussell-tg404\/","title":{"rendered":"Robotime Modernes 3D-Holzpuzzle Karussell TG404"},"content":{"rendered":"<p>Holen Sie sich das klassische Karussell aus dem Vergn\u00fcgungspark nach Hause mit diesem 3D-Holzpuzzle zum Selbermachen. Machen Sie sich bereit, Ihre Freunde und Familie zu verbl\u00fcffen! Robotime-Rolife Merry-Go-Round TG404 ist ein einfach zu bauendes DIY 3D-Holzpuzzle, das f\u00fcr Anf\u00e4nger geeignet ist. Dieses Holzpuzzle ist eine Nachbildung des klassischen Karussells in einem Vergn\u00fcgungspark. Es ist ein tolles Lernspielzeug und praktisches Geschenk f\u00fcr Jungen, M\u00e4dchen, Jugendliche und Erwachsene zu Feiertagen und Geburtstagen!<\/p>\n<p>Anzahl der Teile: 174<br \/>\nAbmessungen in cm: 12 \u0445 12 \u0445 15<br \/>\nAlter: 8+<br \/>\nMaterial: PlayWood<br \/>\nMontagezeit: \u00b1 1,5 Stunden<\/p>\n","protected":false},"excerpt":{"rendered":"<p>ROBOTIME<\/p>\n","protected":false},"featured_media":377384,"template":"","meta":{"_improvement_type_select":"improve_an_existing","_thumb_yes_seoaic":false,"_frame_yes_seoaic":false,"seoaic_generate_description":"","seoaic_improve_instructions_prompt":"","seoaic_rollback_content_improvement":"","seoaic_idea_thumbnail_generator":"","thumbnail_generated":false,"thumbnail_generate_prompt":"","seoaic_article_description":"","product-afmeting-lengte-mm":"","product-afmeting-breedte-mm":"","product-afmeting-hoogte-mm":""},"product_brand":[],"product_cat":[1617,1500,1636,1499,1619,1723],"product_tag":[],"class_list":{"0":"post-427943","1":"product","2":"type-product","3":"status-publish","4":"has-post-thumbnail","6":"product_cat-baukasten-aus-holz","7":"product_cat-baukasten-fur-erwachsene","8":"product_cat-baukasten-fur-kinder","9":"product_cat-modellbau","10":"product_cat-robotime-de","11":"product_cat-sehenswurdigkeiten","12":"pa_merken-robotime-de","14":"first","15":"outofstock","16":"taxable","17":"shipping-taxable","18":"purchasable","19":"product-type-simple"},"df_price":9.99,"df_sale_price":"","df_regular_price":9.99,"df_image_link":"https:\/\/www.speedcube.nl\/wp-content\/uploads\/2023\/06\/Productvisuals_Modelbouw-Robotime-Modern-3D-Houten-Puzzel-Draaimolen-285x300.jpg","_links":{"self":[{"href":"https:\/\/www.speedcube.nl\/de\/wp-json\/wp\/v2\/product\/427943","targetHints":{"allow":["GET"]}}],"collection":[{"href":"https:\/\/www.speedcube.nl\/de\/wp-json\/wp\/v2\/product"}],"about":[{"href":"https:\/\/www.speedcube.nl\/de\/wp-json\/wp\/v2\/types\/product"}],"version-history":[{"count":0,"href":"https:\/\/www.speedcube.nl\/de\/wp-json\/wp\/v2\/product\/427943\/revisions"}],"wp:featuredmedia":[{"embeddable":true,"href":"https:\/\/www.speedcube.nl\/de\/wp-json\/wp\/v2\/media\/377384"}],"wp:attachment":[{"href":"https:\/\/www.speedcube.nl\/de\/wp-json\/wp\/v2\/media?parent=427943"}],"wp:term":[{"taxonomy":"product_brand","embeddable":true,"href":"https:\/\/www.speedcube.nl\/de\/wp-json\/wp\/v2\/product_brand?post=427943"},{"taxonomy":"product_cat","embeddable":true,"href":"https:\/\/www.speedcube.nl\/de\/wp-json\/wp\/v2\/product_cat?post=427943"},{"taxonomy":"product_tag","embeddable":true,"href":"https:\/\/www.speedcube.nl\/de\/wp-json\/wp\/v2\/product_tag?post=427943"}],"curies":[{"name":"wp","href":"https:\/\/api.w.org\/{rel}","templated":true}]}}