{"id":427941,"date":"2019-05-08T17:41:00","date_gmt":"2019-05-08T15:41:00","guid":{"rendered":"https:\/\/www.speedcube.nl\/unkategorisiert\/constantin-double-trouble\/"},"modified":"2026-05-13T05:11:51","modified_gmt":"2026-05-13T03:11:51","slug":"constantin-double-trouble","status":"publish","type":"product","link":"https:\/\/www.speedcube.nl\/de\/aanbieding-de\/constantin-double-trouble\/","title":{"rendered":"Constantin Double Trouble"},"content":{"rendered":"<p>Die Herausforderung bei diesem R\u00e4tsel besteht darin, die beiden Kugeln genau zur gleichen Zeit herauszuholen. Sie wissen sofort, dass dies nicht einfach sein wird. Die beiden Zahnr\u00e4der haben unterschiedliche G\u00e4nge und werden Ihr Gehirn eine Weile besch\u00e4ftigen. Jean Claude Constantin ist zweifelsohne einer der produktivsten R\u00e4tselerfinder der letzten 30 Jahre. Dieses Problem ist es sicherlich wert, gel\u00f6st zu werden.<\/p>\n<p>Schwierigkeitsgrad: 3 Sterne<br \/>\nAbmessungen: 235 x 135 x 45 mm<br \/>\nMaterial: Holz<\/p>\n","protected":false},"excerpt":{"rendered":"<p>CONSTANTIN<\/p>\n","protected":false},"featured_media":378096,"template":"","meta":{"_improvement_type_select":"improve_an_existing","_thumb_yes_seoaic":false,"_frame_yes_seoaic":false,"seoaic_generate_description":"","seoaic_improve_instructions_prompt":"","seoaic_rollback_content_improvement":"","seoaic_idea_thumbnail_generator":"","thumbnail_generated":false,"thumbnail_generate_prompt":"","seoaic_article_description":"","product-afmeting-lengte-mm":"","product-afmeting-breedte-mm":"","product-afmeting-hoogte-mm":""},"product_brand":[],"product_cat":[2517,1227,2558],"product_tag":[],"class_list":{"0":"post-427941","1":"product","2":"type-product","3":"status-publish","4":"has-post-thumbnail","6":"product_cat-constantin-de","7":"product_cat-knobelaufgaben","8":"product_cat-aanbieding-de","9":"pa_merken-constantin-de","11":"first","12":"instock","13":"sale","14":"taxable","15":"shipping-taxable","16":"purchasable","17":"product-type-simple"},"df_price":11.97,"df_sale_price":11.97,"df_regular_price":19.95,"df_image_link":"https:\/\/www.speedcube.nl\/wp-content\/uploads\/2023\/06\/Productvisuals_Breinbrekers-Constantin-Double-Trouble-285x300.jpg","_links":{"self":[{"href":"https:\/\/www.speedcube.nl\/de\/wp-json\/wp\/v2\/product\/427941","targetHints":{"allow":["GET"]}}],"collection":[{"href":"https:\/\/www.speedcube.nl\/de\/wp-json\/wp\/v2\/product"}],"about":[{"href":"https:\/\/www.speedcube.nl\/de\/wp-json\/wp\/v2\/types\/product"}],"version-history":[{"count":0,"href":"https:\/\/www.speedcube.nl\/de\/wp-json\/wp\/v2\/product\/427941\/revisions"}],"wp:featuredmedia":[{"embeddable":true,"href":"https:\/\/www.speedcube.nl\/de\/wp-json\/wp\/v2\/media\/378096"}],"wp:attachment":[{"href":"https:\/\/www.speedcube.nl\/de\/wp-json\/wp\/v2\/media?parent=427941"}],"wp:term":[{"taxonomy":"product_brand","embeddable":true,"href":"https:\/\/www.speedcube.nl\/de\/wp-json\/wp\/v2\/product_brand?post=427941"},{"taxonomy":"product_cat","embeddable":true,"href":"https:\/\/www.speedcube.nl\/de\/wp-json\/wp\/v2\/product_cat?post=427941"},{"taxonomy":"product_tag","embeddable":true,"href":"https:\/\/www.speedcube.nl\/de\/wp-json\/wp\/v2\/product_tag?post=427941"}],"curies":[{"name":"wp","href":"https:\/\/api.w.org\/{rel}","templated":true}]}}