{"id":427934,"date":"2019-05-16T17:09:00","date_gmt":"2019-05-16T15:09:00","guid":{"rendered":"https:\/\/www.speedcube.nl\/unkategorisiert\/robotime-modernes-3d-holzpuzzle-flugzeug\/"},"modified":"2026-04-23T05:01:35","modified_gmt":"2026-04-23T03:01:35","slug":"robotime-modernes-3d-holzpuzzle-flugzeug","status":"publish","type":"product","link":"https:\/\/www.speedcube.nl\/de\/aanbieding-de\/robotime-modernes-3d-holzpuzzle-flugzeug\/","title":{"rendered":"Robotime Modernes 3D-Holzpuzzle Flugzeug"},"content":{"rendered":"<p>Dieser lustige Holzflugzeug-Bausatz hat ein einzigartiges und originelles Design. Die Bauplatten sind alle lasergeschnitten. Man muss nur die Teile von den Platten abnehmen, und sie sind sehr leicht zu montieren. Der Bau dieses Flugzeugs macht sehr viel Freude. Das Holzbastelset ist sowohl f\u00fcr Erwachsene als auch f\u00fcr Kinder ab 14 Jahren geeignet. Es ist ein tolles Kunstprojekt, das Eltern und Kinder gemeinsam durchf\u00fchren k\u00f6nnen.<\/p>\n<p>Gewicht: 0,2 kg<br \/>\nMaterial: PlayWood<br \/>\nAlter: 8+<br \/>\nProdukt mm: 210 x 176 x 121<br \/>\nVerpackung mm: 192 x 271 x 73<br \/>\nAnzahl der St\u00fccke: 145<\/p>\n","protected":false},"excerpt":{"rendered":"<p>ROBOTIME<\/p>\n","protected":false},"featured_media":377336,"template":"","meta":{"_improvement_type_select":"improve_an_existing","_thumb_yes_seoaic":false,"_frame_yes_seoaic":false,"seoaic_generate_description":"","seoaic_improve_instructions_prompt":"","seoaic_rollback_content_improvement":"","seoaic_idea_thumbnail_generator":"","thumbnail_generated":false,"thumbnail_generate_prompt":"","seoaic_article_description":"","product-afmeting-lengte-mm":"","product-afmeting-breedte-mm":"","product-afmeting-hoogte-mm":""},"product_brand":[],"product_cat":[1499,1619,2558],"product_tag":[],"class_list":{"0":"post-427934","1":"product","2":"type-product","3":"status-publish","4":"has-post-thumbnail","6":"product_cat-modellbau","7":"product_cat-robotime-de","8":"product_cat-aanbieding-de","9":"pa_merken-robotime-de","11":"first","12":"instock","13":"sale","14":"taxable","15":"shipping-taxable","16":"purchasable","17":"product-type-simple"},"df_price":7.49,"df_sale_price":7.49,"df_regular_price":9.99,"df_image_link":"https:\/\/www.speedcube.nl\/wp-content\/uploads\/2023\/06\/Productvisuals_Modelbouw-Robotime-modern-3d-houten-puzzel-vliegtuig-1-285x300.jpg","_links":{"self":[{"href":"https:\/\/www.speedcube.nl\/de\/wp-json\/wp\/v2\/product\/427934","targetHints":{"allow":["GET"]}}],"collection":[{"href":"https:\/\/www.speedcube.nl\/de\/wp-json\/wp\/v2\/product"}],"about":[{"href":"https:\/\/www.speedcube.nl\/de\/wp-json\/wp\/v2\/types\/product"}],"version-history":[{"count":0,"href":"https:\/\/www.speedcube.nl\/de\/wp-json\/wp\/v2\/product\/427934\/revisions"}],"wp:featuredmedia":[{"embeddable":true,"href":"https:\/\/www.speedcube.nl\/de\/wp-json\/wp\/v2\/media\/377336"}],"wp:attachment":[{"href":"https:\/\/www.speedcube.nl\/de\/wp-json\/wp\/v2\/media?parent=427934"}],"wp:term":[{"taxonomy":"product_brand","embeddable":true,"href":"https:\/\/www.speedcube.nl\/de\/wp-json\/wp\/v2\/product_brand?post=427934"},{"taxonomy":"product_cat","embeddable":true,"href":"https:\/\/www.speedcube.nl\/de\/wp-json\/wp\/v2\/product_cat?post=427934"},{"taxonomy":"product_tag","embeddable":true,"href":"https:\/\/www.speedcube.nl\/de\/wp-json\/wp\/v2\/product_tag?post=427934"}],"curies":[{"name":"wp","href":"https:\/\/api.w.org\/{rel}","templated":true}]}}