{"id":427931,"date":"2019-05-15T15:31:00","date_gmt":"2019-05-15T13:31:00","guid":{"rendered":"https:\/\/www.speedcube.nl\/unkategorisiert\/yoyo-formel-f0\/"},"modified":"2026-05-02T05:04:48","modified_gmt":"2026-05-02T03:04:48","slug":"yoyo-formel-f0","status":"publish","type":"product","link":"https:\/\/www.speedcube.nl\/de\/yo-yos\/yoyoformula-de\/yoyo-formel-f0\/","title":{"rendered":"Yoyo-Formel F0"},"content":{"rendered":"<p>Hier ist ein brandneues Metall f\u00fcr Anf\u00e4nger! Reaktionsschnell und einfach zu spielen!!! Yoyoformula ist eine neue Marke auf dem Markt und ihre Anf\u00e4nger machen sich gut! Sehr stark und solide! Sie k\u00f6nnen das Lager auch gegen ein Hohl- oder Mittellager austauschen, um es unempfindlich zu machen! Leicht zusammenzubauen und zu spielen.<\/p>\n<p>Lager: Gr\u00f6\u00dfe C<br \/>\nGewicht: 62,98 Gramm<br \/>\nDurchmesser: 53,99 mm<br \/>\nBreite: 38,41 mm<br \/>\n(un)ansprechbar<\/p>\n","protected":false},"excerpt":{"rendered":"<p>YOYOFORMULA<\/p>\n","protected":false},"featured_media":378232,"template":"","meta":{"_improvement_type_select":"improve_an_existing","_thumb_yes_seoaic":false,"_frame_yes_seoaic":false,"seoaic_generate_description":"","seoaic_improve_instructions_prompt":"","seoaic_rollback_content_improvement":"","seoaic_idea_thumbnail_generator":"","thumbnail_generated":false,"thumbnail_generate_prompt":"","seoaic_article_description":"","product-afmeting-lengte-mm":"","product-afmeting-breedte-mm":"","product-afmeting-hoogte-mm":""},"product_brand":[],"product_cat":[1238,2559,2558],"product_tag":[],"class_list":{"0":"post-427931","1":"product","2":"type-product","3":"status-publish","4":"has-post-thumbnail","6":"product_cat-yo-yos","7":"product_cat-yoyoformula-de","8":"product_cat-aanbieding-de","9":"pa_merken-yoyoformula-de","11":"first","12":"instock","13":"sale","14":"taxable","15":"shipping-taxable","16":"purchasable","17":"product-type-variable"},"df_price":9.48,"df_sale_price":"","df_regular_price":9.48,"df_image_link":"https:\/\/www.speedcube.nl\/wp-content\/uploads\/2023\/06\/Productvisuals_yoyo-Yoyoformula-F0-1-285x300.jpg","_links":{"self":[{"href":"https:\/\/www.speedcube.nl\/de\/wp-json\/wp\/v2\/product\/427931","targetHints":{"allow":["GET"]}}],"collection":[{"href":"https:\/\/www.speedcube.nl\/de\/wp-json\/wp\/v2\/product"}],"about":[{"href":"https:\/\/www.speedcube.nl\/de\/wp-json\/wp\/v2\/types\/product"}],"version-history":[{"count":0,"href":"https:\/\/www.speedcube.nl\/de\/wp-json\/wp\/v2\/product\/427931\/revisions"}],"wp:featuredmedia":[{"embeddable":true,"href":"https:\/\/www.speedcube.nl\/de\/wp-json\/wp\/v2\/media\/378232"}],"wp:attachment":[{"href":"https:\/\/www.speedcube.nl\/de\/wp-json\/wp\/v2\/media?parent=427931"}],"wp:term":[{"taxonomy":"product_brand","embeddable":true,"href":"https:\/\/www.speedcube.nl\/de\/wp-json\/wp\/v2\/product_brand?post=427931"},{"taxonomy":"product_cat","embeddable":true,"href":"https:\/\/www.speedcube.nl\/de\/wp-json\/wp\/v2\/product_cat?post=427931"},{"taxonomy":"product_tag","embeddable":true,"href":"https:\/\/www.speedcube.nl\/de\/wp-json\/wp\/v2\/product_tag?post=427931"}],"curies":[{"name":"wp","href":"https:\/\/api.w.org\/{rel}","templated":true}]}}