{"id":427923,"date":"2019-05-16T17:09:00","date_gmt":"2019-05-16T15:09:00","guid":{"rendered":"https:\/\/www.speedcube.nl\/unkategorisiert\/robotime-modernes-3d-holzpuzzle-klavier\/"},"modified":"2026-05-02T05:00:38","modified_gmt":"2026-05-02T03:00:38","slug":"robotime-modernes-3d-holzpuzzle-klavier","status":"publish","type":"product","link":"https:\/\/www.speedcube.nl\/de\/aanbieding-de\/robotime-modernes-3d-holzpuzzle-klavier\/","title":{"rendered":"Robotime Modernes 3D-Holzpuzzle Klavier"},"content":{"rendered":"<p>Wie cool ist dieses Robotime Grand Piano? Dieses 3D-Holzpuzzle enth\u00e4lt eine sch\u00f6ne Schrift auf dem Fl\u00fcgel, ein Notenheft, Blumen in einer Vase, Pedale und einen Hocker. Ein echter Blickfang auf Ihrem Nachttisch oder Schreibtisch. Es gibt immer mehr Spielzeug, mit dem man nicht nur spielen, sondern auch lernen kann. Es ist lehrreich und unterhaltsam zugleich. Das gilt auch f\u00fcr diese mechanischen R\u00e4tsel. Sie bringen den Kindern die Funktionsweise eines Klaviers auf sehr einfache und unterhaltsame Weise n\u00e4her. Die Holzmodellbaus\u00e4tze von Robotime sind vollst\u00e4ndig aus Holz gefertigt und in verschiedenen originellen Designs erh\u00e4ltlich.<\/p>\n<p>Gewicht: 0,2 kg<br \/>\nMaterial: PlayWood<br \/>\nAlter: 8+<br \/>\nProdukt mm: 125 x 108 x 132<br \/>\nVerpackung mm: 155 x 230 x 10<br \/>\nAnzahl der St\u00fccke: 74<\/p>\n","protected":false},"excerpt":{"rendered":"<p>ROBOTIME<\/p>\n","protected":false},"featured_media":377368,"template":"","meta":{"_improvement_type_select":"improve_an_existing","_thumb_yes_seoaic":false,"_frame_yes_seoaic":false,"seoaic_generate_description":"","seoaic_improve_instructions_prompt":"","seoaic_rollback_content_improvement":"","seoaic_idea_thumbnail_generator":"","thumbnail_generated":false,"thumbnail_generate_prompt":"","seoaic_article_description":"","product-afmeting-lengte-mm":"","product-afmeting-breedte-mm":"","product-afmeting-hoogte-mm":""},"product_brand":[],"product_cat":[1499,1619,2558],"product_tag":[],"class_list":{"0":"post-427923","1":"product","2":"type-product","3":"status-publish","4":"has-post-thumbnail","6":"product_cat-modellbau","7":"product_cat-robotime-de","8":"product_cat-aanbieding-de","9":"pa_merken-robotime-de","11":"first","12":"instock","13":"sale","14":"taxable","15":"shipping-taxable","16":"purchasable","17":"product-type-simple"},"df_price":7.49,"df_sale_price":7.49,"df_regular_price":9.99,"df_image_link":"https:\/\/www.speedcube.nl\/wp-content\/uploads\/2023\/06\/Productvisuals_Modelbouw-Robotime-modern-3d-houten-puzzel-piano-1-285x300.jpg","_links":{"self":[{"href":"https:\/\/www.speedcube.nl\/de\/wp-json\/wp\/v2\/product\/427923","targetHints":{"allow":["GET"]}}],"collection":[{"href":"https:\/\/www.speedcube.nl\/de\/wp-json\/wp\/v2\/product"}],"about":[{"href":"https:\/\/www.speedcube.nl\/de\/wp-json\/wp\/v2\/types\/product"}],"version-history":[{"count":0,"href":"https:\/\/www.speedcube.nl\/de\/wp-json\/wp\/v2\/product\/427923\/revisions"}],"wp:featuredmedia":[{"embeddable":true,"href":"https:\/\/www.speedcube.nl\/de\/wp-json\/wp\/v2\/media\/377368"}],"wp:attachment":[{"href":"https:\/\/www.speedcube.nl\/de\/wp-json\/wp\/v2\/media?parent=427923"}],"wp:term":[{"taxonomy":"product_brand","embeddable":true,"href":"https:\/\/www.speedcube.nl\/de\/wp-json\/wp\/v2\/product_brand?post=427923"},{"taxonomy":"product_cat","embeddable":true,"href":"https:\/\/www.speedcube.nl\/de\/wp-json\/wp\/v2\/product_cat?post=427923"},{"taxonomy":"product_tag","embeddable":true,"href":"https:\/\/www.speedcube.nl\/de\/wp-json\/wp\/v2\/product_tag?post=427923"}],"curies":[{"name":"wp","href":"https:\/\/api.w.org\/{rel}","templated":true}]}}