{"id":427855,"date":"2019-05-29T17:49:00","date_gmt":"2019-05-29T15:49:00","guid":{"rendered":"https:\/\/www.speedcube.nl\/unkategorisiert\/huzzle-cast-kaefig\/"},"modified":"2026-04-17T05:12:02","modified_gmt":"2026-04-17T03:12:02","slug":"huzzle-cast-kaefig","status":"publish","type":"product","link":"https:\/\/www.speedcube.nl\/de\/aanbieding-de\/huzzle-cast-kaefig\/","title":{"rendered":"Huzzle Cast K\u00e4fig"},"content":{"rendered":"<p>Dieses Messingpuzzle wurde erstmals vom Prager Professor Bakalar vorgestellt. Er lieh sein Exemplar aus, und derjenige, der es l\u00f6ste, gab es sechs Monate sp\u00e4ter zur\u00fcck. In dieser Zeit gelang es ihr, das R\u00e4tsel nachzubauen, nat\u00fcrlich mit seiner Erlaubnis! Diese Huzzle Cast Version ist m\u00f6glicherweise sogar besser als das Original. Es ist zweifelsohne eines der unterhaltsamsten R\u00e4tsel, die es gibt. Der Kerngedanke dabei ist &#8222;K\u00e4fig&#8220;.<\/p>\n<p>Alter: 12+<br \/>\nSchwierigkeitsgrad: 3 Sterne<\/p>\n","protected":false},"excerpt":{"rendered":"<p>HUZZLE<\/p>\n","protected":false},"featured_media":378590,"template":"","meta":{"_improvement_type_select":"improve_an_existing","_thumb_yes_seoaic":false,"_frame_yes_seoaic":false,"seoaic_generate_description":"","seoaic_improve_instructions_prompt":"","seoaic_rollback_content_improvement":"","seoaic_idea_thumbnail_generator":"","thumbnail_generated":false,"thumbnail_generate_prompt":"","seoaic_article_description":"","product-afmeting-lengte-mm":"","product-afmeting-breedte-mm":"","product-afmeting-hoogte-mm":""},"product_brand":[],"product_cat":[1227,1489,2558],"product_tag":[],"class_list":{"0":"post-427855","1":"product","2":"type-product","3":"status-publish","4":"has-post-thumbnail","6":"product_cat-knobelaufgaben","7":"product_cat-ratsel","8":"product_cat-aanbieding-de","9":"pa_merken-huzzle-de","11":"first","12":"instock","13":"sale","14":"taxable","15":"shipping-taxable","16":"purchasable","17":"product-type-simple"},"df_price":11.21,"df_sale_price":11.21,"df_regular_price":14.95,"df_image_link":"https:\/\/www.speedcube.nl\/wp-content\/uploads\/2023\/06\/Productvisuals_Breinbrekers-Huzzle-Cast-Cage-285x300.jpg","_links":{"self":[{"href":"https:\/\/www.speedcube.nl\/de\/wp-json\/wp\/v2\/product\/427855","targetHints":{"allow":["GET"]}}],"collection":[{"href":"https:\/\/www.speedcube.nl\/de\/wp-json\/wp\/v2\/product"}],"about":[{"href":"https:\/\/www.speedcube.nl\/de\/wp-json\/wp\/v2\/types\/product"}],"version-history":[{"count":0,"href":"https:\/\/www.speedcube.nl\/de\/wp-json\/wp\/v2\/product\/427855\/revisions"}],"wp:featuredmedia":[{"embeddable":true,"href":"https:\/\/www.speedcube.nl\/de\/wp-json\/wp\/v2\/media\/378590"}],"wp:attachment":[{"href":"https:\/\/www.speedcube.nl\/de\/wp-json\/wp\/v2\/media?parent=427855"}],"wp:term":[{"taxonomy":"product_brand","embeddable":true,"href":"https:\/\/www.speedcube.nl\/de\/wp-json\/wp\/v2\/product_brand?post=427855"},{"taxonomy":"product_cat","embeddable":true,"href":"https:\/\/www.speedcube.nl\/de\/wp-json\/wp\/v2\/product_cat?post=427855"},{"taxonomy":"product_tag","embeddable":true,"href":"https:\/\/www.speedcube.nl\/de\/wp-json\/wp\/v2\/product_tag?post=427855"}],"curies":[{"name":"wp","href":"https:\/\/api.w.org\/{rel}","templated":true}]}}