{"id":427824,"date":"2019-05-29T19:23:00","date_gmt":"2019-05-29T17:23:00","guid":{"rendered":"https:\/\/www.speedcube.nl\/unkategorisiert\/raetsel-guss-wirbel\/"},"modified":"2026-05-09T05:01:52","modified_gmt":"2026-05-09T03:01:52","slug":"raetsel-guss-wirbel","status":"publish","type":"product","link":"https:\/\/www.speedcube.nl\/de\/aanbieding-de\/raetsel-guss-wirbel\/","title":{"rendered":"R\u00e4tsel Guss Wirbel"},"content":{"rendered":"<p>Jedes St\u00fcck besteht aus einer Spirale und 2 Vorspr\u00fcngen. Nach dem Zusammenbau bilden sie ein flaches Objekt. Um dieses &#8222;Gewirr&#8220; zu entwirren, ist es notwendig, es dreidimensional zu entwirren. Der Designer lie\u00df sich von der Statue des Asura inspirieren. Asura ist ein alter indischer Gott und Besch\u00fctzer des Buddhismus. Eine Figur mit 3 Gesichtern und 6 Armen stellt die Dreifaltigkeit dar.<\/p>\n<p>Alter: 12+<br \/>\nSchwierigkeitsgrad: 6 Sterne<\/p>\n","protected":false},"excerpt":{"rendered":"<p>HUZZLE<\/p>\n","protected":false},"featured_media":378776,"template":"","meta":{"_improvement_type_select":"improve_an_existing","_thumb_yes_seoaic":false,"_frame_yes_seoaic":false,"seoaic_generate_description":"","seoaic_improve_instructions_prompt":"","seoaic_rollback_content_improvement":"","seoaic_idea_thumbnail_generator":"","thumbnail_generated":false,"thumbnail_generate_prompt":"","seoaic_article_description":"","product-afmeting-lengte-mm":"","product-afmeting-breedte-mm":"","product-afmeting-hoogte-mm":""},"product_brand":[],"product_cat":[1227,1489,2558],"product_tag":[],"class_list":{"0":"post-427824","1":"product","2":"type-product","3":"status-publish","4":"has-post-thumbnail","6":"product_cat-knobelaufgaben","7":"product_cat-ratsel","8":"product_cat-aanbieding-de","9":"pa_merken-huzzle-de","11":"first","12":"instock","13":"sale","14":"taxable","15":"shipping-taxable","16":"purchasable","17":"product-type-simple"},"df_price":9.57,"df_sale_price":9.57,"df_regular_price":15.95,"df_image_link":"https:\/\/www.speedcube.nl\/wp-content\/uploads\/2023\/06\/Productvisuals_Breinbrekers-Huzzle-Cast-Vortex-285x300.jpg","_links":{"self":[{"href":"https:\/\/www.speedcube.nl\/de\/wp-json\/wp\/v2\/product\/427824","targetHints":{"allow":["GET"]}}],"collection":[{"href":"https:\/\/www.speedcube.nl\/de\/wp-json\/wp\/v2\/product"}],"about":[{"href":"https:\/\/www.speedcube.nl\/de\/wp-json\/wp\/v2\/types\/product"}],"version-history":[{"count":0,"href":"https:\/\/www.speedcube.nl\/de\/wp-json\/wp\/v2\/product\/427824\/revisions"}],"wp:featuredmedia":[{"embeddable":true,"href":"https:\/\/www.speedcube.nl\/de\/wp-json\/wp\/v2\/media\/378776"}],"wp:attachment":[{"href":"https:\/\/www.speedcube.nl\/de\/wp-json\/wp\/v2\/media?parent=427824"}],"wp:term":[{"taxonomy":"product_brand","embeddable":true,"href":"https:\/\/www.speedcube.nl\/de\/wp-json\/wp\/v2\/product_brand?post=427824"},{"taxonomy":"product_cat","embeddable":true,"href":"https:\/\/www.speedcube.nl\/de\/wp-json\/wp\/v2\/product_cat?post=427824"},{"taxonomy":"product_tag","embeddable":true,"href":"https:\/\/www.speedcube.nl\/de\/wp-json\/wp\/v2\/product_tag?post=427824"}],"curies":[{"name":"wp","href":"https:\/\/api.w.org\/{rel}","templated":true}]}}