{"id":427817,"date":"2019-05-29T19:16:00","date_gmt":"2019-05-29T17:16:00","guid":{"rendered":"https:\/\/www.speedcube.nl\/unkategorisiert\/raetselbesetzung-enigma\/"},"modified":"2026-05-09T05:01:52","modified_gmt":"2026-05-09T03:01:52","slug":"raetselbesetzung-enigma","status":"publish","type":"product","link":"https:\/\/www.speedcube.nl\/de\/aanbieding-de\/raetselbesetzung-enigma\/","title":{"rendered":"R\u00e4tselbesetzung Enigma"},"content":{"rendered":"<p>Puzzle von Eldon Vaugh, 1975 in Amerika patentiert. Bei dieser Denksportaufgabe m\u00fcssen die Wirbeltierteile auseinandergenommen und wieder zusammengesetzt werden. Eine etwas kleinere Version dieses R\u00e4tsels wurde vor etwa 20 Jahren in Amerika auf den Markt gebracht, galt damals aber als unl\u00f6sbar. Dann kam eine neue Version unter Lizenz f\u00fcr die &#8222;Huzzle Cast Puzzle&#8220;-Serie, die unter Beibehaltung des Schwierigkeitsgrads des Originalmodells hergestellt wurde. Dies ist zweifelsohne eine der schwierigsten Aufgaben. Das Schl\u00fcsselwort ist &#8222;Spin&#8220;. Wenden Sie nicht zu viel Kraft an, die Teile sollten auseinander gleiten.<\/p>\n<p>Alter: 12+<br \/>\nSchwierigkeitsgrad: 6 Sterne<\/p>\n","protected":false},"excerpt":{"rendered":"<p>HUZZLE<\/p>\n","protected":false},"featured_media":378752,"template":"","meta":{"_improvement_type_select":"improve_an_existing","_thumb_yes_seoaic":false,"_frame_yes_seoaic":false,"seoaic_generate_description":"","seoaic_improve_instructions_prompt":"","seoaic_rollback_content_improvement":"","seoaic_idea_thumbnail_generator":"","thumbnail_generated":false,"thumbnail_generate_prompt":"","seoaic_article_description":"","product-afmeting-lengte-mm":"","product-afmeting-breedte-mm":"","product-afmeting-hoogte-mm":""},"product_brand":[],"product_cat":[1227,1489,2558],"product_tag":[],"class_list":{"0":"post-427817","1":"product","2":"type-product","3":"status-publish","4":"has-post-thumbnail","6":"product_cat-knobelaufgaben","7":"product_cat-ratsel","8":"product_cat-aanbieding-de","9":"pa_merken-huzzle-de","11":"first","12":"instock","13":"sale","14":"taxable","15":"shipping-taxable","16":"purchasable","17":"product-type-simple"},"df_price":9.57,"df_sale_price":9.57,"df_regular_price":15.95,"df_image_link":"https:\/\/www.speedcube.nl\/wp-content\/uploads\/2023\/06\/Productvisuals_Breinbrekers-Huzzle-Cast-Enigma-285x300.jpg","_links":{"self":[{"href":"https:\/\/www.speedcube.nl\/de\/wp-json\/wp\/v2\/product\/427817","targetHints":{"allow":["GET"]}}],"collection":[{"href":"https:\/\/www.speedcube.nl\/de\/wp-json\/wp\/v2\/product"}],"about":[{"href":"https:\/\/www.speedcube.nl\/de\/wp-json\/wp\/v2\/types\/product"}],"version-history":[{"count":0,"href":"https:\/\/www.speedcube.nl\/de\/wp-json\/wp\/v2\/product\/427817\/revisions"}],"wp:featuredmedia":[{"embeddable":true,"href":"https:\/\/www.speedcube.nl\/de\/wp-json\/wp\/v2\/media\/378752"}],"wp:attachment":[{"href":"https:\/\/www.speedcube.nl\/de\/wp-json\/wp\/v2\/media?parent=427817"}],"wp:term":[{"taxonomy":"product_brand","embeddable":true,"href":"https:\/\/www.speedcube.nl\/de\/wp-json\/wp\/v2\/product_brand?post=427817"},{"taxonomy":"product_cat","embeddable":true,"href":"https:\/\/www.speedcube.nl\/de\/wp-json\/wp\/v2\/product_cat?post=427817"},{"taxonomy":"product_tag","embeddable":true,"href":"https:\/\/www.speedcube.nl\/de\/wp-json\/wp\/v2\/product_tag?post=427817"}],"curies":[{"name":"wp","href":"https:\/\/api.w.org\/{rel}","templated":true}]}}