{"id":427816,"date":"2019-05-29T19:07:00","date_gmt":"2019-05-29T17:07:00","guid":{"rendered":"https:\/\/www.speedcube.nl\/unkategorisiert\/raetsel-guss-helix\/"},"modified":"2026-05-03T05:26:06","modified_gmt":"2026-05-03T03:26:06","slug":"raetsel-guss-helix","status":"publish","type":"product","link":"https:\/\/www.speedcube.nl\/de\/aanbieding-de\/raetsel-guss-helix\/","title":{"rendered":"R\u00e4tsel Guss Helix"},"content":{"rendered":"<p>Die in die beiden rotierenden Platten eingezeichneten Rillen werden als &#8222;logarithmische Spiralen&#8220; bezeichnet. Diese beiden Rillen kreuzen sich immer rechtwinklig und man erh\u00e4lt eine quadratische \u00d6ffnung an der Kreuzungsstelle. Das Ziel dieses R\u00e4tsels ist es, die Steine durch die quadratische \u00d6ffnung zu entfernen. Die Inspiration f\u00fcr dieses R\u00e4tsel ist die Morgend\u00e4mmerung. Das Design ahmt die Knospung einer Bl\u00fctenknospe zwischen verschlungenen Ranken nach. Das urspr\u00fcngliche Konzept stammt aus dem Jahr 1990, wurde aber durch zus\u00e4tzliche Recherchen erg\u00e4nzt. Das Thema dieses R\u00e4tsels ist &#8222;Blume&#8220;.<\/p>\n<p>Alter: 12+<br \/>\nSchwierigkeitsgrad: 5 Sterne<\/p>\n","protected":false},"excerpt":{"rendered":"<p>HUZZLE<\/p>\n","protected":false},"featured_media":378722,"template":"","meta":{"_improvement_type_select":"improve_an_existing","_thumb_yes_seoaic":false,"_frame_yes_seoaic":false,"seoaic_generate_description":"","seoaic_improve_instructions_prompt":"","seoaic_rollback_content_improvement":"","seoaic_idea_thumbnail_generator":"","thumbnail_generated":false,"thumbnail_generate_prompt":"","seoaic_article_description":"","product-afmeting-lengte-mm":"","product-afmeting-breedte-mm":"","product-afmeting-hoogte-mm":""},"product_brand":[],"product_cat":[1227,1489,2558],"product_tag":[],"class_list":{"0":"post-427816","1":"product","2":"type-product","3":"status-publish","4":"has-post-thumbnail","6":"product_cat-knobelaufgaben","7":"product_cat-ratsel","8":"product_cat-aanbieding-de","9":"pa_merken-huzzle-de","11":"first","12":"instock","13":"sale","14":"taxable","15":"shipping-taxable","16":"purchasable","17":"product-type-simple"},"df_price":11.96,"df_sale_price":11.96,"df_regular_price":15.95,"df_image_link":"https:\/\/www.speedcube.nl\/wp-content\/uploads\/2023\/06\/Productvisuals_Breinbrekers-Huzzle-Cast-Helix-285x300.jpg","_links":{"self":[{"href":"https:\/\/www.speedcube.nl\/de\/wp-json\/wp\/v2\/product\/427816","targetHints":{"allow":["GET"]}}],"collection":[{"href":"https:\/\/www.speedcube.nl\/de\/wp-json\/wp\/v2\/product"}],"about":[{"href":"https:\/\/www.speedcube.nl\/de\/wp-json\/wp\/v2\/types\/product"}],"version-history":[{"count":0,"href":"https:\/\/www.speedcube.nl\/de\/wp-json\/wp\/v2\/product\/427816\/revisions"}],"wp:featuredmedia":[{"embeddable":true,"href":"https:\/\/www.speedcube.nl\/de\/wp-json\/wp\/v2\/media\/378722"}],"wp:attachment":[{"href":"https:\/\/www.speedcube.nl\/de\/wp-json\/wp\/v2\/media?parent=427816"}],"wp:term":[{"taxonomy":"product_brand","embeddable":true,"href":"https:\/\/www.speedcube.nl\/de\/wp-json\/wp\/v2\/product_brand?post=427816"},{"taxonomy":"product_cat","embeddable":true,"href":"https:\/\/www.speedcube.nl\/de\/wp-json\/wp\/v2\/product_cat?post=427816"},{"taxonomy":"product_tag","embeddable":true,"href":"https:\/\/www.speedcube.nl\/de\/wp-json\/wp\/v2\/product_tag?post=427816"}],"curies":[{"name":"wp","href":"https:\/\/api.w.org\/{rel}","templated":true}]}}