{"id":427808,"date":"2019-07-05T09:55:00","date_gmt":"2019-07-05T07:55:00","guid":{"rendered":"https:\/\/www.speedcube.nl\/unkategorisiert\/moyu-meilong-megaminx-2x2\/"},"modified":"2026-04-03T05:03:39","modified_gmt":"2026-04-03T03:03:39","slug":"moyu-meilong-megaminx-2x2","status":"publish","type":"product","link":"https:\/\/www.speedcube.nl\/de\/speedcube-de\/megaminx-de\/moyu-meilong-megaminx-2x2\/","title":{"rendered":"Moyu Meilong Megaminx 2&#215;2"},"content":{"rendered":"<p>Der MoYu MeiLong Megaminx 2&#215;2 ist ein W\u00fcrfel aus der MoYu-Budgetlinie. Wenn Sie zum ersten Mal mit der L\u00f6sung eines Megaminx beginnen, ist dies definitiv zu empfehlen! Viele W\u00fcrfelspieler sind irgendwann Experten im L\u00f6sen des Standardw\u00fcrfels 3&#215;3 und m\u00f6chten etwas anderes ausprobieren. Dann ist dieses Megaminx 2&#215;2 sehr geeignet! F\u00fcr einen g\u00fcnstigen Preis k\u00f6nnen Sie sich immer wieder aufs Neue herausfordern.<\/p>\n","protected":false},"excerpt":{"rendered":"<p>MOYU<\/p>\n","protected":false},"featured_media":379176,"template":"","meta":{"_improvement_type_select":"improve_an_existing","_thumb_yes_seoaic":false,"_frame_yes_seoaic":false,"seoaic_generate_description":"","seoaic_improve_instructions_prompt":"","seoaic_rollback_content_improvement":"","seoaic_idea_thumbnail_generator":"","thumbnail_generated":false,"thumbnail_generate_prompt":"","seoaic_article_description":"","product-afmeting-lengte-mm":"","product-afmeting-breedte-mm":"","product-afmeting-hoogte-mm":""},"product_brand":[],"product_cat":[1378,1332,1211],"product_tag":[],"class_list":{"0":"post-427808","1":"product","2":"type-product","3":"status-publish","4":"has-post-thumbnail","6":"product_cat-megaminx-de","7":"product_cat-moyu-de","8":"product_cat-speedcube-de","9":"pa_merken-moyu-de","11":"first","12":"instock","13":"taxable","14":"shipping-taxable","15":"purchasable","16":"product-type-simple"},"df_price":12.95,"df_sale_price":"","df_regular_price":12.95,"df_image_link":"https:\/\/www.speedcube.nl\/wp-content\/uploads\/2023\/06\/Productvisuals_Speedcubes-moyu-meilong-megaminx-2x2-1-285x300.jpg","_links":{"self":[{"href":"https:\/\/www.speedcube.nl\/de\/wp-json\/wp\/v2\/product\/427808","targetHints":{"allow":["GET"]}}],"collection":[{"href":"https:\/\/www.speedcube.nl\/de\/wp-json\/wp\/v2\/product"}],"about":[{"href":"https:\/\/www.speedcube.nl\/de\/wp-json\/wp\/v2\/types\/product"}],"version-history":[{"count":0,"href":"https:\/\/www.speedcube.nl\/de\/wp-json\/wp\/v2\/product\/427808\/revisions"}],"wp:featuredmedia":[{"embeddable":true,"href":"https:\/\/www.speedcube.nl\/de\/wp-json\/wp\/v2\/media\/379176"}],"wp:attachment":[{"href":"https:\/\/www.speedcube.nl\/de\/wp-json\/wp\/v2\/media?parent=427808"}],"wp:term":[{"taxonomy":"product_brand","embeddable":true,"href":"https:\/\/www.speedcube.nl\/de\/wp-json\/wp\/v2\/product_brand?post=427808"},{"taxonomy":"product_cat","embeddable":true,"href":"https:\/\/www.speedcube.nl\/de\/wp-json\/wp\/v2\/product_cat?post=427808"},{"taxonomy":"product_tag","embeddable":true,"href":"https:\/\/www.speedcube.nl\/de\/wp-json\/wp\/v2\/product_tag?post=427808"}],"curies":[{"name":"wp","href":"https:\/\/api.w.org\/{rel}","templated":true}]}}